 {"id":14521,"date":"2020-02-12T15:22:29","date_gmt":"2020-02-12T14:22:29","guid":{"rendered":"http:\/\/nauticescala.com\/activitat\/cruising-guided-route\/"},"modified":"2022-12-27T14:01:48","modified_gmt":"2022-12-27T13:01:48","slug":"route-guidee-habitable-plaisance","status":"publish","type":"product","link":"https:\/\/nauticescala.com\/fr\/reservez-votre-activites-costa-brava\/route-guidee-habitable-plaisance\/","title":{"rendered":"Location Habitable Plaisance avec Skipper"},"content":{"rendered":"\n                            <div class=\"accordion-block\">\n                    <div id=\"accordion\" class=\"accordion\">\n                                                                            <div class=\"card\">\n                                <div class=\"card-header\">\n                                    <h3>\n                                        <a href=\"#\" class=\"collapsed\" data-toggle=\"collapse\" data-target=\"#collapse-01\" aria-expanded=\"true\"><i class=\"ico-opener\">&nbsp;<\/i>L&rsquo;activit\u00e9 comprend<\/a>\n                                    <\/h3>\n                                <\/div><!-- end card-header -->\n                                <div id=\"collapse-01\" class=\"collapse\">\n                                                                    <div class=\"card-body\">\n\n                                        \n                                            \n                                                                                                    \n                                                                                                                                                                    \n                                                                                                                                                                                                                                                                <ul class=\"unordered-list two-cols-text\">\n                                                                                                                                                                                                                                    <li>Bateau<\/li>\n                                                                                                                                                                                                                                                                                                                <li>Skipper<\/li>\n                                                                                                                                                                                                                                                                                                                <li>Gilet de sauvetage<\/li>\n                                                                                                                                                                                                                                                                                                                <li>V\u00eatements imperm\u00e9ables (si n\u00e9cessaire)<\/li>\n                                                                                                                                                                                                                                                                                                                <li>Assurance<\/li>\n                                                                                                                                                                                                                        <\/ul><!-- end unordered-list -->\n                                                                                                                                                                                                                                                 \n                                                    \n                                                \n                                            \n                                        \n                                    <\/div><!-- end card-body -->\n                                <\/div><!-- end collapse -->\n                            <\/div><!-- end card -->\n                                                                                <div class=\"card\">\n                                <div class=\"card-header\">\n                                    <h3>\n                                        <a href=\"#\" class=\"collapsed\" data-toggle=\"collapse\" data-target=\"#collapse-02\" aria-expanded=\"true\"><i class=\"ico-opener\">&nbsp;<\/i>Quoi apporter?<\/a>\n                                    <\/h3>\n                                <\/div><!-- end card-header -->\n                                <div id=\"collapse-02\" class=\"collapse\">\n                                                                    <div class=\"card-body\">\n\n                                        \n                                            \n                                                                                                    \n                                                                                                                                                                    \n                                                                                                                                                                                                                                                                <ul class=\"unordered-list two-cols-text\">\n                                                                                                                                                                                                                                    <li>Maillot de bain<\/li>\n                                                                                                                                                                                                                                                                                                                <li>Serviette<\/li>\n                                                                                                                                                                                                                                                                                                                <li>Coupe-vent (si n\u00e9cessaire)<\/li>\n                                                                                                                                                                                                                                                                                                                <li>Chaussures et v\u00eatements confortables<\/li>\n                                                                                                                                                                                                                                                                                                                <li>Bouteille d&rsquo;eau<\/li>\n                                                                                                                                                                                                                                                                                                                <li>Cr\u00e8me solaire<\/li>\n                                                                                                                                                                                                                                                                                                                <li>D\u00e9jeuner<\/li>\n                                                                                                                                                                                                                        <\/ul><!-- end unordered-list -->\n                                                                                                                                                                                                                                                 \n                                                    \n                                                \n                                            \n                                        \n                                    <\/div><!-- end card-body -->\n                                <\/div><!-- end collapse -->\n                            <\/div><!-- end card -->\n                                                                                <div class=\"card\">\n                                <div class=\"card-header\">\n                                    <h3>\n                                        <a href=\"#\" class=\"collapsed\" data-toggle=\"collapse\" data-target=\"#collapse-03\" aria-expanded=\"true\"><i class=\"ico-opener\">&nbsp;<\/i>Remises<\/a>\n                                    <\/h3>\n                                <\/div><!-- end card-header -->\n                                <div id=\"collapse-03\" class=\"collapse\">\n                                                                    <div class=\"card-body\">\n\n                                        \n                                            \n                                                                                                    \n                                                                                                                                                                        <div class=\"two-cols-text\">\n                                                                                                                \n                                                                                                                                                                                                                                                                <ul class=\"unordered-list\">\n                                                                                                                                                                                                                                    <li>15% adh\u00e9rent du Club<\/li>\n                                                                                                                                                                                                                        <\/ul><!-- end unordered-list -->\n                                                                                                                                                                                                                                                        <\/div><!-- end two-cols-text -->\n                                                                                                                     \n                                                    \n                                                \n                                            \n                                        \n                                    <\/div><!-- end card-body -->\n                                <\/div><!-- end collapse -->\n                            <\/div><!-- end card -->\n                                                                        <\/div><!-- end accordion -->\n                <\/div><!-- end accordion-block -->\n            \n<section class=\"article-section\"><div class=\"container\">\n\n<\/div><\/section>\t<div class=\"slideshow-item\">\n\t    <div class=\"slideshow-offset\">\n\t        <div class=\"slides\">\n\t        \t\t\t            <div class=\"slide\">\n\t\t                <figure class=\"image\">\n\t\t                    <img decoding=\"async\" src=\"https:\/\/nauticescala.com\/wp-content\/uploads\/2022\/12\/2021-club-nautic-lescala-ruta-de-la-tramuntana-regates-38.jpg\" alt=\"\">\n\t\t                <\/figure><!-- end image -->\n\t\t            <\/div><!-- end slide -->\t        \t\t\n\t        \t\t\t            <div class=\"slide\">\n\t\t                <figure class=\"image\">\n\t\t                    <img decoding=\"async\" src=\"https:\/\/nauticescala.com\/wp-content\/uploads\/2020\/02\/2020-club-nautic-lescala-18-1.jpg\" alt=\"Club Nautic l'Escala-Ruta Guiada-Costa Brava-creuer-c-Top Sailing Charter-Arxiu Imatges PTCBG\">\n\t\t                <\/figure><!-- end image -->\n\t\t            <\/div><!-- end slide -->\t        \t\t\n\t        \t\t\t            <div class=\"slide\">\n\t\t                <figure class=\"image\">\n\t\t                    <img decoding=\"async\" src=\"https:\/\/nauticescala.com\/wp-content\/uploads\/2020\/02\/2020-club-nautic-lescala-19.jpg\" alt=\"Club Nautic l'Escala-creuer-Ruta Guiada-Costa Brava-creuer-c-Javi Cabrera-Arxiu Imatges PTCBG\">\n\t\t                <\/figure><!-- end image -->\n\t\t            <\/div><!-- end slide -->\t        \t\t\n\t        \t\t\t            <div class=\"slide\">\n\t\t                <figure class=\"image\">\n\t\t                    <img decoding=\"async\" src=\"https:\/\/nauticescala.com\/wp-content\/uploads\/2020\/04\/2014-cn-lescala-creuer-4.jpg\" alt=\"\">\n\t\t                <\/figure><!-- end image -->\n\t\t            <\/div><!-- end slide -->\t        \t\t\n\t        \t\t\t            <div class=\"slide\">\n\t\t                <figure class=\"image\">\n\t\t                    <img decoding=\"async\" src=\"https:\/\/nauticescala.com\/wp-content\/uploads\/2020\/02\/2022-club-nautic-lescala-creuer-64.jpg\" alt=\"\">\n\t\t                <\/figure><!-- end image -->\n\t\t            <\/div><!-- end slide -->\t        \t\t\n\t        \t\t\t            <div class=\"slide\">\n\t\t                <figure class=\"image\">\n\t\t                    <img decoding=\"async\" src=\"https:\/\/nauticescala.com\/wp-content\/uploads\/2020\/02\/2022-club-nautic-lescala-creuer-63.jpg\" alt=\"\">\n\t\t                <\/figure><!-- end image -->\n\t\t            <\/div><!-- end slide -->\t        \t\t\n\t        \t\t           \n\t        <\/div><!-- end slides -->\n\t    <\/div><!-- end slideshow-offset -->\n\t<\/div><!-- end slideshow-item -->\n","protected":false},"excerpt":{"rendered":"<p>Dur\u00e9e: 6 h<br \/>\u00c2ge: \u00e0 partir de 4 ans<\/p>\n","protected":false},"featured_media":47976,"template":"","meta":{"_acf_changed":false,"_monsterinsights_skip_tracking":false,"_monsterinsights_sitenote_active":false,"_monsterinsights_sitenote_note":"","_monsterinsights_sitenote_category":0},"product_brand":[],"product_cat":[792],"product_tag":[],"activity_type":[335],"level":[341],"age":[485],"modality":[425],"payment_method":[],"class_list":{"0":"post-14521","1":"product","2":"type-product","3":"status-publish","4":"has-post-thumbnail","6":"product_cat-non-classifiee","7":"activity_type-lloguer","8":"level-basic","9":"age-familiar","10":"modality-creuer","12":"first","13":"instock","14":"virtual","15":"sold-individually","16":"purchasable","17":"product-type-simple"},"acf":[],"yoast_head":"<!-- This site is optimized with the Yoast SEO Premium plugin v20.7 (Yoast SEO v27.3) - https:\/\/yoast.com\/product\/yoast-seo-premium-wordpress\/ -->\n<title>Location Habitable Plaisance avec Skipper &#8211; Club N\u00e0utic L\u2019Escala<\/title>\n<meta name=\"description\" content=\"D\u00e9couvrez la Costa Brava depuis la mer \u00e0 bord d&#039;un voilier. Vous apprendrez \u00e0 naviguer dans le meilleur environnement. Excursions personnalis\u00e9es.\" \/>\n<meta name=\"robots\" content=\"index, follow, max-snippet:-1, max-image-preview:large, max-video-preview:-1\" \/>\n<link rel=\"canonical\" href=\"https:\/\/nauticescala.com\/fr\/reservez-votre-activites-costa-brava\/route-guidee-habitable-plaisance\/\" \/>\n<meta property=\"og:locale\" content=\"fr_FR\" \/>\n<meta property=\"og:type\" content=\"article\" \/>\n<meta property=\"og:title\" content=\"Location Habitable Plaisance avec Skipper\" \/>\n<meta property=\"og:description\" content=\"D\u00e9couvrez la Costa Brava depuis la mer \u00e0 bord d&#039;un voilier. Vous apprendrez \u00e0 naviguer dans le meilleur environnement. Excursions personnalis\u00e9es.\" \/>\n<meta property=\"og:url\" content=\"https:\/\/nauticescala.com\/fr\/reservez-votre-activites-costa-brava\/route-guidee-habitable-plaisance\/\" \/>\n<meta property=\"og:site_name\" content=\"Club N\u00e0utic L\u2019Escala\" \/>\n<meta property=\"article:modified_time\" content=\"2022-12-27T13:01:48+00:00\" \/>\n<meta property=\"og:image\" content=\"https:\/\/nauticescala.com\/wp-content\/uploads\/2020\/02\/2021-club-nautic-lescala-creuer-12.jpg\" \/>\n\t<meta property=\"og:image:width\" content=\"1800\" \/>\n\t<meta property=\"og:image:height\" content=\"907\" \/>\n\t<meta property=\"og:image:type\" content=\"image\/jpeg\" \/>\n<meta name=\"twitter:card\" content=\"summary_large_image\" \/>\n<script type=\"application\/ld+json\" class=\"yoast-schema-graph\">{\"@context\":\"https:\\\/\\\/schema.org\",\"@graph\":[{\"@type\":\"WebPage\",\"@id\":\"https:\\\/\\\/nauticescala.com\\\/fr\\\/reservez-votre-activites-costa-brava\\\/route-guidee-habitable-plaisance\\\/\",\"url\":\"https:\\\/\\\/nauticescala.com\\\/fr\\\/reservez-votre-activites-costa-brava\\\/route-guidee-habitable-plaisance\\\/\",\"name\":\"Location Habitable Plaisance avec Skipper &#8211; Club N\u00e0utic L\u2019Escala\",\"isPartOf\":{\"@id\":\"https:\\\/\\\/nauticescala.com\\\/#website\"},\"primaryImageOfPage\":{\"@id\":\"https:\\\/\\\/nauticescala.com\\\/fr\\\/reservez-votre-activites-costa-brava\\\/route-guidee-habitable-plaisance\\\/#primaryimage\"},\"image\":{\"@id\":\"https:\\\/\\\/nauticescala.com\\\/fr\\\/reservez-votre-activites-costa-brava\\\/route-guidee-habitable-plaisance\\\/#primaryimage\"},\"thumbnailUrl\":\"https:\\\/\\\/nauticescala.com\\\/wp-content\\\/uploads\\\/2020\\\/02\\\/2021-club-nautic-lescala-creuer-12.jpg\",\"datePublished\":\"2020-02-12T14:22:29+00:00\",\"dateModified\":\"2022-12-27T13:01:48+00:00\",\"description\":\"D\u00e9couvrez la Costa Brava depuis la mer \u00e0 bord d'un voilier. Vous apprendrez \u00e0 naviguer dans le meilleur environnement. Excursions personnalis\u00e9es.\",\"breadcrumb\":{\"@id\":\"https:\\\/\\\/nauticescala.com\\\/fr\\\/reservez-votre-activites-costa-brava\\\/route-guidee-habitable-plaisance\\\/#breadcrumb\"},\"inLanguage\":\"fr-FR\",\"potentialAction\":[{\"@type\":\"ReadAction\",\"target\":[\"https:\\\/\\\/nauticescala.com\\\/fr\\\/reservez-votre-activites-costa-brava\\\/route-guidee-habitable-plaisance\\\/\"]}]},{\"@type\":\"ImageObject\",\"inLanguage\":\"fr-FR\",\"@id\":\"https:\\\/\\\/nauticescala.com\\\/fr\\\/reservez-votre-activites-costa-brava\\\/route-guidee-habitable-plaisance\\\/#primaryimage\",\"url\":\"https:\\\/\\\/nauticescala.com\\\/wp-content\\\/uploads\\\/2020\\\/02\\\/2021-club-nautic-lescala-creuer-12.jpg\",\"contentUrl\":\"https:\\\/\\\/nauticescala.com\\\/wp-content\\\/uploads\\\/2020\\\/02\\\/2021-club-nautic-lescala-creuer-12.jpg\",\"width\":1800,\"height\":907},{\"@type\":\"BreadcrumbList\",\"@id\":\"https:\\\/\\\/nauticescala.com\\\/fr\\\/reservez-votre-activites-costa-brava\\\/route-guidee-habitable-plaisance\\\/#breadcrumb\",\"itemListElement\":[{\"@type\":\"ListItem\",\"position\":1,\"name\":\"Home\",\"item\":\"https:\\\/\\\/nauticescala.com\\\/fr\\\/\"},{\"@type\":\"ListItem\",\"position\":2,\"name\":\"Reservez votre activit\u00e9s sur la Costa Brava\",\"item\":\"https:\\\/\\\/nauticescala.com\\\/fr\\\/reservez-votre-activites-sur-la-costa-brava\\\/\"},{\"@type\":\"ListItem\",\"position\":3,\"name\":\"Location Habitable Plaisance avec Skipper\"}]},{\"@type\":\"WebSite\",\"@id\":\"https:\\\/\\\/nauticescala.com\\\/#website\",\"url\":\"https:\\\/\\\/nauticescala.com\\\/\",\"name\":\"Club N\u00e0utic L\u2019Escala\",\"description\":\"Port esportiu a la Costa Brava\",\"potentialAction\":[{\"@type\":\"SearchAction\",\"target\":{\"@type\":\"EntryPoint\",\"urlTemplate\":\"https:\\\/\\\/nauticescala.com\\\/?s={search_term_string}\"},\"query-input\":{\"@type\":\"PropertyValueSpecification\",\"valueRequired\":true,\"valueName\":\"search_term_string\"}}],\"inLanguage\":\"fr-FR\"}]}<\/script>\n<!-- \/ Yoast SEO Premium plugin. -->","yoast_head_json":{"title":"Location Habitable Plaisance avec Skipper &#8211; Club N\u00e0utic L\u2019Escala","description":"D\u00e9couvrez la Costa Brava depuis la mer \u00e0 bord d'un voilier. Vous apprendrez \u00e0 naviguer dans le meilleur environnement. Excursions personnalis\u00e9es.","robots":{"index":"index","follow":"follow","max-snippet":"max-snippet:-1","max-image-preview":"max-image-preview:large","max-video-preview":"max-video-preview:-1"},"canonical":"https:\/\/nauticescala.com\/fr\/reservez-votre-activites-costa-brava\/route-guidee-habitable-plaisance\/","og_locale":"fr_FR","og_type":"article","og_title":"Location Habitable Plaisance avec Skipper","og_description":"D\u00e9couvrez la Costa Brava depuis la mer \u00e0 bord d'un voilier. Vous apprendrez \u00e0 naviguer dans le meilleur environnement. Excursions personnalis\u00e9es.","og_url":"https:\/\/nauticescala.com\/fr\/reservez-votre-activites-costa-brava\/route-guidee-habitable-plaisance\/","og_site_name":"Club N\u00e0utic L\u2019Escala","article_modified_time":"2022-12-27T13:01:48+00:00","og_image":[{"width":1800,"height":907,"url":"https:\/\/nauticescala.com\/wp-content\/uploads\/2020\/02\/2021-club-nautic-lescala-creuer-12.jpg","type":"image\/jpeg"}],"twitter_card":"summary_large_image","schema":{"@context":"https:\/\/schema.org","@graph":[{"@type":"WebPage","@id":"https:\/\/nauticescala.com\/fr\/reservez-votre-activites-costa-brava\/route-guidee-habitable-plaisance\/","url":"https:\/\/nauticescala.com\/fr\/reservez-votre-activites-costa-brava\/route-guidee-habitable-plaisance\/","name":"Location Habitable Plaisance avec Skipper &#8211; Club N\u00e0utic L\u2019Escala","isPartOf":{"@id":"https:\/\/nauticescala.com\/#website"},"primaryImageOfPage":{"@id":"https:\/\/nauticescala.com\/fr\/reservez-votre-activites-costa-brava\/route-guidee-habitable-plaisance\/#primaryimage"},"image":{"@id":"https:\/\/nauticescala.com\/fr\/reservez-votre-activites-costa-brava\/route-guidee-habitable-plaisance\/#primaryimage"},"thumbnailUrl":"https:\/\/nauticescala.com\/wp-content\/uploads\/2020\/02\/2021-club-nautic-lescala-creuer-12.jpg","datePublished":"2020-02-12T14:22:29+00:00","dateModified":"2022-12-27T13:01:48+00:00","description":"D\u00e9couvrez la Costa Brava depuis la mer \u00e0 bord d'un voilier. Vous apprendrez \u00e0 naviguer dans le meilleur environnement. Excursions personnalis\u00e9es.","breadcrumb":{"@id":"https:\/\/nauticescala.com\/fr\/reservez-votre-activites-costa-brava\/route-guidee-habitable-plaisance\/#breadcrumb"},"inLanguage":"fr-FR","potentialAction":[{"@type":"ReadAction","target":["https:\/\/nauticescala.com\/fr\/reservez-votre-activites-costa-brava\/route-guidee-habitable-plaisance\/"]}]},{"@type":"ImageObject","inLanguage":"fr-FR","@id":"https:\/\/nauticescala.com\/fr\/reservez-votre-activites-costa-brava\/route-guidee-habitable-plaisance\/#primaryimage","url":"https:\/\/nauticescala.com\/wp-content\/uploads\/2020\/02\/2021-club-nautic-lescala-creuer-12.jpg","contentUrl":"https:\/\/nauticescala.com\/wp-content\/uploads\/2020\/02\/2021-club-nautic-lescala-creuer-12.jpg","width":1800,"height":907},{"@type":"BreadcrumbList","@id":"https:\/\/nauticescala.com\/fr\/reservez-votre-activites-costa-brava\/route-guidee-habitable-plaisance\/#breadcrumb","itemListElement":[{"@type":"ListItem","position":1,"name":"Home","item":"https:\/\/nauticescala.com\/fr\/"},{"@type":"ListItem","position":2,"name":"Reservez votre activit\u00e9s sur la Costa Brava","item":"https:\/\/nauticescala.com\/fr\/reservez-votre-activites-sur-la-costa-brava\/"},{"@type":"ListItem","position":3,"name":"Location Habitable Plaisance avec Skipper"}]},{"@type":"WebSite","@id":"https:\/\/nauticescala.com\/#website","url":"https:\/\/nauticescala.com\/","name":"Club N\u00e0utic L\u2019Escala","description":"Port esportiu a la Costa Brava","potentialAction":[{"@type":"SearchAction","target":{"@type":"EntryPoint","urlTemplate":"https:\/\/nauticescala.com\/?s={search_term_string}"},"query-input":{"@type":"PropertyValueSpecification","valueRequired":true,"valueName":"search_term_string"}}],"inLanguage":"fr-FR"}]}},"_links":{"self":[{"href":"https:\/\/nauticescala.com\/fr\/wp-json\/wp\/v2\/product\/14521","targetHints":{"allow":["GET"]}}],"collection":[{"href":"https:\/\/nauticescala.com\/fr\/wp-json\/wp\/v2\/product"}],"about":[{"href":"https:\/\/nauticescala.com\/fr\/wp-json\/wp\/v2\/types\/product"}],"wp:featuredmedia":[{"embeddable":true,"href":"https:\/\/nauticescala.com\/fr\/wp-json\/wp\/v2\/media\/47976"}],"wp:attachment":[{"href":"https:\/\/nauticescala.com\/fr\/wp-json\/wp\/v2\/media?parent=14521"}],"wp:term":[{"taxonomy":"product_brand","embeddable":true,"href":"https:\/\/nauticescala.com\/fr\/wp-json\/wp\/v2\/product_brand?post=14521"},{"taxonomy":"product_cat","embeddable":true,"href":"https:\/\/nauticescala.com\/fr\/wp-json\/wp\/v2\/product_cat?post=14521"},{"taxonomy":"product_tag","embeddable":true,"href":"https:\/\/nauticescala.com\/fr\/wp-json\/wp\/v2\/product_tag?post=14521"},{"taxonomy":"activity_type","embeddable":true,"href":"https:\/\/nauticescala.com\/fr\/wp-json\/wp\/v2\/activity_type?post=14521"},{"taxonomy":"level","embeddable":true,"href":"https:\/\/nauticescala.com\/fr\/wp-json\/wp\/v2\/level?post=14521"},{"taxonomy":"age","embeddable":true,"href":"https:\/\/nauticescala.com\/fr\/wp-json\/wp\/v2\/age?post=14521"},{"taxonomy":"modality","embeddable":true,"href":"https:\/\/nauticescala.com\/fr\/wp-json\/wp\/v2\/modality?post=14521"},{"taxonomy":"payment_method","embeddable":true,"href":"https:\/\/nauticescala.com\/fr\/wp-json\/wp\/v2\/payment_method?post=14521"}],"curies":[{"name":"wp","href":"https:\/\/api.w.org\/{rel}","templated":true}]}}