 {"id":22365,"date":"2024-11-19T09:00:00","date_gmt":"2024-11-19T08:00:00","guid":{"rendered":"http:\/\/nauticescala.com\/?p=22365&#038;post_type=product&#038;preview_id=22365"},"modified":"2026-01-16T16:59:49","modified_gmt":"2026-01-16T15:59:49","slug":"regala-mar","status":"publish","type":"product","link":"https:\/\/nauticescala.com\/fr\/reservez-votre-activites-costa-brava\/regala-mar\/","title":{"rendered":"Aquest Nadal, Regala Mar"},"content":{"rendered":"\n                            <div class=\"accordion-block\">\n                    <div id=\"accordion\" class=\"accordion\">\n                                                                            <div class=\"card\">\n                                <div class=\"card-header\">\n                                    <h3>\n                                        <a href=\"#\" class=\"collapsed\" data-toggle=\"collapse\" data-target=\"#collapse-01\" aria-expanded=\"true\"><i class=\"ico-opener\">&nbsp;<\/i>Sensacions de navegar &#8211; 57 \u20ac <\/a>\n                                    <\/h3>\n                                <\/div><!-- end card-header -->\n                                <div id=\"collapse-01\" class=\"collapse\">\n                                                                    <div class=\"card-body\">\n\n                                        \n                                            \n                                                \n                                                    <p>El vent que t&rsquo;acaricia la cara, el soroll del mar mentre avances sense motor i totes les indicacions que necessites per descobrir el fant\u00e0stic entorn que ofereixen l&rsquo;Escala i el Parc Natural del Montgr\u00ed.<\/p>\n<p><strong>Aquest paquet et permetr\u00e0 escollir entre:\u00a0<\/strong><\/p>\n<ul>\n<li style=\"list-style-type: none;\">\n<ul>\n<li><span style=\"text-decoration: underline;\">1 Ruta Guiada amb vela de creuer<\/span> &#8211; 1 persona (a partir de 16 anys) &#8211; 3 h durada (segons calendari i per tot el 2026) (Estalvia&rsquo;t 10 \u20ac).<\/li>\n<li>Val de descompte de 57\u20ac per qualsevol Curs de Vela Lleugera (a partir de 4 anys), Creuer (a partir de 16 anys) o Rem de Mar (a partir de 12 anys) al Club N\u00e0utic l&rsquo;Escala.<\/li>\n<\/ul>\n<\/li>\n<\/ul>\n<h3><a href=\"https:\/\/nauticescala.com\/formulari-regala-mar\/\">Reserva ara!<\/a><\/h3>\n\n                                                \n                                            \n                                        \n                                    <\/div><!-- end card-body -->\n                                <\/div><!-- end collapse -->\n                            <\/div><!-- end card -->\n                                                                                <div class=\"card\">\n                                <div class=\"card-header\">\n                                    <h3>\n                                        <a href=\"#\" class=\"collapsed\" data-toggle=\"collapse\" data-target=\"#collapse-02\" aria-expanded=\"true\"><i class=\"ico-opener\">&nbsp;<\/i>Experi\u00e8ncies per compartir &#8211; 107 \u20ac<\/a>\n                                    <\/h3>\n                                <\/div><!-- end card-header -->\n                                <div id=\"collapse-02\" class=\"collapse\">\n                                                                    <div class=\"card-body\">\n\n                                        \n                                            \n                                                \n                                                    <p>Els millors records sempre s\u00f3n en companyia! Comparteix una gran aventura mentre gaudeixes de l&rsquo;esport al mar acompanyat d&rsquo;un guia per treure el m\u00e0xim profit de la teva experi\u00e8ncia a l&rsquo;Escala i el Parc Natural del Montgr\u00ed.<\/p>\n<p><strong>Aquest paquet et permetr\u00e0 escollir entre:<\/strong><\/p>\n<ul>\n<li style=\"list-style-type: none;\">\n<ul>\n<li><span style=\"text-decoration: underline;\">1 Ruta Guiada amb vela lleugera, caiac o SUP<\/span> &#8211; fins a 4 persones (a partir de 12 anys) &#8211; 2 h durada (horari a convenir)- (Estalvia&rsquo;t 15.50 \u20ac)<\/li>\n<li><span style=\"text-decoration: underline;\">1 Ruta Guiada amb vela de creuer<\/span> &#8211; 2 persones (a partir de 16 anys) &#8211; 3 h durada (segons calendari) &#8211; (Estalvia&rsquo;t 17\u20ac)<\/li>\n<li><span style=\"text-decoration: underline;\">1 Rutes Guiades amb rem de mar<\/span> &#8211; 2 persones (a partir de 12 anys) &#8211; 1,5 h durada &#8211; (Estalvia&rsquo;t 15.5\u20ac)<\/li>\n<li>Val de descompte de 107\u20ac per qualsevol Curs de Vela Lleugera (a partir de 4 anys), Creuer (a partir de 16 anys) o Rem de Mar (a partir de 12 anys) al Club N\u00e0utic l&rsquo;Escala.<\/li>\n<\/ul>\n<\/li>\n<\/ul>\n<h3><a href=\"https:\/\/nauticescala.com\/formulari-regala-mar\/\">Reserva ara!<\/a><\/h3>\n\n                                                \n                                            \n                                        \n                                    <\/div><!-- end card-body -->\n                                <\/div><!-- end collapse -->\n                            <\/div><!-- end card -->\n                                                                                <div class=\"card\">\n                                <div class=\"card-header\">\n                                    <h3>\n                                        <a href=\"#\" class=\"collapsed\" data-toggle=\"collapse\" data-target=\"#collapse-03\" aria-expanded=\"true\"><i class=\"ico-opener\">&nbsp;<\/i>Aventures al mar! &#8211; 177 \u20ac<\/a>\n                                    <\/h3>\n                                <\/div><!-- end card-header -->\n                                <div id=\"collapse-03\" class=\"collapse\">\n                                                                    <div class=\"card-body\">\n\n                                        \n                                            \n                                                \n                                                    <p>Pels que els agrada viure les experi\u00e8ncies m\u00e9s completes o b\u00e9 compartir una experi\u00e8ncia al mar amb la fam\u00edlia o els amics: aventures n\u00e0utiques per aprendre i per gaudir.<\/p>\n<p><strong>Aquest paquet et permetr\u00e0 escollir entre:<\/strong><\/p>\n<ul>\n<li style=\"list-style-type: none;\">\n<ul>\n<li><span style=\"text-decoration: underline;\">1 Ruta Guiada amb vela lleugera, caiac o SUP<\/span> &#8211; fins a 6 persones (a partir de 12 anys) &#8211; 2 h durada (horari a convenir) &#8211; (estalvia&rsquo;t 33\u20ac)<\/li>\n<li><span style=\"text-decoration: underline;\">Curs de Vela de Creuer 9 h<\/span> &#8211; 1 persona (a partir de 16 anys) &#8211; (Estalvia&rsquo;t 22\u20ac)<\/li>\n<li><span style=\"text-decoration: underline;\">Curs de Vela de Lleugera 15 h<\/span> &#8211; 1 persona (a partir de 4 anys) &#8211; (Estalvia&rsquo;t 35\u20ac)<\/li>\n<\/ul>\n<\/li>\n<\/ul>\n<h3><a href=\"https:\/\/nauticescala.com\/formulari-regala-mar\/\">Reserva ara!<\/a><\/h3>\n\n                                                \n                                            \n                                        \n                                    <\/div><!-- end card-body -->\n                                <\/div><!-- end collapse -->\n                            <\/div><!-- end card -->\n                                                                        <\/div><!-- end accordion -->\n                <\/div><!-- end accordion-block -->\n            \n<section class=\"article-section\"><div class=\"container\">\n\n<\/div><\/section>\t<div class=\"slideshow-item\">\n\t    <div class=\"slideshow-offset\">\n\t        <div class=\"slides\">\n\t        \t\t\t            <div class=\"slide\">\n\t\t                <figure class=\"image\">\n\t\t                    <img decoding=\"async\" src=\"https:\/\/nauticescala.com\/wp-content\/uploads\/2020\/04\/2016-cn-lescala-creuer-1.jpg\" alt=\"\">\n\t\t                <\/figure><!-- end image -->\n\t\t            <\/div><!-- end slide -->\t        \t\t\n\t        \t\t\t            <div class=\"slide\">\n\t\t                <figure class=\"image\">\n\t\t                    <img decoding=\"async\" src=\"https:\/\/nauticescala.com\/wp-content\/uploads\/2020\/04\/2015-cn-lescala-caiac-4.jpg\" alt=\"\">\n\t\t                <\/figure><!-- end image -->\n\t\t            <\/div><!-- end slide -->\t        \t\t\n\t        \t\t\t            <div class=\"slide\">\n\t\t                <figure class=\"image\">\n\t\t                    <img decoding=\"async\" src=\"https:\/\/nauticescala.com\/wp-content\/uploads\/2020\/02\/2019-cn-lescala-creuer-activitats-j70.jpg\" alt=\"\">\n\t\t                <\/figure><!-- end image -->\n\t\t            <\/div><!-- end slide -->\t        \t\t\n\t        \t\t\t            <div class=\"slide\">\n\t\t                <figure class=\"image\">\n\t\t                    <img decoding=\"async\" src=\"https:\/\/nauticescala.com\/wp-content\/uploads\/2020\/02\/2017-cn-lescala-caiac-7.jpg\" alt=\"\">\n\t\t                <\/figure><!-- end image -->\n\t\t            <\/div><!-- end slide -->\t        \t\t\n\t        \t\t\t            <div class=\"slide\">\n\t\t                <figure class=\"image\">\n\t\t                    <img decoding=\"async\" src=\"https:\/\/nauticescala.com\/wp-content\/uploads\/2020\/02\/2020-club-nautic-lescala-18-1.jpg\" alt=\"Club Nautic l'Escala-Ruta Guiada-Costa Brava-creuer-c-Top Sailing Charter-Arxiu Imatges PTCBG\">\n\t\t                <\/figure><!-- end image -->\n\t\t            <\/div><!-- end slide -->\t        \t\t\n\t        \t\t\t            <div class=\"slide\">\n\t\t                <figure class=\"image\">\n\t\t                    <img decoding=\"async\" src=\"https:\/\/nauticescala.com\/wp-content\/uploads\/2020\/02\/2020-club-nautic-lescala-19-1.jpg\" alt=\"Club Nautic l'Escala-Ruta Guiada-Costa Brava-creuer-c-Javi Cabrera-Arxiu Imatges PTCBG\">\n\t\t                <\/figure><!-- end image -->\n\t\t            <\/div><!-- end slide -->\t        \t\t\n\t        \t\t\t            <div class=\"slide\">\n\t\t                <figure class=\"image\">\n\t\t                    <img decoding=\"async\" src=\"https:\/\/nauticescala.com\/wp-content\/uploads\/2021\/03\/2020-club-nautic-lescala-rg-sup-18.jpg\" alt=\"\">\n\t\t                <\/figure><!-- end image -->\n\t\t            <\/div><!-- end slide -->\t        \t\t\n\t        \t\t\t            <div class=\"slide\">\n\t\t                <figure class=\"image\">\n\t\t                    <img decoding=\"async\" src=\"https:\/\/nauticescala.com\/wp-content\/uploads\/2022\/02\/2022-club-nautic-lescala-rem-rem-de-mar-5.jpg\" alt=\"\">\n\t\t                <\/figure><!-- end image -->\n\t\t            <\/div><!-- end slide -->\t        \t\t\n\t        \t\t\t            <div class=\"slide\">\n\t\t                <figure class=\"image\">\n\t\t                    <img decoding=\"async\" src=\"https:\/\/nauticescala.com\/wp-content\/uploads\/2022\/06\/2022-club-nautic-escala-abonats-28.jpg\" alt=\"2022-club nautic-escala-Abonats-vela\">\n\t\t                <\/figure><!-- end image -->\n\t\t            <\/div><!-- end slide -->\t        \t\t\n\t        \t\t\t            <div class=\"slide\">\n\t\t                <figure class=\"image\">\n\t\t                    <img decoding=\"async\" src=\"https:\/\/nauticescala.com\/wp-content\/uploads\/2020\/11\/2022-nauticescala-sup-20.jpg\" alt=\"\">\n\t\t                <\/figure><!-- end image -->\n\t\t            <\/div><!-- end slide -->\t        \t\t\n\t        \t\t\t            <div class=\"slide\">\n\t\t                <figure class=\"image\">\n\t\t                    <img decoding=\"async\" src=\"https:\/\/nauticescala.com\/wp-content\/uploads\/2020\/11\/2022-nauticescala-rem-de-mar-12.jpg\" alt=\"\">\n\t\t                <\/figure><!-- end image -->\n\t\t            <\/div><!-- end slide -->\t        \t\t\n\t        \t\t\t            <div class=\"slide\">\n\t\t                <figure class=\"image\">\n\t\t                    <img decoding=\"async\" src=\"https:\/\/nauticescala.com\/wp-content\/uploads\/2020\/11\/2022-nauticescala-sup-35.jpg\" alt=\"\">\n\t\t                <\/figure><!-- end image -->\n\t\t            <\/div><!-- end slide -->\t        \t\t\n\t        \t\t           \n\t        <\/div><!-- end slides -->\n\t    <\/div><!-- end slideshow-offset -->\n\t<\/div><!-- end slideshow-item -->\n","protected":false},"excerpt":{"rendered":"<p>No requereix experi\u00e8ncia pr\u00e8via<br \/>Edat: a partir de 12 anys<\/p>\n","protected":false},"featured_media":47580,"template":"","meta":{"_acf_changed":true,"_monsterinsights_skip_tracking":false,"_monsterinsights_sitenote_active":false,"_monsterinsights_sitenote_note":"","_monsterinsights_sitenote_category":0},"product_brand":[],"product_cat":[99],"product_tag":[],"activity_type":[],"level":[],"age":[],"modality":[],"payment_method":[],"class_list":{"0":"post-22365","1":"product","2":"type-product","3":"status-publish","4":"has-post-thumbnail","6":"product_cat-sense-categoria","8":"first","9":"instock","10":"shipping-taxable","11":"purchasable","12":"product-type-simple"},"acf":[],"yoast_head":"<!-- This site is optimized with the Yoast SEO Premium plugin v20.7 (Yoast SEO v27.4) - https:\/\/yoast.com\/product\/yoast-seo-premium-wordpress\/ -->\n<title>Aquest Nadal, Regala Mar &#8211; Club N\u00e0utic L\u2019Escala<\/title>\n<meta name=\"description\" content=\"Busques un regal original? Regala esports n\u00e0utics! Regala una experi\u00e8ncia al mar pels que m\u00e9s estimes amb el Club N\u00e0utic l&#039;Escala\" \/>\n<meta name=\"robots\" content=\"index, follow, max-snippet:-1, max-image-preview:large, max-video-preview:-1\" \/>\n<link rel=\"canonical\" href=\"https:\/\/nauticescala.com\/activitats-costa-brava\/regala-mar\/\" \/>\n<meta property=\"og:locale\" content=\"fr_FR\" \/>\n<meta property=\"og:type\" content=\"article\" \/>\n<meta property=\"og:title\" content=\"Aquest Nadal, Regala Mar\" \/>\n<meta property=\"og:description\" content=\"Busques un regal original? Regala esports n\u00e0utics! Regala una experi\u00e8ncia al mar pels que m\u00e9s estimes amb el Club N\u00e0utic l&#039;Escala\" \/>\n<meta property=\"og:url\" content=\"https:\/\/nauticescala.com\/activitats-costa-brava\/regala-mar\/\" \/>\n<meta property=\"og:site_name\" content=\"Club N\u00e0utic L\u2019Escala\" \/>\n<meta property=\"article:modified_time\" content=\"2026-01-16T15:59:49+00:00\" \/>\n<meta property=\"og:image\" content=\"https:\/\/nauticescala.com\/wp-content\/uploads\/2022\/12\/2022-club-nautic-escala-abonats-28.jpg\" \/>\n\t<meta property=\"og:image:width\" content=\"1800\" \/>\n\t<meta property=\"og:image:height\" content=\"907\" \/>\n\t<meta property=\"og:image:type\" content=\"image\/jpeg\" \/>\n<meta name=\"twitter:card\" content=\"summary_large_image\" \/>\n<meta name=\"twitter:label1\" content=\"Dur\u00e9e de lecture estim\u00e9e\" \/>\n\t<meta name=\"twitter:data1\" content=\"6 minutes\" \/>\n<script type=\"application\/ld+json\" class=\"yoast-schema-graph\">{\"@context\":\"https:\\\/\\\/schema.org\",\"@graph\":[{\"@type\":\"WebPage\",\"@id\":\"https:\\\/\\\/nauticescala.com\\\/activitats-costa-brava\\\/regala-mar\\\/\",\"url\":\"https:\\\/\\\/nauticescala.com\\\/activitats-costa-brava\\\/regala-mar\\\/\",\"name\":\"Aquest Nadal, Regala Mar &#8211; Club N\u00e0utic L\u2019Escala\",\"isPartOf\":{\"@id\":\"https:\\\/\\\/nauticescala.com\\\/#website\"},\"primaryImageOfPage\":{\"@id\":\"https:\\\/\\\/nauticescala.com\\\/activitats-costa-brava\\\/regala-mar\\\/#primaryimage\"},\"image\":{\"@id\":\"https:\\\/\\\/nauticescala.com\\\/activitats-costa-brava\\\/regala-mar\\\/#primaryimage\"},\"thumbnailUrl\":\"https:\\\/\\\/nauticescala.com\\\/wp-content\\\/uploads\\\/2022\\\/12\\\/2022-club-nautic-escala-abonats-28.jpg\",\"datePublished\":\"2024-11-19T08:00:00+00:00\",\"dateModified\":\"2026-01-16T15:59:49+00:00\",\"description\":\"Busques un regal original? Regala esports n\u00e0utics! Regala una experi\u00e8ncia al mar pels que m\u00e9s estimes amb el Club N\u00e0utic l'Escala\",\"breadcrumb\":{\"@id\":\"https:\\\/\\\/nauticescala.com\\\/activitats-costa-brava\\\/regala-mar\\\/#breadcrumb\"},\"inLanguage\":\"fr-FR\",\"potentialAction\":[{\"@type\":\"ReadAction\",\"target\":[\"https:\\\/\\\/nauticescala.com\\\/activitats-costa-brava\\\/regala-mar\\\/\"]}]},{\"@type\":\"ImageObject\",\"inLanguage\":\"fr-FR\",\"@id\":\"https:\\\/\\\/nauticescala.com\\\/activitats-costa-brava\\\/regala-mar\\\/#primaryimage\",\"url\":\"https:\\\/\\\/nauticescala.com\\\/wp-content\\\/uploads\\\/2022\\\/12\\\/2022-club-nautic-escala-abonats-28.jpg\",\"contentUrl\":\"https:\\\/\\\/nauticescala.com\\\/wp-content\\\/uploads\\\/2022\\\/12\\\/2022-club-nautic-escala-abonats-28.jpg\",\"width\":1800,\"height\":907},{\"@type\":\"BreadcrumbList\",\"@id\":\"https:\\\/\\\/nauticescala.com\\\/activitats-costa-brava\\\/regala-mar\\\/#breadcrumb\",\"itemListElement\":[{\"@type\":\"ListItem\",\"position\":1,\"name\":\"Home\",\"item\":\"https:\\\/\\\/nauticescala.com\\\/fr\\\/\"},{\"@type\":\"ListItem\",\"position\":2,\"name\":\"Reservez votre activit\u00e9s sur la Costa Brava\",\"item\":\"https:\\\/\\\/nauticescala.com\\\/fr\\\/reservez-votre-activites-sur-la-costa-brava\\\/\"},{\"@type\":\"ListItem\",\"position\":3,\"name\":\"Aquest Nadal, Regala Mar\"}]},{\"@type\":\"WebSite\",\"@id\":\"https:\\\/\\\/nauticescala.com\\\/#website\",\"url\":\"https:\\\/\\\/nauticescala.com\\\/\",\"name\":\"Club N\u00e0utic L\u2019Escala\",\"description\":\"Port esportiu a la Costa Brava\",\"potentialAction\":[{\"@type\":\"SearchAction\",\"target\":{\"@type\":\"EntryPoint\",\"urlTemplate\":\"https:\\\/\\\/nauticescala.com\\\/?s={search_term_string}\"},\"query-input\":{\"@type\":\"PropertyValueSpecification\",\"valueRequired\":true,\"valueName\":\"search_term_string\"}}],\"inLanguage\":\"fr-FR\"}]}<\/script>\n<!-- \/ Yoast SEO Premium plugin. -->","yoast_head_json":{"title":"Aquest Nadal, Regala Mar &#8211; Club N\u00e0utic L\u2019Escala","description":"Busques un regal original? Regala esports n\u00e0utics! Regala una experi\u00e8ncia al mar pels que m\u00e9s estimes amb el Club N\u00e0utic l'Escala","robots":{"index":"index","follow":"follow","max-snippet":"max-snippet:-1","max-image-preview":"max-image-preview:large","max-video-preview":"max-video-preview:-1"},"canonical":"https:\/\/nauticescala.com\/activitats-costa-brava\/regala-mar\/","og_locale":"fr_FR","og_type":"article","og_title":"Aquest Nadal, Regala Mar","og_description":"Busques un regal original? Regala esports n\u00e0utics! Regala una experi\u00e8ncia al mar pels que m\u00e9s estimes amb el Club N\u00e0utic l'Escala","og_url":"https:\/\/nauticescala.com\/activitats-costa-brava\/regala-mar\/","og_site_name":"Club N\u00e0utic L\u2019Escala","article_modified_time":"2026-01-16T15:59:49+00:00","og_image":[{"width":1800,"height":907,"url":"https:\/\/nauticescala.com\/wp-content\/uploads\/2022\/12\/2022-club-nautic-escala-abonats-28.jpg","type":"image\/jpeg"}],"twitter_card":"summary_large_image","twitter_misc":{"Dur\u00e9e de lecture estim\u00e9e":"6 minutes"},"schema":{"@context":"https:\/\/schema.org","@graph":[{"@type":"WebPage","@id":"https:\/\/nauticescala.com\/activitats-costa-brava\/regala-mar\/","url":"https:\/\/nauticescala.com\/activitats-costa-brava\/regala-mar\/","name":"Aquest Nadal, Regala Mar &#8211; Club N\u00e0utic L\u2019Escala","isPartOf":{"@id":"https:\/\/nauticescala.com\/#website"},"primaryImageOfPage":{"@id":"https:\/\/nauticescala.com\/activitats-costa-brava\/regala-mar\/#primaryimage"},"image":{"@id":"https:\/\/nauticescala.com\/activitats-costa-brava\/regala-mar\/#primaryimage"},"thumbnailUrl":"https:\/\/nauticescala.com\/wp-content\/uploads\/2022\/12\/2022-club-nautic-escala-abonats-28.jpg","datePublished":"2024-11-19T08:00:00+00:00","dateModified":"2026-01-16T15:59:49+00:00","description":"Busques un regal original? Regala esports n\u00e0utics! Regala una experi\u00e8ncia al mar pels que m\u00e9s estimes amb el Club N\u00e0utic l'Escala","breadcrumb":{"@id":"https:\/\/nauticescala.com\/activitats-costa-brava\/regala-mar\/#breadcrumb"},"inLanguage":"fr-FR","potentialAction":[{"@type":"ReadAction","target":["https:\/\/nauticescala.com\/activitats-costa-brava\/regala-mar\/"]}]},{"@type":"ImageObject","inLanguage":"fr-FR","@id":"https:\/\/nauticescala.com\/activitats-costa-brava\/regala-mar\/#primaryimage","url":"https:\/\/nauticescala.com\/wp-content\/uploads\/2022\/12\/2022-club-nautic-escala-abonats-28.jpg","contentUrl":"https:\/\/nauticescala.com\/wp-content\/uploads\/2022\/12\/2022-club-nautic-escala-abonats-28.jpg","width":1800,"height":907},{"@type":"BreadcrumbList","@id":"https:\/\/nauticescala.com\/activitats-costa-brava\/regala-mar\/#breadcrumb","itemListElement":[{"@type":"ListItem","position":1,"name":"Home","item":"https:\/\/nauticescala.com\/fr\/"},{"@type":"ListItem","position":2,"name":"Reservez votre activit\u00e9s sur la Costa Brava","item":"https:\/\/nauticescala.com\/fr\/reservez-votre-activites-sur-la-costa-brava\/"},{"@type":"ListItem","position":3,"name":"Aquest Nadal, Regala Mar"}]},{"@type":"WebSite","@id":"https:\/\/nauticescala.com\/#website","url":"https:\/\/nauticescala.com\/","name":"Club N\u00e0utic L\u2019Escala","description":"Port esportiu a la Costa Brava","potentialAction":[{"@type":"SearchAction","target":{"@type":"EntryPoint","urlTemplate":"https:\/\/nauticescala.com\/?s={search_term_string}"},"query-input":{"@type":"PropertyValueSpecification","valueRequired":true,"valueName":"search_term_string"}}],"inLanguage":"fr-FR"}]}},"_links":{"self":[{"href":"https:\/\/nauticescala.com\/fr\/wp-json\/wp\/v2\/product\/22365","targetHints":{"allow":["GET"]}}],"collection":[{"href":"https:\/\/nauticescala.com\/fr\/wp-json\/wp\/v2\/product"}],"about":[{"href":"https:\/\/nauticescala.com\/fr\/wp-json\/wp\/v2\/types\/product"}],"wp:featuredmedia":[{"embeddable":true,"href":"https:\/\/nauticescala.com\/fr\/wp-json\/wp\/v2\/media\/47580"}],"wp:attachment":[{"href":"https:\/\/nauticescala.com\/fr\/wp-json\/wp\/v2\/media?parent=22365"}],"wp:term":[{"taxonomy":"product_brand","embeddable":true,"href":"https:\/\/nauticescala.com\/fr\/wp-json\/wp\/v2\/product_brand?post=22365"},{"taxonomy":"product_cat","embeddable":true,"href":"https:\/\/nauticescala.com\/fr\/wp-json\/wp\/v2\/product_cat?post=22365"},{"taxonomy":"product_tag","embeddable":true,"href":"https:\/\/nauticescala.com\/fr\/wp-json\/wp\/v2\/product_tag?post=22365"},{"taxonomy":"activity_type","embeddable":true,"href":"https:\/\/nauticescala.com\/fr\/wp-json\/wp\/v2\/activity_type?post=22365"},{"taxonomy":"level","embeddable":true,"href":"https:\/\/nauticescala.com\/fr\/wp-json\/wp\/v2\/level?post=22365"},{"taxonomy":"age","embeddable":true,"href":"https:\/\/nauticescala.com\/fr\/wp-json\/wp\/v2\/age?post=22365"},{"taxonomy":"modality","embeddable":true,"href":"https:\/\/nauticescala.com\/fr\/wp-json\/wp\/v2\/modality?post=22365"},{"taxonomy":"payment_method","embeddable":true,"href":"https:\/\/nauticescala.com\/fr\/wp-json\/wp\/v2\/payment_method?post=22365"}],"curies":[{"name":"wp","href":"https:\/\/api.w.org\/{rel}","templated":true}]}}