 {"id":23041,"date":"2021-01-12T11:56:39","date_gmt":"2021-01-13T14:47:52","guid":{"rendered":"http:\/\/nauticescala.com\/?p=23041&#038;post_type=product&#038;preview_id=23041"},"modified":"2021-01-13T15:47:54","modified_gmt":"2021-01-13T14:47:54","slug":"tertulia-vendee-globe-un-viatge-mes-enlla-dels-mars-2a-part","status":"publish","type":"product","link":"https:\/\/nauticescala.com\/fr\/reservez-votre-activites-costa-brava\/tertulia-vendee-globe-un-viatge-mes-enlla-dels-mars-2a-part\/","title":{"rendered":"Tert\u00falia: Vend\u00e9e Globe, un viatge m\u00e9s enll\u00e0 dels mars. 2a part"},"content":{"rendered":"\n            \n<section class=\"article-section\"><div class=\"container\">\n\n<\/div><\/section>\t<div class=\"slideshow-item\">\n\t    <div class=\"slideshow-offset\">\n\t        <div class=\"slides\">\n\t        \t\t\t            <div class=\"slide\">\n\t\t                <figure class=\"image\">\n\t\t                    <img decoding=\"async\" src=\"https:\/\/nauticescala.com\/wp-content\/uploads\/2020\/12\/vendee-globe.jpg\" alt=\"\">\n\t\t                <\/figure><!-- end image -->\n\t\t            <\/div><!-- end slide -->\t        \t\t\n\t        \t\t\t            <div class=\"slide\">\n\t\t                <figure class=\"image\">\n\t\t                    <img decoding=\"async\" src=\"https:\/\/nauticescala.com\/wp-content\/uploads\/2020\/12\/2020-club-nautic-lescala-social-conferencia.jpg\" alt=\"\">\n\t\t                <\/figure><!-- end image -->\n\t\t            <\/div><!-- end slide -->\t        \t\t\n\t        \t\t\t            <div class=\"slide\">\n\t\t                <figure class=\"image\">\n\t\t                    <img decoding=\"async\" src=\"https:\/\/nauticescala.com\/wp-content\/uploads\/2020\/12\/2020-club-nautic-lescala-social-conferencia-2.jpg\" alt=\"\">\n\t\t                <\/figure><!-- end image -->\n\t\t            <\/div><!-- end slide -->\t        \t\t\n\t        \t\t\t            <div class=\"slide\">\n\t\t                <figure class=\"image\">\n\t\t                    <img decoding=\"async\" src=\"https:\/\/nauticescala.com\/wp-content\/uploads\/2020\/12\/2020-club-nautic-lescala-social-conferencia-3.jpg\" alt=\"\">\n\t\t                <\/figure><!-- end image -->\n\t\t            <\/div><!-- end slide -->\t        \t\t\n\t        \t\t           \n\t        <\/div><!-- end slides -->\n\t    <\/div><!-- end slideshow-offset -->\n\t<\/div><!-- end slideshow-item -->\n","protected":false},"excerpt":{"rendered":"<p>Activitat secci\u00f3 de creuer<br \/>Tipus: social<\/p>\n","protected":false},"featured_media":23044,"template":"","meta":{"_acf_changed":false,"_monsterinsights_skip_tracking":false,"_monsterinsights_sitenote_active":false,"_monsterinsights_sitenote_note":"","_monsterinsights_sitenote_category":0},"product_brand":[],"product_cat":[792],"product_tag":[],"activity_type":[1041],"level":[],"age":[],"modality":[],"payment_method":[],"class_list":{"0":"post-23041","1":"product","2":"type-product","3":"status-publish","4":"has-post-thumbnail","6":"product_cat-non-classifiee","7":"activity_type-activitats-socials","9":"first","10":"instock","11":"shipping-taxable","12":"product-type-simple"},"acf":[],"yoast_head":"<!-- This site is optimized with the Yoast SEO Premium plugin v20.7 (Yoast SEO v27.4) - https:\/\/yoast.com\/product\/yoast-seo-premium-wordpress\/ -->\n<title>Tert\u00falia: Vend\u00e9e Globe, un viatge m\u00e9s enll\u00e0 dels mars. 2a part &#8211; Club N\u00e0utic L\u2019Escala<\/title>\n<meta name=\"robots\" content=\"index, follow, max-snippet:-1, max-image-preview:large, max-video-preview:-1\" \/>\n<link rel=\"canonical\" href=\"https:\/\/nauticescala.com\/fr\/reservez-votre-activites-costa-brava\/tertulia-vendee-globe-un-viatge-mes-enlla-dels-mars-2a-part\/\" \/>\n<meta property=\"og:locale\" content=\"fr_FR\" \/>\n<meta property=\"og:type\" content=\"article\" \/>\n<meta property=\"og:title\" content=\"Tert\u00falia: Vend\u00e9e Globe, un viatge m\u00e9s enll\u00e0 dels mars. 2a part\" \/>\n<meta property=\"og:description\" content=\"Activitat secci\u00f3 de creuerTipus: social\" \/>\n<meta property=\"og:url\" content=\"https:\/\/nauticescala.com\/fr\/reservez-votre-activites-costa-brava\/tertulia-vendee-globe-un-viatge-mes-enlla-dels-mars-2a-part\/\" \/>\n<meta property=\"og:site_name\" content=\"Club N\u00e0utic L\u2019Escala\" \/>\n<meta property=\"article:modified_time\" content=\"2021-01-13T14:47:54+00:00\" \/>\n<meta property=\"og:image\" content=\"https:\/\/nauticescala.com\/wp-content\/uploads\/2021\/01\/2021-vendee-globe-regates.jpg\" \/>\n\t<meta property=\"og:image:width\" content=\"1200\" \/>\n\t<meta property=\"og:image:height\" content=\"605\" \/>\n\t<meta property=\"og:image:type\" content=\"image\/jpeg\" \/>\n<meta name=\"twitter:card\" content=\"summary_large_image\" \/>\n<script type=\"application\/ld+json\" class=\"yoast-schema-graph\">{\"@context\":\"https:\\\/\\\/schema.org\",\"@graph\":[{\"@type\":\"WebPage\",\"@id\":\"https:\\\/\\\/nauticescala.com\\\/fr\\\/reservez-votre-activites-costa-brava\\\/tertulia-vendee-globe-un-viatge-mes-enlla-dels-mars-2a-part\\\/\",\"url\":\"https:\\\/\\\/nauticescala.com\\\/fr\\\/reservez-votre-activites-costa-brava\\\/tertulia-vendee-globe-un-viatge-mes-enlla-dels-mars-2a-part\\\/\",\"name\":\"Tert\u00falia: Vend\u00e9e Globe, un viatge m\u00e9s enll\u00e0 dels mars. 2a part &#8211; Club N\u00e0utic L\u2019Escala\",\"isPartOf\":{\"@id\":\"https:\\\/\\\/nauticescala.com\\\/#website\"},\"primaryImageOfPage\":{\"@id\":\"https:\\\/\\\/nauticescala.com\\\/fr\\\/reservez-votre-activites-costa-brava\\\/tertulia-vendee-globe-un-viatge-mes-enlla-dels-mars-2a-part\\\/#primaryimage\"},\"image\":{\"@id\":\"https:\\\/\\\/nauticescala.com\\\/fr\\\/reservez-votre-activites-costa-brava\\\/tertulia-vendee-globe-un-viatge-mes-enlla-dels-mars-2a-part\\\/#primaryimage\"},\"thumbnailUrl\":\"https:\\\/\\\/nauticescala.com\\\/wp-content\\\/uploads\\\/2021\\\/01\\\/2021-vendee-globe-regates.jpg\",\"datePublished\":\"2021-01-13T14:47:52+00:00\",\"dateModified\":\"2021-01-13T14:47:54+00:00\",\"breadcrumb\":{\"@id\":\"https:\\\/\\\/nauticescala.com\\\/fr\\\/reservez-votre-activites-costa-brava\\\/tertulia-vendee-globe-un-viatge-mes-enlla-dels-mars-2a-part\\\/#breadcrumb\"},\"inLanguage\":\"fr-FR\",\"potentialAction\":[{\"@type\":\"ReadAction\",\"target\":[\"https:\\\/\\\/nauticescala.com\\\/fr\\\/reservez-votre-activites-costa-brava\\\/tertulia-vendee-globe-un-viatge-mes-enlla-dels-mars-2a-part\\\/\"]}]},{\"@type\":\"ImageObject\",\"inLanguage\":\"fr-FR\",\"@id\":\"https:\\\/\\\/nauticescala.com\\\/fr\\\/reservez-votre-activites-costa-brava\\\/tertulia-vendee-globe-un-viatge-mes-enlla-dels-mars-2a-part\\\/#primaryimage\",\"url\":\"https:\\\/\\\/nauticescala.com\\\/wp-content\\\/uploads\\\/2021\\\/01\\\/2021-vendee-globe-regates.jpg\",\"contentUrl\":\"https:\\\/\\\/nauticescala.com\\\/wp-content\\\/uploads\\\/2021\\\/01\\\/2021-vendee-globe-regates.jpg\",\"width\":1200,\"height\":605},{\"@type\":\"BreadcrumbList\",\"@id\":\"https:\\\/\\\/nauticescala.com\\\/fr\\\/reservez-votre-activites-costa-brava\\\/tertulia-vendee-globe-un-viatge-mes-enlla-dels-mars-2a-part\\\/#breadcrumb\",\"itemListElement\":[{\"@type\":\"ListItem\",\"position\":1,\"name\":\"Home\",\"item\":\"https:\\\/\\\/nauticescala.com\\\/fr\\\/\"},{\"@type\":\"ListItem\",\"position\":2,\"name\":\"Reservez votre activit\u00e9s sur la Costa Brava\",\"item\":\"https:\\\/\\\/nauticescala.com\\\/fr\\\/reservez-votre-activites-sur-la-costa-brava\\\/\"},{\"@type\":\"ListItem\",\"position\":3,\"name\":\"Tert\u00falia: Vend\u00e9e Globe, un viatge m\u00e9s enll\u00e0 dels mars. 2a part\"}]},{\"@type\":\"WebSite\",\"@id\":\"https:\\\/\\\/nauticescala.com\\\/#website\",\"url\":\"https:\\\/\\\/nauticescala.com\\\/\",\"name\":\"Club N\u00e0utic L\u2019Escala\",\"description\":\"Port esportiu a la Costa Brava\",\"potentialAction\":[{\"@type\":\"SearchAction\",\"target\":{\"@type\":\"EntryPoint\",\"urlTemplate\":\"https:\\\/\\\/nauticescala.com\\\/?s={search_term_string}\"},\"query-input\":{\"@type\":\"PropertyValueSpecification\",\"valueRequired\":true,\"valueName\":\"search_term_string\"}}],\"inLanguage\":\"fr-FR\"}]}<\/script>\n<!-- \/ Yoast SEO Premium plugin. -->","yoast_head_json":{"title":"Tert\u00falia: Vend\u00e9e Globe, un viatge m\u00e9s enll\u00e0 dels mars. 2a part &#8211; Club N\u00e0utic L\u2019Escala","robots":{"index":"index","follow":"follow","max-snippet":"max-snippet:-1","max-image-preview":"max-image-preview:large","max-video-preview":"max-video-preview:-1"},"canonical":"https:\/\/nauticescala.com\/fr\/reservez-votre-activites-costa-brava\/tertulia-vendee-globe-un-viatge-mes-enlla-dels-mars-2a-part\/","og_locale":"fr_FR","og_type":"article","og_title":"Tert\u00falia: Vend\u00e9e Globe, un viatge m\u00e9s enll\u00e0 dels mars. 2a part","og_description":"Activitat secci\u00f3 de creuerTipus: social","og_url":"https:\/\/nauticescala.com\/fr\/reservez-votre-activites-costa-brava\/tertulia-vendee-globe-un-viatge-mes-enlla-dels-mars-2a-part\/","og_site_name":"Club N\u00e0utic L\u2019Escala","article_modified_time":"2021-01-13T14:47:54+00:00","og_image":[{"width":1200,"height":605,"url":"https:\/\/nauticescala.com\/wp-content\/uploads\/2021\/01\/2021-vendee-globe-regates.jpg","type":"image\/jpeg"}],"twitter_card":"summary_large_image","schema":{"@context":"https:\/\/schema.org","@graph":[{"@type":"WebPage","@id":"https:\/\/nauticescala.com\/fr\/reservez-votre-activites-costa-brava\/tertulia-vendee-globe-un-viatge-mes-enlla-dels-mars-2a-part\/","url":"https:\/\/nauticescala.com\/fr\/reservez-votre-activites-costa-brava\/tertulia-vendee-globe-un-viatge-mes-enlla-dels-mars-2a-part\/","name":"Tert\u00falia: Vend\u00e9e Globe, un viatge m\u00e9s enll\u00e0 dels mars. 2a part &#8211; Club N\u00e0utic L\u2019Escala","isPartOf":{"@id":"https:\/\/nauticescala.com\/#website"},"primaryImageOfPage":{"@id":"https:\/\/nauticescala.com\/fr\/reservez-votre-activites-costa-brava\/tertulia-vendee-globe-un-viatge-mes-enlla-dels-mars-2a-part\/#primaryimage"},"image":{"@id":"https:\/\/nauticescala.com\/fr\/reservez-votre-activites-costa-brava\/tertulia-vendee-globe-un-viatge-mes-enlla-dels-mars-2a-part\/#primaryimage"},"thumbnailUrl":"https:\/\/nauticescala.com\/wp-content\/uploads\/2021\/01\/2021-vendee-globe-regates.jpg","datePublished":"2021-01-13T14:47:52+00:00","dateModified":"2021-01-13T14:47:54+00:00","breadcrumb":{"@id":"https:\/\/nauticescala.com\/fr\/reservez-votre-activites-costa-brava\/tertulia-vendee-globe-un-viatge-mes-enlla-dels-mars-2a-part\/#breadcrumb"},"inLanguage":"fr-FR","potentialAction":[{"@type":"ReadAction","target":["https:\/\/nauticescala.com\/fr\/reservez-votre-activites-costa-brava\/tertulia-vendee-globe-un-viatge-mes-enlla-dels-mars-2a-part\/"]}]},{"@type":"ImageObject","inLanguage":"fr-FR","@id":"https:\/\/nauticescala.com\/fr\/reservez-votre-activites-costa-brava\/tertulia-vendee-globe-un-viatge-mes-enlla-dels-mars-2a-part\/#primaryimage","url":"https:\/\/nauticescala.com\/wp-content\/uploads\/2021\/01\/2021-vendee-globe-regates.jpg","contentUrl":"https:\/\/nauticescala.com\/wp-content\/uploads\/2021\/01\/2021-vendee-globe-regates.jpg","width":1200,"height":605},{"@type":"BreadcrumbList","@id":"https:\/\/nauticescala.com\/fr\/reservez-votre-activites-costa-brava\/tertulia-vendee-globe-un-viatge-mes-enlla-dels-mars-2a-part\/#breadcrumb","itemListElement":[{"@type":"ListItem","position":1,"name":"Home","item":"https:\/\/nauticescala.com\/fr\/"},{"@type":"ListItem","position":2,"name":"Reservez votre activit\u00e9s sur la Costa Brava","item":"https:\/\/nauticescala.com\/fr\/reservez-votre-activites-sur-la-costa-brava\/"},{"@type":"ListItem","position":3,"name":"Tert\u00falia: Vend\u00e9e Globe, un viatge m\u00e9s enll\u00e0 dels mars. 2a part"}]},{"@type":"WebSite","@id":"https:\/\/nauticescala.com\/#website","url":"https:\/\/nauticescala.com\/","name":"Club N\u00e0utic L\u2019Escala","description":"Port esportiu a la Costa Brava","potentialAction":[{"@type":"SearchAction","target":{"@type":"EntryPoint","urlTemplate":"https:\/\/nauticescala.com\/?s={search_term_string}"},"query-input":{"@type":"PropertyValueSpecification","valueRequired":true,"valueName":"search_term_string"}}],"inLanguage":"fr-FR"}]}},"_links":{"self":[{"href":"https:\/\/nauticescala.com\/fr\/wp-json\/wp\/v2\/product\/23041","targetHints":{"allow":["GET"]}}],"collection":[{"href":"https:\/\/nauticescala.com\/fr\/wp-json\/wp\/v2\/product"}],"about":[{"href":"https:\/\/nauticescala.com\/fr\/wp-json\/wp\/v2\/types\/product"}],"wp:featuredmedia":[{"embeddable":true,"href":"https:\/\/nauticescala.com\/fr\/wp-json\/wp\/v2\/media\/23044"}],"wp:attachment":[{"href":"https:\/\/nauticescala.com\/fr\/wp-json\/wp\/v2\/media?parent=23041"}],"wp:term":[{"taxonomy":"product_brand","embeddable":true,"href":"https:\/\/nauticescala.com\/fr\/wp-json\/wp\/v2\/product_brand?post=23041"},{"taxonomy":"product_cat","embeddable":true,"href":"https:\/\/nauticescala.com\/fr\/wp-json\/wp\/v2\/product_cat?post=23041"},{"taxonomy":"product_tag","embeddable":true,"href":"https:\/\/nauticescala.com\/fr\/wp-json\/wp\/v2\/product_tag?post=23041"},{"taxonomy":"activity_type","embeddable":true,"href":"https:\/\/nauticescala.com\/fr\/wp-json\/wp\/v2\/activity_type?post=23041"},{"taxonomy":"level","embeddable":true,"href":"https:\/\/nauticescala.com\/fr\/wp-json\/wp\/v2\/level?post=23041"},{"taxonomy":"age","embeddable":true,"href":"https:\/\/nauticescala.com\/fr\/wp-json\/wp\/v2\/age?post=23041"},{"taxonomy":"modality","embeddable":true,"href":"https:\/\/nauticescala.com\/fr\/wp-json\/wp\/v2\/modality?post=23041"},{"taxonomy":"payment_method","embeddable":true,"href":"https:\/\/nauticescala.com\/fr\/wp-json\/wp\/v2\/payment_method?post=23041"}],"curies":[{"name":"wp","href":"https:\/\/api.w.org\/{rel}","templated":true}]}}