 {"id":23348,"date":"2021-01-26T13:39:59","date_gmt":"2021-01-26T12:39:59","guid":{"rendered":"http:\/\/nauticescala.com\/?p=23348&#038;post_type=product&#038;preview_id=23348"},"modified":"2025-07-16T11:35:20","modified_gmt":"2025-07-16T09:35:20","slug":"activites-journee-des-adherents-2025","status":"publish","type":"product","link":"https:\/\/nauticescala.com\/fr\/reservez-votre-activites-costa-brava\/activites-journee-des-adherents-2025\/","title":{"rendered":"Activit\u00e9s &#8211; Journ\u00e9e des Adh\u00e9rents 2025"},"content":{"rendered":"\n            \n<section class=\"article-section\"><div class=\"container\">\n\n<\/div><\/section>\n                            <div class=\"accordion-block\">\n                    <div id=\"accordion\" class=\"accordion\">\n                                                                            <div class=\"card\">\n                                <div class=\"card-header\">\n                                    <h3>\n                                        <a href=\"#\" class=\"collapsed\" data-toggle=\"collapse\" data-target=\"#collapse-01\" aria-expanded=\"true\"><i class=\"ico-opener\">&nbsp;<\/i>Comment participer<\/a>\n                                    <\/h3>\n                                <\/div><!-- end card-header -->\n                                <div id=\"collapse-01\" class=\"collapse\">\n                                                                    <div class=\"card-body\">\n\n                                        \n                                            \n                                                \n                                                    <ul>\n<li style=\"list-style-type: none;\">\n<ul>\n<li>Pour r\u00e9server une place, il faut \u00eatre membre du Club N\u00e0utic L\u2019Escala.<\/li>\n<li>La r\u00e9servation est gratuite.<\/li>\n<li>Le membre titulaire pourra r\u00e9server un maximum de 4 places et une seule activit\u00e9.<\/li>\n<li>Le membre sportif pourra r\u00e9server jusqu\u2019\u00e0 2 places et une seule activit\u00e9.<\/li>\n<li>Apr\u00e8s la date limite, s\u2019il reste des places disponibles, une deuxi\u00e8me activit\u00e9 pourra \u00eatre r\u00e9serv\u00e9e.<\/li>\n<li>La p\u00e9riode de r\u00e9servation sera ouverte du 17\/07\/2025 au 31\/07\/2025 \u00e0 12h00.<\/li>\n<\/ul>\n<\/li>\n<\/ul>\n\n                                                \n                                            \n                                        \n                                    <\/div><!-- end card-body -->\n                                <\/div><!-- end collapse -->\n                            <\/div><!-- end card -->\n                                                                        <\/div><!-- end accordion -->\n                <\/div><!-- end accordion-block -->\n            \n<section class=\"article-section\"><div class=\"container\">\n\n<\/div><\/section>\t<div class=\"slideshow-item\">\n\t    <div class=\"slideshow-offset\">\n\t        <div class=\"slides\">\n\t        \t\t\t            <div class=\"slide\">\n\t\t                <figure class=\"image\">\n\t\t                    <img decoding=\"async\" src=\"https:\/\/nauticescala.com\/wp-content\/uploads\/2021\/01\/2024-nauticescala-dia-del-soci-20.jpg\" alt=\"\">\n\t\t                <\/figure><!-- end image -->\n\t\t            <\/div><!-- end slide -->\t        \t\t\n\t        \t\t\t            <div class=\"slide\">\n\t\t                <figure class=\"image\">\n\t\t                    <img decoding=\"async\" src=\"https:\/\/nauticescala.com\/wp-content\/uploads\/2021\/01\/2024-nauticescala-dia-del-soci-5.jpg\" alt=\"\">\n\t\t                <\/figure><!-- end image -->\n\t\t            <\/div><!-- end slide -->\t        \t\t\n\t        \t\t\t            <div class=\"slide\">\n\t\t                <figure class=\"image\">\n\t\t                    <img decoding=\"async\" src=\"https:\/\/nauticescala.com\/wp-content\/uploads\/2021\/01\/2025-nauticescala-juvenil-22.jpg\" alt=\"\">\n\t\t                <\/figure><!-- end image -->\n\t\t            <\/div><!-- end slide -->\t        \t\t\n\t        \t\t\t            <div class=\"slide\">\n\t\t                <figure class=\"image\">\n\t\t                    <img decoding=\"async\" src=\"https:\/\/nauticescala.com\/wp-content\/uploads\/2021\/01\/2024-nauticescala-dia-del-soci-17.jpg\" alt=\"\">\n\t\t                <\/figure><!-- end image -->\n\t\t            <\/div><!-- end slide -->\t        \t\t\n\t        \t\t\t            <div class=\"slide\">\n\t\t                <figure class=\"image\">\n\t\t                    <img decoding=\"async\" src=\"https:\/\/nauticescala.com\/wp-content\/uploads\/2021\/01\/2022-nauticescala-dia-del-soci-4.jpg\" alt=\"\">\n\t\t                <\/figure><!-- end image -->\n\t\t            <\/div><!-- end slide -->\t        \t\t\n\t        \t\t\t            <div class=\"slide\">\n\t\t                <figure class=\"image\">\n\t\t                    <img decoding=\"async\" src=\"https:\/\/nauticescala.com\/wp-content\/uploads\/2021\/01\/2022-nauticescala-dia-del-soci-21.jpg\" alt=\"\">\n\t\t                <\/figure><!-- end image -->\n\t\t            <\/div><!-- end slide -->\t        \t\t\n\t        \t\t\t            <div class=\"slide\">\n\t\t                <figure class=\"image\">\n\t\t                    <img decoding=\"async\" src=\"https:\/\/nauticescala.com\/wp-content\/uploads\/2021\/01\/2025-nauticescala-juvenil-32.jpg\" alt=\"\">\n\t\t                <\/figure><!-- end image -->\n\t\t            <\/div><!-- end slide -->\t        \t\t\n\t        \t\t\t            <div class=\"slide\">\n\t\t                <figure class=\"image\">\n\t\t                    <img decoding=\"async\" src=\"https:\/\/nauticescala.com\/wp-content\/uploads\/2021\/01\/2022-nauticescala-dia-del-soci-18.jpg\" alt=\"\">\n\t\t                <\/figure><!-- end image -->\n\t\t            <\/div><!-- end slide -->\t        \t\t\n\t        \t\t\t            <div class=\"slide\">\n\t\t                <figure class=\"image\">\n\t\t                    <img decoding=\"async\" src=\"https:\/\/nauticescala.com\/wp-content\/uploads\/2021\/01\/2022-nauticescala-dia-del-soci-14.jpg\" alt=\"\">\n\t\t                <\/figure><!-- end image -->\n\t\t            <\/div><!-- end slide -->\t        \t\t\n\t        \t\t           \n\t        <\/div><!-- end slides -->\n\t    <\/div><!-- end slideshow-offset -->\n\t<\/div><!-- end slideshow-item -->\n<section class=\"article-section\"><div class=\"container\">\n\n<\/div><\/section>\t<div class=\"container\">\n\n<div class=\"content-block\">\n \t \t\n \t \t   \n \t   \n<\/div><!-- end content-block -->\n\n\t<\/div>\n\n","protected":false},"excerpt":{"rendered":"<p>Type: Social<br \/>Heure: 10:00 au 14:00 h<\/p>\n","protected":false},"featured_media":12116,"template":"","meta":{"_acf_changed":true,"_monsterinsights_skip_tracking":false,"_monsterinsights_sitenote_active":false,"_monsterinsights_sitenote_note":"","_monsterinsights_sitenote_category":0},"product_brand":[],"product_cat":[792],"product_tag":[],"activity_type":[1041],"level":[],"age":[],"modality":[],"payment_method":[],"class_list":{"0":"post-23348","1":"product","2":"type-product","3":"status-publish","4":"has-post-thumbnail","6":"product_cat-non-classifiee","7":"activity_type-activitats-socials","9":"first","10":"instock","11":"shipping-taxable","12":"purchasable","13":"product-type-simple"},"acf":[],"yoast_head":"<!-- This site is optimized with the Yoast SEO Premium plugin v20.7 (Yoast SEO v27.3) - https:\/\/yoast.com\/product\/yoast-seo-premium-wordpress\/ -->\n<title>Activit\u00e9s - Journ\u00e9e des Adh\u00e9rents 2025 &#8211; Club N\u00e0utic L\u2019Escala<\/title>\n<meta name=\"description\" content=\"Nous c\u00e9l\u00e9brons la Journ\u00e9e des adh\u00e9rents aussi pendant la journ\u00e9e! Une journ\u00e9e d&#039;activit\u00e9s nautiques et de sensibilisation \u00e0 l&#039;environnement \u00e0 vivre entre amis ou en famille au Club...\" \/>\n<meta name=\"robots\" content=\"index, follow, max-snippet:-1, max-image-preview:large, max-video-preview:-1\" \/>\n<link rel=\"canonical\" href=\"https:\/\/nauticescala.com\/fr\/reservez-votre-activites-costa-brava\/activites-journee-des-adherents-2025\/\" \/>\n<meta property=\"og:locale\" content=\"fr_FR\" \/>\n<meta property=\"og:type\" content=\"article\" \/>\n<meta property=\"og:title\" content=\"Activit\u00e9s - Journ\u00e9e des Adh\u00e9rents 2025\" \/>\n<meta property=\"og:description\" content=\"Nous c\u00e9l\u00e9brons la Journ\u00e9e des adh\u00e9rents aussi pendant la journ\u00e9e! Une journ\u00e9e d&#039;activit\u00e9s nautiques et de sensibilisation \u00e0 l&#039;environnement \u00e0 vivre entre amis ou en famille au Club...\" \/>\n<meta property=\"og:url\" content=\"https:\/\/nauticescala.com\/fr\/reservez-votre-activites-costa-brava\/activites-journee-des-adherents-2025\/\" \/>\n<meta property=\"og:site_name\" content=\"Club N\u00e0utic L\u2019Escala\" \/>\n<meta property=\"article:modified_time\" content=\"2025-07-16T09:35:20+00:00\" \/>\n<meta property=\"og:image\" content=\"https:\/\/nauticescala.com\/wp-content\/uploads\/2020\/04\/2016-cn-lescala-creuer-2.jpg\" \/>\n\t<meta property=\"og:image:width\" content=\"1200\" \/>\n\t<meta property=\"og:image:height\" content=\"605\" \/>\n\t<meta property=\"og:image:type\" content=\"image\/jpeg\" \/>\n<meta name=\"twitter:card\" content=\"summary_large_image\" \/>\n<meta name=\"twitter:label1\" content=\"Dur\u00e9e de lecture estim\u00e9e\" \/>\n\t<meta name=\"twitter:data1\" content=\"3 minutes\" \/>\n<script type=\"application\/ld+json\" class=\"yoast-schema-graph\">{\"@context\":\"https:\\\/\\\/schema.org\",\"@graph\":[{\"@type\":\"WebPage\",\"@id\":\"https:\\\/\\\/nauticescala.com\\\/fr\\\/reservez-votre-activites-costa-brava\\\/activites-journee-des-adherents-2025\\\/\",\"url\":\"https:\\\/\\\/nauticescala.com\\\/fr\\\/reservez-votre-activites-costa-brava\\\/activites-journee-des-adherents-2025\\\/\",\"name\":\"Activit\u00e9s - Journ\u00e9e des Adh\u00e9rents 2025 &#8211; Club N\u00e0utic L\u2019Escala\",\"isPartOf\":{\"@id\":\"https:\\\/\\\/nauticescala.com\\\/#website\"},\"primaryImageOfPage\":{\"@id\":\"https:\\\/\\\/nauticescala.com\\\/fr\\\/reservez-votre-activites-costa-brava\\\/activites-journee-des-adherents-2025\\\/#primaryimage\"},\"image\":{\"@id\":\"https:\\\/\\\/nauticescala.com\\\/fr\\\/reservez-votre-activites-costa-brava\\\/activites-journee-des-adherents-2025\\\/#primaryimage\"},\"thumbnailUrl\":\"https:\\\/\\\/nauticescala.com\\\/wp-content\\\/uploads\\\/2020\\\/04\\\/2016-cn-lescala-creuer-2.jpg\",\"datePublished\":\"2021-01-26T12:39:59+00:00\",\"dateModified\":\"2025-07-16T09:35:20+00:00\",\"description\":\"Nous c\u00e9l\u00e9brons la Journ\u00e9e des adh\u00e9rents aussi pendant la journ\u00e9e! Une journ\u00e9e d'activit\u00e9s nautiques et de sensibilisation \u00e0 l'environnement \u00e0 vivre entre amis ou en famille au Club...\",\"breadcrumb\":{\"@id\":\"https:\\\/\\\/nauticescala.com\\\/fr\\\/reservez-votre-activites-costa-brava\\\/activites-journee-des-adherents-2025\\\/#breadcrumb\"},\"inLanguage\":\"fr-FR\",\"potentialAction\":[{\"@type\":\"ReadAction\",\"target\":[\"https:\\\/\\\/nauticescala.com\\\/fr\\\/reservez-votre-activites-costa-brava\\\/activites-journee-des-adherents-2025\\\/\"]}]},{\"@type\":\"ImageObject\",\"inLanguage\":\"fr-FR\",\"@id\":\"https:\\\/\\\/nauticescala.com\\\/fr\\\/reservez-votre-activites-costa-brava\\\/activites-journee-des-adherents-2025\\\/#primaryimage\",\"url\":\"https:\\\/\\\/nauticescala.com\\\/wp-content\\\/uploads\\\/2020\\\/04\\\/2016-cn-lescala-creuer-2.jpg\",\"contentUrl\":\"https:\\\/\\\/nauticescala.com\\\/wp-content\\\/uploads\\\/2020\\\/04\\\/2016-cn-lescala-creuer-2.jpg\",\"width\":1200,\"height\":605},{\"@type\":\"BreadcrumbList\",\"@id\":\"https:\\\/\\\/nauticescala.com\\\/fr\\\/reservez-votre-activites-costa-brava\\\/activites-journee-des-adherents-2025\\\/#breadcrumb\",\"itemListElement\":[{\"@type\":\"ListItem\",\"position\":1,\"name\":\"Home\",\"item\":\"https:\\\/\\\/nauticescala.com\\\/fr\\\/\"},{\"@type\":\"ListItem\",\"position\":2,\"name\":\"Reservez votre activit\u00e9s sur la Costa Brava\",\"item\":\"https:\\\/\\\/nauticescala.com\\\/fr\\\/reservez-votre-activites-sur-la-costa-brava\\\/\"},{\"@type\":\"ListItem\",\"position\":3,\"name\":\"Activit\u00e9s &#8211; Journ\u00e9e des Adh\u00e9rents 2025\"}]},{\"@type\":\"WebSite\",\"@id\":\"https:\\\/\\\/nauticescala.com\\\/#website\",\"url\":\"https:\\\/\\\/nauticescala.com\\\/\",\"name\":\"Club N\u00e0utic L\u2019Escala\",\"description\":\"Port esportiu a la Costa Brava\",\"potentialAction\":[{\"@type\":\"SearchAction\",\"target\":{\"@type\":\"EntryPoint\",\"urlTemplate\":\"https:\\\/\\\/nauticescala.com\\\/?s={search_term_string}\"},\"query-input\":{\"@type\":\"PropertyValueSpecification\",\"valueRequired\":true,\"valueName\":\"search_term_string\"}}],\"inLanguage\":\"fr-FR\"}]}<\/script>\n<!-- \/ Yoast SEO Premium plugin. -->","yoast_head_json":{"title":"Activit\u00e9s - Journ\u00e9e des Adh\u00e9rents 2025 &#8211; Club N\u00e0utic L\u2019Escala","description":"Nous c\u00e9l\u00e9brons la Journ\u00e9e des adh\u00e9rents aussi pendant la journ\u00e9e! Une journ\u00e9e d'activit\u00e9s nautiques et de sensibilisation \u00e0 l'environnement \u00e0 vivre entre amis ou en famille au Club...","robots":{"index":"index","follow":"follow","max-snippet":"max-snippet:-1","max-image-preview":"max-image-preview:large","max-video-preview":"max-video-preview:-1"},"canonical":"https:\/\/nauticescala.com\/fr\/reservez-votre-activites-costa-brava\/activites-journee-des-adherents-2025\/","og_locale":"fr_FR","og_type":"article","og_title":"Activit\u00e9s - Journ\u00e9e des Adh\u00e9rents 2025","og_description":"Nous c\u00e9l\u00e9brons la Journ\u00e9e des adh\u00e9rents aussi pendant la journ\u00e9e! Une journ\u00e9e d'activit\u00e9s nautiques et de sensibilisation \u00e0 l'environnement \u00e0 vivre entre amis ou en famille au Club...","og_url":"https:\/\/nauticescala.com\/fr\/reservez-votre-activites-costa-brava\/activites-journee-des-adherents-2025\/","og_site_name":"Club N\u00e0utic L\u2019Escala","article_modified_time":"2025-07-16T09:35:20+00:00","og_image":[{"width":1200,"height":605,"url":"https:\/\/nauticescala.com\/wp-content\/uploads\/2020\/04\/2016-cn-lescala-creuer-2.jpg","type":"image\/jpeg"}],"twitter_card":"summary_large_image","twitter_misc":{"Dur\u00e9e de lecture estim\u00e9e":"3 minutes"},"schema":{"@context":"https:\/\/schema.org","@graph":[{"@type":"WebPage","@id":"https:\/\/nauticescala.com\/fr\/reservez-votre-activites-costa-brava\/activites-journee-des-adherents-2025\/","url":"https:\/\/nauticescala.com\/fr\/reservez-votre-activites-costa-brava\/activites-journee-des-adherents-2025\/","name":"Activit\u00e9s - Journ\u00e9e des Adh\u00e9rents 2025 &#8211; Club N\u00e0utic L\u2019Escala","isPartOf":{"@id":"https:\/\/nauticescala.com\/#website"},"primaryImageOfPage":{"@id":"https:\/\/nauticescala.com\/fr\/reservez-votre-activites-costa-brava\/activites-journee-des-adherents-2025\/#primaryimage"},"image":{"@id":"https:\/\/nauticescala.com\/fr\/reservez-votre-activites-costa-brava\/activites-journee-des-adherents-2025\/#primaryimage"},"thumbnailUrl":"https:\/\/nauticescala.com\/wp-content\/uploads\/2020\/04\/2016-cn-lescala-creuer-2.jpg","datePublished":"2021-01-26T12:39:59+00:00","dateModified":"2025-07-16T09:35:20+00:00","description":"Nous c\u00e9l\u00e9brons la Journ\u00e9e des adh\u00e9rents aussi pendant la journ\u00e9e! Une journ\u00e9e d'activit\u00e9s nautiques et de sensibilisation \u00e0 l'environnement \u00e0 vivre entre amis ou en famille au Club...","breadcrumb":{"@id":"https:\/\/nauticescala.com\/fr\/reservez-votre-activites-costa-brava\/activites-journee-des-adherents-2025\/#breadcrumb"},"inLanguage":"fr-FR","potentialAction":[{"@type":"ReadAction","target":["https:\/\/nauticescala.com\/fr\/reservez-votre-activites-costa-brava\/activites-journee-des-adherents-2025\/"]}]},{"@type":"ImageObject","inLanguage":"fr-FR","@id":"https:\/\/nauticescala.com\/fr\/reservez-votre-activites-costa-brava\/activites-journee-des-adherents-2025\/#primaryimage","url":"https:\/\/nauticescala.com\/wp-content\/uploads\/2020\/04\/2016-cn-lescala-creuer-2.jpg","contentUrl":"https:\/\/nauticescala.com\/wp-content\/uploads\/2020\/04\/2016-cn-lescala-creuer-2.jpg","width":1200,"height":605},{"@type":"BreadcrumbList","@id":"https:\/\/nauticescala.com\/fr\/reservez-votre-activites-costa-brava\/activites-journee-des-adherents-2025\/#breadcrumb","itemListElement":[{"@type":"ListItem","position":1,"name":"Home","item":"https:\/\/nauticescala.com\/fr\/"},{"@type":"ListItem","position":2,"name":"Reservez votre activit\u00e9s sur la Costa Brava","item":"https:\/\/nauticescala.com\/fr\/reservez-votre-activites-sur-la-costa-brava\/"},{"@type":"ListItem","position":3,"name":"Activit\u00e9s &#8211; Journ\u00e9e des Adh\u00e9rents 2025"}]},{"@type":"WebSite","@id":"https:\/\/nauticescala.com\/#website","url":"https:\/\/nauticescala.com\/","name":"Club N\u00e0utic L\u2019Escala","description":"Port esportiu a la Costa Brava","potentialAction":[{"@type":"SearchAction","target":{"@type":"EntryPoint","urlTemplate":"https:\/\/nauticescala.com\/?s={search_term_string}"},"query-input":{"@type":"PropertyValueSpecification","valueRequired":true,"valueName":"search_term_string"}}],"inLanguage":"fr-FR"}]}},"_links":{"self":[{"href":"https:\/\/nauticescala.com\/fr\/wp-json\/wp\/v2\/product\/23348","targetHints":{"allow":["GET"]}}],"collection":[{"href":"https:\/\/nauticescala.com\/fr\/wp-json\/wp\/v2\/product"}],"about":[{"href":"https:\/\/nauticescala.com\/fr\/wp-json\/wp\/v2\/types\/product"}],"wp:featuredmedia":[{"embeddable":true,"href":"https:\/\/nauticescala.com\/fr\/wp-json\/wp\/v2\/media\/12116"}],"wp:attachment":[{"href":"https:\/\/nauticescala.com\/fr\/wp-json\/wp\/v2\/media?parent=23348"}],"wp:term":[{"taxonomy":"product_brand","embeddable":true,"href":"https:\/\/nauticescala.com\/fr\/wp-json\/wp\/v2\/product_brand?post=23348"},{"taxonomy":"product_cat","embeddable":true,"href":"https:\/\/nauticescala.com\/fr\/wp-json\/wp\/v2\/product_cat?post=23348"},{"taxonomy":"product_tag","embeddable":true,"href":"https:\/\/nauticescala.com\/fr\/wp-json\/wp\/v2\/product_tag?post=23348"},{"taxonomy":"activity_type","embeddable":true,"href":"https:\/\/nauticescala.com\/fr\/wp-json\/wp\/v2\/activity_type?post=23348"},{"taxonomy":"level","embeddable":true,"href":"https:\/\/nauticescala.com\/fr\/wp-json\/wp\/v2\/level?post=23348"},{"taxonomy":"age","embeddable":true,"href":"https:\/\/nauticescala.com\/fr\/wp-json\/wp\/v2\/age?post=23348"},{"taxonomy":"modality","embeddable":true,"href":"https:\/\/nauticescala.com\/fr\/wp-json\/wp\/v2\/modality?post=23348"},{"taxonomy":"payment_method","embeddable":true,"href":"https:\/\/nauticescala.com\/fr\/wp-json\/wp\/v2\/payment_method?post=23348"}],"curies":[{"name":"wp","href":"https:\/\/api.w.org\/{rel}","templated":true}]}}