 {"id":28262,"date":"2021-05-26T16:58:27","date_gmt":"2021-05-26T14:58:27","guid":{"rendered":"http:\/\/nauticescala.com\/?p=28262&#038;post_type=product&#038;preview_id=28262"},"modified":"2025-07-29T13:20:12","modified_gmt":"2025-07-29T11:20:12","slug":"exposition-photographique","status":"publish","type":"product","link":"https:\/\/nauticescala.com\/fr\/reservez-votre-activites-costa-brava\/exposition-photographique\/","title":{"rendered":"MedFoto &#8211; exposition : La mer et les gens"},"content":{"rendered":"\n            \n<section class=\"article-section\"><div class=\"container\">\n\n<\/div><\/section>\t<div class=\"container\">\n\n<div class=\"content-block\">\n \t \t\n \t \t   \n \t\t    <div class=\"partners-block\">\t    \t\n\t    \t  \n\t    \t   \n\t    \t\t\t        <ul class=\"partners-list\">\n\t\t        \t\t\t        \t\t\t\t\t            <li>\n\t\t\t                <a target=\"_blank\" href=\"#no-follow\">\n\t\t\t                \t\t\t\t                \t\t<img decoding=\"async\" src=\"https:\/\/nauticescala.com\/wp-content\/uploads\/2023\/04\/logo-medfoto-350x163.png\" alt=\"\">\n\t\t\t                \t\t\t\t                <\/a>\n\t\t\t            <\/li>\t\t        \t\t\n\t\t        \t\t\t        \t\t\t\t\t            <li>\n\t\t\t                <a target=\"_blank\" href=\"#no-follow\">\n\t\t\t                \t\t\t\t                \t\t<img decoding=\"async\" src=\"https:\/\/nauticescala.com\/wp-content\/uploads\/2021\/05\/logo-fundacio-alive-1.jpg\" alt=\"\">\n\t\t\t                \t\t\t\t                <\/a>\n\t\t\t            <\/li>\t\t        \t\t\n\t\t        \t\t\t        \t\t\t\t\t            <li>\n\t\t\t                <a target=\"_blank\" href=\"#no-follow\">\n\t\t\t                \t\t\t\t                \t\t<img decoding=\"async\" src=\"https:\/\/nauticescala.com\/wp-content\/uploads\/2021\/05\/logo-festival-portalblau.png\" alt=\"\">\n\t\t\t                \t\t\t\t                <\/a>\n\t\t\t            <\/li>\t\t        \t\t\n\t\t        \t\t\t            \n\t\t        <\/ul><!-- end partners-list -->\t    \t\t\n\t    \t\t    <\/div><!-- end partners-block --> \t   \t\n \t   \n<\/div><!-- end content-block -->\n\n\t<\/div>\n\n","protected":false},"excerpt":{"rendered":"<p>Type: social<br \/>Acc\u00e8s libre et gratuit<\/p>\n","protected":false},"featured_media":78816,"template":"","meta":{"_acf_changed":true,"_monsterinsights_skip_tracking":false,"_monsterinsights_sitenote_active":false,"_monsterinsights_sitenote_note":"","_monsterinsights_sitenote_category":0},"product_brand":[],"product_cat":[792],"product_tag":[],"activity_type":[1041],"level":[],"age":[],"modality":[],"payment_method":[],"class_list":{"0":"post-28262","1":"product","2":"type-product","3":"status-publish","4":"has-post-thumbnail","6":"product_cat-non-classifiee","7":"activity_type-activitats-socials","9":"first","10":"instock","11":"shipping-taxable","12":"product-type-simple"},"acf":[],"yoast_head":"<!-- This site is optimized with the Yoast SEO Premium plugin v20.7 (Yoast SEO v27.4) - https:\/\/yoast.com\/product\/yoast-seo-premium-wordpress\/ -->\n<title>C\u00e9r\u00e9monie et exposition du 5e MedFoto | Club N\u00e0utic L\u2019Escala<\/title>\n<meta name=\"description\" content=\"Participez \u00e0 la c\u00e9r\u00e9monie du 5e MedFoto et \u00e0 l\u2019inauguration de l\u2019exposition \u201cLa Mer et les Gens\u201d au Club N\u00e0utic L\u2019Escala. R\u00e9servez votre place !\" \/>\n<meta name=\"robots\" content=\"index, follow, max-snippet:-1, max-image-preview:large, max-video-preview:-1\" \/>\n<link rel=\"canonical\" href=\"https:\/\/nauticescala.com\/fr\/reservez-votre-activites-costa-brava\/exposition-photographique\/\" \/>\n<meta property=\"og:locale\" content=\"fr_FR\" \/>\n<meta property=\"og:type\" content=\"article\" \/>\n<meta property=\"og:title\" content=\"MedFoto - exposition : La mer et les gens\" \/>\n<meta property=\"og:description\" content=\"Participez \u00e0 la c\u00e9r\u00e9monie du 5e MedFoto et \u00e0 l\u2019inauguration de l\u2019exposition \u201cLa Mer et les Gens\u201d au Club N\u00e0utic L\u2019Escala. R\u00e9servez votre place !\" \/>\n<meta property=\"og:url\" content=\"https:\/\/nauticescala.com\/fr\/reservez-votre-activites-costa-brava\/exposition-photographique\/\" \/>\n<meta property=\"og:site_name\" content=\"Club N\u00e0utic L\u2019Escala\" \/>\n<meta property=\"article:modified_time\" content=\"2025-07-29T11:20:12+00:00\" \/>\n<meta property=\"og:image\" content=\"https:\/\/nauticescala.com\/wp-content\/uploads\/2025\/04\/medfoto-2024-travessia-c-santi-viladrich.jpg\" \/>\n\t<meta property=\"og:image:width\" content=\"1800\" \/>\n\t<meta property=\"og:image:height\" content=\"907\" \/>\n\t<meta property=\"og:image:type\" content=\"image\/jpeg\" \/>\n<meta name=\"twitter:card\" content=\"summary_large_image\" \/>\n<meta name=\"twitter:label1\" content=\"Dur\u00e9e de lecture estim\u00e9e\" \/>\n\t<meta name=\"twitter:data1\" content=\"2 minutes\" \/>\n<script type=\"application\/ld+json\" class=\"yoast-schema-graph\">{\"@context\":\"https:\\\/\\\/schema.org\",\"@graph\":[{\"@type\":\"WebPage\",\"@id\":\"https:\\\/\\\/nauticescala.com\\\/fr\\\/reservez-votre-activites-costa-brava\\\/exposition-photographique\\\/\",\"url\":\"https:\\\/\\\/nauticescala.com\\\/fr\\\/reservez-votre-activites-costa-brava\\\/exposition-photographique\\\/\",\"name\":\"C\u00e9r\u00e9monie et exposition du 5e MedFoto | Club N\u00e0utic L\u2019Escala\",\"isPartOf\":{\"@id\":\"https:\\\/\\\/nauticescala.com\\\/#website\"},\"primaryImageOfPage\":{\"@id\":\"https:\\\/\\\/nauticescala.com\\\/fr\\\/reservez-votre-activites-costa-brava\\\/exposition-photographique\\\/#primaryimage\"},\"image\":{\"@id\":\"https:\\\/\\\/nauticescala.com\\\/fr\\\/reservez-votre-activites-costa-brava\\\/exposition-photographique\\\/#primaryimage\"},\"thumbnailUrl\":\"https:\\\/\\\/nauticescala.com\\\/wp-content\\\/uploads\\\/2025\\\/04\\\/medfoto-2024-travessia-c-santi-viladrich.jpg\",\"datePublished\":\"2021-05-26T14:58:27+00:00\",\"dateModified\":\"2025-07-29T11:20:12+00:00\",\"description\":\"Participez \u00e0 la c\u00e9r\u00e9monie du 5e MedFoto et \u00e0 l\u2019inauguration de l\u2019exposition \u201cLa Mer et les Gens\u201d au Club N\u00e0utic L\u2019Escala. R\u00e9servez votre place !\",\"breadcrumb\":{\"@id\":\"https:\\\/\\\/nauticescala.com\\\/fr\\\/reservez-votre-activites-costa-brava\\\/exposition-photographique\\\/#breadcrumb\"},\"inLanguage\":\"fr-FR\",\"potentialAction\":[{\"@type\":\"ReadAction\",\"target\":[\"https:\\\/\\\/nauticescala.com\\\/fr\\\/reservez-votre-activites-costa-brava\\\/exposition-photographique\\\/\"]}]},{\"@type\":\"ImageObject\",\"inLanguage\":\"fr-FR\",\"@id\":\"https:\\\/\\\/nauticescala.com\\\/fr\\\/reservez-votre-activites-costa-brava\\\/exposition-photographique\\\/#primaryimage\",\"url\":\"https:\\\/\\\/nauticescala.com\\\/wp-content\\\/uploads\\\/2025\\\/04\\\/medfoto-2024-travessia-c-santi-viladrich.jpg\",\"contentUrl\":\"https:\\\/\\\/nauticescala.com\\\/wp-content\\\/uploads\\\/2025\\\/04\\\/medfoto-2024-travessia-c-santi-viladrich.jpg\",\"width\":1800,\"height\":907},{\"@type\":\"BreadcrumbList\",\"@id\":\"https:\\\/\\\/nauticescala.com\\\/fr\\\/reservez-votre-activites-costa-brava\\\/exposition-photographique\\\/#breadcrumb\",\"itemListElement\":[{\"@type\":\"ListItem\",\"position\":1,\"name\":\"Home\",\"item\":\"https:\\\/\\\/nauticescala.com\\\/fr\\\/\"},{\"@type\":\"ListItem\",\"position\":2,\"name\":\"Reservez votre activit\u00e9s sur la Costa Brava\",\"item\":\"https:\\\/\\\/nauticescala.com\\\/fr\\\/reservez-votre-activites-sur-la-costa-brava\\\/\"},{\"@type\":\"ListItem\",\"position\":3,\"name\":\"MedFoto &#8211; exposition : La mer et les gens\"}]},{\"@type\":\"WebSite\",\"@id\":\"https:\\\/\\\/nauticescala.com\\\/#website\",\"url\":\"https:\\\/\\\/nauticescala.com\\\/\",\"name\":\"Club N\u00e0utic L\u2019Escala\",\"description\":\"Port esportiu a la Costa Brava\",\"potentialAction\":[{\"@type\":\"SearchAction\",\"target\":{\"@type\":\"EntryPoint\",\"urlTemplate\":\"https:\\\/\\\/nauticescala.com\\\/?s={search_term_string}\"},\"query-input\":{\"@type\":\"PropertyValueSpecification\",\"valueRequired\":true,\"valueName\":\"search_term_string\"}}],\"inLanguage\":\"fr-FR\"}]}<\/script>\n<!-- \/ Yoast SEO Premium plugin. -->","yoast_head_json":{"title":"C\u00e9r\u00e9monie et exposition du 5e MedFoto | Club N\u00e0utic L\u2019Escala","description":"Participez \u00e0 la c\u00e9r\u00e9monie du 5e MedFoto et \u00e0 l\u2019inauguration de l\u2019exposition \u201cLa Mer et les Gens\u201d au Club N\u00e0utic L\u2019Escala. R\u00e9servez votre place !","robots":{"index":"index","follow":"follow","max-snippet":"max-snippet:-1","max-image-preview":"max-image-preview:large","max-video-preview":"max-video-preview:-1"},"canonical":"https:\/\/nauticescala.com\/fr\/reservez-votre-activites-costa-brava\/exposition-photographique\/","og_locale":"fr_FR","og_type":"article","og_title":"MedFoto - exposition : La mer et les gens","og_description":"Participez \u00e0 la c\u00e9r\u00e9monie du 5e MedFoto et \u00e0 l\u2019inauguration de l\u2019exposition \u201cLa Mer et les Gens\u201d au Club N\u00e0utic L\u2019Escala. R\u00e9servez votre place !","og_url":"https:\/\/nauticescala.com\/fr\/reservez-votre-activites-costa-brava\/exposition-photographique\/","og_site_name":"Club N\u00e0utic L\u2019Escala","article_modified_time":"2025-07-29T11:20:12+00:00","og_image":[{"width":1800,"height":907,"url":"https:\/\/nauticescala.com\/wp-content\/uploads\/2025\/04\/medfoto-2024-travessia-c-santi-viladrich.jpg","type":"image\/jpeg"}],"twitter_card":"summary_large_image","twitter_misc":{"Dur\u00e9e de lecture estim\u00e9e":"2 minutes"},"schema":{"@context":"https:\/\/schema.org","@graph":[{"@type":"WebPage","@id":"https:\/\/nauticescala.com\/fr\/reservez-votre-activites-costa-brava\/exposition-photographique\/","url":"https:\/\/nauticescala.com\/fr\/reservez-votre-activites-costa-brava\/exposition-photographique\/","name":"C\u00e9r\u00e9monie et exposition du 5e MedFoto | Club N\u00e0utic L\u2019Escala","isPartOf":{"@id":"https:\/\/nauticescala.com\/#website"},"primaryImageOfPage":{"@id":"https:\/\/nauticescala.com\/fr\/reservez-votre-activites-costa-brava\/exposition-photographique\/#primaryimage"},"image":{"@id":"https:\/\/nauticescala.com\/fr\/reservez-votre-activites-costa-brava\/exposition-photographique\/#primaryimage"},"thumbnailUrl":"https:\/\/nauticescala.com\/wp-content\/uploads\/2025\/04\/medfoto-2024-travessia-c-santi-viladrich.jpg","datePublished":"2021-05-26T14:58:27+00:00","dateModified":"2025-07-29T11:20:12+00:00","description":"Participez \u00e0 la c\u00e9r\u00e9monie du 5e MedFoto et \u00e0 l\u2019inauguration de l\u2019exposition \u201cLa Mer et les Gens\u201d au Club N\u00e0utic L\u2019Escala. R\u00e9servez votre place !","breadcrumb":{"@id":"https:\/\/nauticescala.com\/fr\/reservez-votre-activites-costa-brava\/exposition-photographique\/#breadcrumb"},"inLanguage":"fr-FR","potentialAction":[{"@type":"ReadAction","target":["https:\/\/nauticescala.com\/fr\/reservez-votre-activites-costa-brava\/exposition-photographique\/"]}]},{"@type":"ImageObject","inLanguage":"fr-FR","@id":"https:\/\/nauticescala.com\/fr\/reservez-votre-activites-costa-brava\/exposition-photographique\/#primaryimage","url":"https:\/\/nauticescala.com\/wp-content\/uploads\/2025\/04\/medfoto-2024-travessia-c-santi-viladrich.jpg","contentUrl":"https:\/\/nauticescala.com\/wp-content\/uploads\/2025\/04\/medfoto-2024-travessia-c-santi-viladrich.jpg","width":1800,"height":907},{"@type":"BreadcrumbList","@id":"https:\/\/nauticescala.com\/fr\/reservez-votre-activites-costa-brava\/exposition-photographique\/#breadcrumb","itemListElement":[{"@type":"ListItem","position":1,"name":"Home","item":"https:\/\/nauticescala.com\/fr\/"},{"@type":"ListItem","position":2,"name":"Reservez votre activit\u00e9s sur la Costa Brava","item":"https:\/\/nauticescala.com\/fr\/reservez-votre-activites-sur-la-costa-brava\/"},{"@type":"ListItem","position":3,"name":"MedFoto &#8211; exposition : La mer et les gens"}]},{"@type":"WebSite","@id":"https:\/\/nauticescala.com\/#website","url":"https:\/\/nauticescala.com\/","name":"Club N\u00e0utic L\u2019Escala","description":"Port esportiu a la Costa Brava","potentialAction":[{"@type":"SearchAction","target":{"@type":"EntryPoint","urlTemplate":"https:\/\/nauticescala.com\/?s={search_term_string}"},"query-input":{"@type":"PropertyValueSpecification","valueRequired":true,"valueName":"search_term_string"}}],"inLanguage":"fr-FR"}]}},"_links":{"self":[{"href":"https:\/\/nauticescala.com\/fr\/wp-json\/wp\/v2\/product\/28262","targetHints":{"allow":["GET"]}}],"collection":[{"href":"https:\/\/nauticescala.com\/fr\/wp-json\/wp\/v2\/product"}],"about":[{"href":"https:\/\/nauticescala.com\/fr\/wp-json\/wp\/v2\/types\/product"}],"wp:featuredmedia":[{"embeddable":true,"href":"https:\/\/nauticescala.com\/fr\/wp-json\/wp\/v2\/media\/78816"}],"wp:attachment":[{"href":"https:\/\/nauticescala.com\/fr\/wp-json\/wp\/v2\/media?parent=28262"}],"wp:term":[{"taxonomy":"product_brand","embeddable":true,"href":"https:\/\/nauticescala.com\/fr\/wp-json\/wp\/v2\/product_brand?post=28262"},{"taxonomy":"product_cat","embeddable":true,"href":"https:\/\/nauticescala.com\/fr\/wp-json\/wp\/v2\/product_cat?post=28262"},{"taxonomy":"product_tag","embeddable":true,"href":"https:\/\/nauticescala.com\/fr\/wp-json\/wp\/v2\/product_tag?post=28262"},{"taxonomy":"activity_type","embeddable":true,"href":"https:\/\/nauticescala.com\/fr\/wp-json\/wp\/v2\/activity_type?post=28262"},{"taxonomy":"level","embeddable":true,"href":"https:\/\/nauticescala.com\/fr\/wp-json\/wp\/v2\/level?post=28262"},{"taxonomy":"age","embeddable":true,"href":"https:\/\/nauticescala.com\/fr\/wp-json\/wp\/v2\/age?post=28262"},{"taxonomy":"modality","embeddable":true,"href":"https:\/\/nauticescala.com\/fr\/wp-json\/wp\/v2\/modality?post=28262"},{"taxonomy":"payment_method","embeddable":true,"href":"https:\/\/nauticescala.com\/fr\/wp-json\/wp\/v2\/payment_method?post=28262"}],"curies":[{"name":"wp","href":"https:\/\/api.w.org\/{rel}","templated":true}]}}