 {"id":3168,"date":"2020-01-22T12:21:49","date_gmt":"2020-01-22T11:21:49","guid":{"rendered":"http:\/\/nauticescala.com\/?post_type=product&#038;p=3168"},"modified":"2020-04-02T11:04:58","modified_gmt":"2020-04-02T09:04:58","slug":"xii-costa-brava-sailing-meeting","status":"publish","type":"product","link":"https:\/\/nauticescala.com\/fr\/reservez-votre-activites-costa-brava\/xii-costa-brava-sailing-meeting\/","title":{"rendered":"XII Costa Brava Sailing Meeting"},"content":{"rendered":"\n    \n        <div class=\"btn-box\">\n            <a href=\"https:\/\/forms.office.com\/Pages\/ResponsePage.aspx?id=lqB1eUSjukqpLGJ9SVJpFIb5kQPhU09Hv1nt7Meg8qVUMTVPTlpBNzgzMUpaVlQyQzk2RVQ4NlA3TiQlQCN0PWcu\" target=\"_blank\" class=\"btn btn-primary\">Registre d&#039;entrenadors<\/a>\n\n        \n        \n\n<\/div><!-- end btn-box -->\n\n   \n<section class=\"article-section\"><div class=\"container\">\n\n<\/div><\/section>\n                            <div class=\"accordion-block\">\n                    <div id=\"accordion\" class=\"accordion\">\n                                                                            <div class=\"card\">\n                                <div class=\"card-header\">\n                                    <h3>\n                                        <a href=\"#\" class=\"collapsed\" data-toggle=\"collapse\" data-target=\"#collapse-01\" aria-expanded=\"true\"><i class=\"ico-opener\">&nbsp;<\/i>Drets d&rsquo;inscripci\u00f3<\/a>\n                                    <\/h3>\n                                <\/div><!-- end card-header -->\n                                <div id=\"collapse-01\" class=\"collapse\">\n                                                                    <div class=\"card-body\">\n\n                                        \n                                            \n                                                \n                                                    <ul>\n<li style=\"list-style-type: none;\">\n<ul>\n<li><strong>Fins el 28 de mar\u00e7 de 2020 <\/strong>a les 18.00 h.:<strong> 1<\/strong>5 euros per la classe Optimist. 20 \u20ac per la classe Open.<\/li>\n<li><strong>A partir del 28 de mar\u00e7 de 2020<\/strong>\u00a0a les 18.00\u00a0h.: 30 euros per tripulant per qualsevol classe.<\/li>\n<\/ul>\n<\/li>\n<\/ul>\n\n                                                \n                                            \n                                        \n                                    <\/div><!-- end card-body -->\n                                <\/div><!-- end collapse -->\n                            <\/div><!-- end card -->\n                                                                                <div class=\"card\">\n                                <div class=\"card-header\">\n                                    <h3>\n                                        <a href=\"#\" class=\"collapsed\" data-toggle=\"collapse\" data-target=\"#collapse-02\" aria-expanded=\"true\"><i class=\"ico-opener\">&nbsp;<\/i>Premis<\/a>\n                                    <\/h3>\n                                <\/div><!-- end card-header -->\n                                <div id=\"collapse-02\" class=\"collapse\">\n                                                                    <div class=\"card-body\">\n\n                                        \n                                            \n                                                                                                    \n                                                                                                                                                                        <div class=\"two-cols-text\">\n                                                                                                                \n                                                                                                                                                                                                <h4>Classe Optimist:<\/h4>\n                                                                                                                                                                                                    <ul class=\"unordered-list\">\n                                                                                                                                                                                                                                    <li>3 primers classificats categories Sots 16 i Sots 13<\/li>\n                                                                                                                                                                                                                                                                                                                <li>5 primers classificats G3<\/li>\n                                                                                                                                                                                                                                                                                                                <li>Obsequi per tots els participants G3<\/li>\n                                                                                                                                                                                                                        <\/ul><!-- end unordered-list -->\n                                                                                                                                                                                                                                                                <h4>Classe Open:<\/h4>\n                                                                                                                                                                                                    <ul class=\"unordered-list\">\n                                                                                                                                                                                                                                    <li>3 primers classificats<\/li>\n                                                                                                                                                                                                                                                                                                                <li>Es podr\u00e0 donar premi al primer classificat de cada categoria si hi ha un m\u00ednim de 3 embarcaci\u00f3ns inscrites, als dos primers si n\u2019hi ha 5, o als 3 primer si n\u2019hi ha m\u00e9s de 5.<\/li>\n                                                                                                                                                                                                                        <\/ul><!-- end unordered-list -->\n                                                                                                                                                                                                                                                        <\/div><!-- end two-cols-text -->\n                                                                                                                     \n                                                    \n                                                \n                                            \n                                        \n                                    <\/div><!-- end card-body -->\n                                <\/div><!-- end collapse -->\n                            <\/div><!-- end card -->\n                                                                                <div class=\"card\">\n                                <div class=\"card-header\">\n                                    <h3>\n                                        <a href=\"#\" class=\"collapsed\" data-toggle=\"collapse\" data-target=\"#collapse-03\" aria-expanded=\"true\"><i class=\"ico-opener\">&nbsp;<\/i>Necessites allotjament?<\/a>\n                                    <\/h3>\n                                <\/div><!-- end card-header -->\n                                <div id=\"collapse-03\" class=\"collapse\">\n                                                                    <div class=\"card-body\">\n\n                                        \n                                            \n                                                \n                                                                                                            <ul class=\"members-list\">\n                                                                                                                                                                                                <li>\n                                                                                                                                                    <a href=\"http:\/\/www.apartamentslescala.com\/ca\">\n                                                                                                                                                            <img decoding=\"async\" src=\"https:\/\/nauticescala.com\/wp-content\/uploads\/2020\/01\/apartaments-club-nautic.jpg\" alt=\"\" \/>\n                                                                                                                                                        <\/a>\n                                                                                                                                            <\/li>\n                                                                                                                                                                                                                                                                <li>\n                                                                                                                                                    <a href=\"http:\/\/www.lescalaresort.com\/index.php?idioma=ca\">\n                                                                                                                                                            <img decoding=\"async\" src=\"https:\/\/nauticescala.com\/wp-content\/uploads\/2020\/01\/escala-resort-1.jpg\" alt=\"\" \/>\n                                                                                                                                                        <\/a>\n                                                                                                                                            <\/li>\n                                                                                                                                                                                    <\/ul><!-- end members-list -->\n                                                    \n                                                \n                                            \n                                        \n                                    <\/div><!-- end card-body -->\n                                <\/div><!-- end collapse -->\n                            <\/div><!-- end card -->\n                                                                        <\/div><!-- end accordion -->\n                <\/div><!-- end accordion-block -->\n            \n<section class=\"article-section\"><div class=\"container\">\n\n<\/div><\/section>\n            \n<section class=\"article-section\"><div class=\"container\">\n\n<\/div><\/section>\t<div class=\"slideshow-item\">\n\t    <div class=\"slideshow-offset\">\n\t        <div class=\"slides\">\n\t        \t\t\t            <div class=\"slide\">\n\t\t                <figure class=\"image\">\n\t\t                    <img decoding=\"async\" src=\"https:\/\/nauticescala.com\/wp-content\/uploads\/2019\/09\/2019-club-nautic-lescala-70-compressed.jpg\" alt=\"\">\n\t\t                <\/figure><!-- end image -->\n\t\t            <\/div><!-- end slide -->\t        \t\t\n\t        \t\t\t            <div class=\"slide\">\n\t\t                <figure class=\"image\">\n\t\t                    <img decoding=\"async\" src=\"https:\/\/nauticescala.com\/wp-content\/uploads\/2019\/10\/img-27.jpg\" alt=\"\">\n\t\t                <\/figure><!-- end image -->\n\t\t            <\/div><!-- end slide -->\t        \t\t\n\t        \t\t\t            <div class=\"slide\">\n\t\t                <figure class=\"image\">\n\t\t                    <img decoding=\"async\" src=\"https:\/\/nauticescala.com\/wp-content\/uploads\/2019\/10\/img-28.jpg\" alt=\"\">\n\t\t                <\/figure><!-- end image -->\n\t\t            <\/div><!-- end slide -->\t        \t\t\n\t        \t\t\t            <div class=\"slide\">\n\t\t                <figure class=\"image\">\n\t\t                    <img decoding=\"async\" src=\"https:\/\/nauticescala.com\/wp-content\/uploads\/2019\/10\/img-27-1.jpg\" alt=\"\">\n\t\t                <\/figure><!-- end image -->\n\t\t            <\/div><!-- end slide -->\t        \t\t\n\t        \t\t\t            <div class=\"slide\">\n\t\t                <figure class=\"image\">\n\t\t                    <img decoding=\"async\" src=\"https:\/\/nauticescala.com\/wp-content\/uploads\/2019\/10\/img-28-1.jpg\" alt=\"\">\n\t\t                <\/figure><!-- end image -->\n\t\t            <\/div><!-- end slide -->\t        \t\t\n\t        \t\t           \n\t        <\/div><!-- end slides -->\n\t    <\/div><!-- end slideshow-offset -->\n\t<\/div><!-- end slideshow-item -->\n<section class=\"article-section\"><div class=\"container\">\n\n<\/div><\/section>\t<div class=\"container\">\n\n<div class=\"content-block\">\n \t \t\n \t \t   \n \t\t    <div class=\"partners-block\">\t    \t\n\t    \t\t    \t\t<h3>Col\u00b7labora:<\/h3>\n\t    \t  \n\t    \t   \n\t    \t\t\t        <ul class=\"partners-list\">\n\t\t        \t\t\t        \t\t\t\t\t            <li>\n\t\t\t                <a target=\"_blank\" href=\"#\">\n\t\t\t                \t\t\t\t                \t\t<img decoding=\"async\" src=\"https:\/\/nauticescala.com\/wp-content\/uploads\/2019\/10\/logo-13.png\" alt=\"\">\n\t\t\t                \t\t\t\t                <\/a>\n\t\t\t            <\/li>\t\t        \t\t\n\t\t        \t\t\t        \t\t\t\t\t            <li>\n\t\t\t                <a target=\"_blank\" href=\"#no-follow\">\n\t\t\t                \t\t\t\t                \t\t<img decoding=\"async\" src=\"https:\/\/nauticescala.com\/wp-content\/uploads\/2020\/01\/ajuntament-escala.jpg\" alt=\"\">\n\t\t\t                \t\t\t\t                <\/a>\n\t\t\t            <\/li>\t\t        \t\t\n\t\t        \t\t\t            \n\t\t        <\/ul><!-- end partners-list -->\t    \t\t\n\t    \t\t    <\/div><!-- end partners-block --> \t   \t\n \t   \n<\/div><!-- end content-block -->\n\n\t<\/div>\n\n","protected":false},"excerpt":{"rendered":"<p>Vela lleugera<br \/>Inscripcions: fins el 29 de mar\u00e7, 2020<\/p>\n","protected":false},"featured_media":3171,"template":"","meta":{"_acf_changed":false,"_monsterinsights_skip_tracking":false,"_monsterinsights_sitenote_active":false,"_monsterinsights_sitenote_note":"","_monsterinsights_sitenote_category":0},"product_brand":[],"product_cat":[99],"product_tag":[],"activity_type":[],"level":[],"age":[],"modality":[],"payment_method":[],"class_list":{"0":"post-3168","1":"product","2":"type-product","3":"status-publish","4":"has-post-thumbnail","6":"product_cat-sense-categoria","8":"first","9":"instock","10":"shipping-taxable","11":"purchasable","12":"product-type-simple"},"acf":[],"yoast_head":"<!-- This site is optimized with the Yoast SEO Premium plugin v20.7 (Yoast SEO v27.4) - https:\/\/yoast.com\/product\/yoast-seo-premium-wordpress\/ -->\n<title>XII Costa Brava Sailing Meeting &#8211; Club N\u00e0utic L\u2019Escala<\/title>\n<meta name=\"robots\" content=\"index, follow, max-snippet:-1, max-image-preview:large, max-video-preview:-1\" \/>\n<link rel=\"canonical\" href=\"https:\/\/nauticescala.com\/activitats-costa-brava\/xii-costa-brava-sailing-meeting\/\" \/>\n<meta property=\"og:locale\" content=\"fr_FR\" \/>\n<meta property=\"og:type\" content=\"article\" \/>\n<meta property=\"og:title\" content=\"XII Costa Brava Sailing Meeting\" \/>\n<meta property=\"og:description\" content=\"Vela lleugeraInscripcions: fins el 29 de mar\u00e7, 2020\" \/>\n<meta property=\"og:url\" content=\"https:\/\/nauticescala.com\/activitats-costa-brava\/xii-costa-brava-sailing-meeting\/\" \/>\n<meta property=\"og:site_name\" content=\"Club N\u00e0utic L\u2019Escala\" \/>\n<meta property=\"article:modified_time\" content=\"2020-04-02T09:04:58+00:00\" \/>\n<meta property=\"og:image\" content=\"https:\/\/nauticescala.com\/wp-content\/uploads\/2020\/01\/2020-club-nautic-lescala-24.jpg\" \/>\n\t<meta property=\"og:image:width\" content=\"1200\" \/>\n\t<meta property=\"og:image:height\" content=\"605\" \/>\n\t<meta property=\"og:image:type\" content=\"image\/jpeg\" \/>\n<meta name=\"twitter:card\" content=\"summary_large_image\" \/>\n<script type=\"application\/ld+json\" class=\"yoast-schema-graph\">{\"@context\":\"https:\\\/\\\/schema.org\",\"@graph\":[{\"@type\":\"WebPage\",\"@id\":\"https:\\\/\\\/nauticescala.com\\\/activitats-costa-brava\\\/xii-costa-brava-sailing-meeting\\\/\",\"url\":\"https:\\\/\\\/nauticescala.com\\\/activitats-costa-brava\\\/xii-costa-brava-sailing-meeting\\\/\",\"name\":\"XII Costa Brava Sailing Meeting &#8211; Club N\u00e0utic L\u2019Escala\",\"isPartOf\":{\"@id\":\"https:\\\/\\\/nauticescala.com\\\/#website\"},\"primaryImageOfPage\":{\"@id\":\"https:\\\/\\\/nauticescala.com\\\/activitats-costa-brava\\\/xii-costa-brava-sailing-meeting\\\/#primaryimage\"},\"image\":{\"@id\":\"https:\\\/\\\/nauticescala.com\\\/activitats-costa-brava\\\/xii-costa-brava-sailing-meeting\\\/#primaryimage\"},\"thumbnailUrl\":\"https:\\\/\\\/nauticescala.com\\\/wp-content\\\/uploads\\\/2020\\\/01\\\/2020-club-nautic-lescala-24.jpg\",\"datePublished\":\"2020-01-22T11:21:49+00:00\",\"dateModified\":\"2020-04-02T09:04:58+00:00\",\"breadcrumb\":{\"@id\":\"https:\\\/\\\/nauticescala.com\\\/activitats-costa-brava\\\/xii-costa-brava-sailing-meeting\\\/#breadcrumb\"},\"inLanguage\":\"fr-FR\",\"potentialAction\":[{\"@type\":\"ReadAction\",\"target\":[\"https:\\\/\\\/nauticescala.com\\\/activitats-costa-brava\\\/xii-costa-brava-sailing-meeting\\\/\"]}]},{\"@type\":\"ImageObject\",\"inLanguage\":\"fr-FR\",\"@id\":\"https:\\\/\\\/nauticescala.com\\\/activitats-costa-brava\\\/xii-costa-brava-sailing-meeting\\\/#primaryimage\",\"url\":\"https:\\\/\\\/nauticescala.com\\\/wp-content\\\/uploads\\\/2020\\\/01\\\/2020-club-nautic-lescala-24.jpg\",\"contentUrl\":\"https:\\\/\\\/nauticescala.com\\\/wp-content\\\/uploads\\\/2020\\\/01\\\/2020-club-nautic-lescala-24.jpg\",\"width\":1200,\"height\":605,\"caption\":\"Club N\u00e0utic l'Escala-Costa Brava Sailing Meeting\"},{\"@type\":\"BreadcrumbList\",\"@id\":\"https:\\\/\\\/nauticescala.com\\\/activitats-costa-brava\\\/xii-costa-brava-sailing-meeting\\\/#breadcrumb\",\"itemListElement\":[{\"@type\":\"ListItem\",\"position\":1,\"name\":\"Home\",\"item\":\"https:\\\/\\\/nauticescala.com\\\/fr\\\/\"},{\"@type\":\"ListItem\",\"position\":2,\"name\":\"Reservez votre activit\u00e9s sur la Costa Brava\",\"item\":\"https:\\\/\\\/nauticescala.com\\\/fr\\\/reservez-votre-activites-sur-la-costa-brava\\\/\"},{\"@type\":\"ListItem\",\"position\":3,\"name\":\"XII Costa Brava Sailing Meeting\"}]},{\"@type\":\"WebSite\",\"@id\":\"https:\\\/\\\/nauticescala.com\\\/#website\",\"url\":\"https:\\\/\\\/nauticescala.com\\\/\",\"name\":\"Club N\u00e0utic L\u2019Escala\",\"description\":\"Port esportiu a la Costa Brava\",\"potentialAction\":[{\"@type\":\"SearchAction\",\"target\":{\"@type\":\"EntryPoint\",\"urlTemplate\":\"https:\\\/\\\/nauticescala.com\\\/?s={search_term_string}\"},\"query-input\":{\"@type\":\"PropertyValueSpecification\",\"valueRequired\":true,\"valueName\":\"search_term_string\"}}],\"inLanguage\":\"fr-FR\"}]}<\/script>\n<!-- \/ Yoast SEO Premium plugin. -->","yoast_head_json":{"title":"XII Costa Brava Sailing Meeting &#8211; Club N\u00e0utic L\u2019Escala","robots":{"index":"index","follow":"follow","max-snippet":"max-snippet:-1","max-image-preview":"max-image-preview:large","max-video-preview":"max-video-preview:-1"},"canonical":"https:\/\/nauticescala.com\/activitats-costa-brava\/xii-costa-brava-sailing-meeting\/","og_locale":"fr_FR","og_type":"article","og_title":"XII Costa Brava Sailing Meeting","og_description":"Vela lleugeraInscripcions: fins el 29 de mar\u00e7, 2020","og_url":"https:\/\/nauticescala.com\/activitats-costa-brava\/xii-costa-brava-sailing-meeting\/","og_site_name":"Club N\u00e0utic L\u2019Escala","article_modified_time":"2020-04-02T09:04:58+00:00","og_image":[{"width":1200,"height":605,"url":"https:\/\/nauticescala.com\/wp-content\/uploads\/2020\/01\/2020-club-nautic-lescala-24.jpg","type":"image\/jpeg"}],"twitter_card":"summary_large_image","schema":{"@context":"https:\/\/schema.org","@graph":[{"@type":"WebPage","@id":"https:\/\/nauticescala.com\/activitats-costa-brava\/xii-costa-brava-sailing-meeting\/","url":"https:\/\/nauticescala.com\/activitats-costa-brava\/xii-costa-brava-sailing-meeting\/","name":"XII Costa Brava Sailing Meeting &#8211; Club N\u00e0utic L\u2019Escala","isPartOf":{"@id":"https:\/\/nauticescala.com\/#website"},"primaryImageOfPage":{"@id":"https:\/\/nauticescala.com\/activitats-costa-brava\/xii-costa-brava-sailing-meeting\/#primaryimage"},"image":{"@id":"https:\/\/nauticescala.com\/activitats-costa-brava\/xii-costa-brava-sailing-meeting\/#primaryimage"},"thumbnailUrl":"https:\/\/nauticescala.com\/wp-content\/uploads\/2020\/01\/2020-club-nautic-lescala-24.jpg","datePublished":"2020-01-22T11:21:49+00:00","dateModified":"2020-04-02T09:04:58+00:00","breadcrumb":{"@id":"https:\/\/nauticescala.com\/activitats-costa-brava\/xii-costa-brava-sailing-meeting\/#breadcrumb"},"inLanguage":"fr-FR","potentialAction":[{"@type":"ReadAction","target":["https:\/\/nauticescala.com\/activitats-costa-brava\/xii-costa-brava-sailing-meeting\/"]}]},{"@type":"ImageObject","inLanguage":"fr-FR","@id":"https:\/\/nauticescala.com\/activitats-costa-brava\/xii-costa-brava-sailing-meeting\/#primaryimage","url":"https:\/\/nauticescala.com\/wp-content\/uploads\/2020\/01\/2020-club-nautic-lescala-24.jpg","contentUrl":"https:\/\/nauticescala.com\/wp-content\/uploads\/2020\/01\/2020-club-nautic-lescala-24.jpg","width":1200,"height":605,"caption":"Club N\u00e0utic l'Escala-Costa Brava Sailing Meeting"},{"@type":"BreadcrumbList","@id":"https:\/\/nauticescala.com\/activitats-costa-brava\/xii-costa-brava-sailing-meeting\/#breadcrumb","itemListElement":[{"@type":"ListItem","position":1,"name":"Home","item":"https:\/\/nauticescala.com\/fr\/"},{"@type":"ListItem","position":2,"name":"Reservez votre activit\u00e9s sur la Costa Brava","item":"https:\/\/nauticescala.com\/fr\/reservez-votre-activites-sur-la-costa-brava\/"},{"@type":"ListItem","position":3,"name":"XII Costa Brava Sailing Meeting"}]},{"@type":"WebSite","@id":"https:\/\/nauticescala.com\/#website","url":"https:\/\/nauticescala.com\/","name":"Club N\u00e0utic L\u2019Escala","description":"Port esportiu a la Costa Brava","potentialAction":[{"@type":"SearchAction","target":{"@type":"EntryPoint","urlTemplate":"https:\/\/nauticescala.com\/?s={search_term_string}"},"query-input":{"@type":"PropertyValueSpecification","valueRequired":true,"valueName":"search_term_string"}}],"inLanguage":"fr-FR"}]}},"_links":{"self":[{"href":"https:\/\/nauticescala.com\/fr\/wp-json\/wp\/v2\/product\/3168","targetHints":{"allow":["GET"]}}],"collection":[{"href":"https:\/\/nauticescala.com\/fr\/wp-json\/wp\/v2\/product"}],"about":[{"href":"https:\/\/nauticescala.com\/fr\/wp-json\/wp\/v2\/types\/product"}],"wp:featuredmedia":[{"embeddable":true,"href":"https:\/\/nauticescala.com\/fr\/wp-json\/wp\/v2\/media\/3171"}],"wp:attachment":[{"href":"https:\/\/nauticescala.com\/fr\/wp-json\/wp\/v2\/media?parent=3168"}],"wp:term":[{"taxonomy":"product_brand","embeddable":true,"href":"https:\/\/nauticescala.com\/fr\/wp-json\/wp\/v2\/product_brand?post=3168"},{"taxonomy":"product_cat","embeddable":true,"href":"https:\/\/nauticescala.com\/fr\/wp-json\/wp\/v2\/product_cat?post=3168"},{"taxonomy":"product_tag","embeddable":true,"href":"https:\/\/nauticescala.com\/fr\/wp-json\/wp\/v2\/product_tag?post=3168"},{"taxonomy":"activity_type","embeddable":true,"href":"https:\/\/nauticescala.com\/fr\/wp-json\/wp\/v2\/activity_type?post=3168"},{"taxonomy":"level","embeddable":true,"href":"https:\/\/nauticescala.com\/fr\/wp-json\/wp\/v2\/level?post=3168"},{"taxonomy":"age","embeddable":true,"href":"https:\/\/nauticescala.com\/fr\/wp-json\/wp\/v2\/age?post=3168"},{"taxonomy":"modality","embeddable":true,"href":"https:\/\/nauticescala.com\/fr\/wp-json\/wp\/v2\/modality?post=3168"},{"taxonomy":"payment_method","embeddable":true,"href":"https:\/\/nauticescala.com\/fr\/wp-json\/wp\/v2\/payment_method?post=3168"}],"curies":[{"name":"wp","href":"https:\/\/api.w.org\/{rel}","templated":true}]}}