 {"id":59034,"date":"2023-12-05T10:45:06","date_gmt":"2023-12-05T09:45:06","guid":{"rendered":"https:\/\/nauticescala.com\/?p=59034&#038;post_type=product&#038;preview_id=59034"},"modified":"2023-12-05T16:42:03","modified_gmt":"2023-12-05T15:42:03","slug":"navega-per-la-marato","status":"publish","type":"product","link":"https:\/\/nauticescala.com\/fr\/reservez-votre-activites-costa-brava\/navega-per-la-marato\/","title":{"rendered":"Navega per La Marat\u00f3 de TV3"},"content":{"rendered":"\n                            <div class=\"accordion-block\">\n                    <div id=\"accordion\" class=\"accordion\">\n                                                                            <div class=\"card\">\n                                <div class=\"card-header\">\n                                    <h3>\n                                        <a href=\"#\" class=\"collapsed\" data-toggle=\"collapse\" data-target=\"#collapse-01\" aria-expanded=\"true\"><i class=\"ico-opener\">&nbsp;<\/i>Diumenge 10 de desembre<\/a>\n                                    <\/h3>\n                                <\/div><!-- end card-header -->\n                                <div id=\"collapse-01\" class=\"collapse\">\n                                                                    <div class=\"card-body\">\n\n                                        \n                                            \n                                                \n                                                    <p><strong>10:30 a 14:00 &#8211; Activitat de caiac i stand up paddle<\/strong><\/p>\n<ul>\n<li style=\"list-style-type: none;\">\n<ul>\n<li>Gaudeix al teu aire del <strong>caiac i el stand up paddle <\/strong>i contribueix amb una bona causa.<\/li>\n<li><strong>Durada de l&rsquo;activitat:<\/strong> 2 h.<\/li>\n<li><strong>Sense experi\u00e8ncia pr\u00e8via requerida.<\/strong><\/li>\n<li><strong>Preu:<\/strong> 10 \u20ac\/persona que aniran destinats \u00edntegrament a la campanya. <strong>Inclou: <\/strong>donatiu, lloguer de material, neopr\u00e8, armilla salvavides, sorteig i pica-pica final.<\/li>\n<li><a href=\"https:\/\/forms.office.com\/Pages\/ResponsePage.aspx?id=lqB1eUSjukqpLGJ9SVJpFIb5kQPhU09Hv1nt7Meg8qVUNVpMNVNPS002ODdDWlEzMTU0Wk1NWDEwSSQlQCN0PWcu\" target=\"_blank\" rel=\"noopener\"><strong>Fes la teva reserva!<\/strong><\/a><\/li>\n<\/ul>\n<\/li>\n<\/ul>\n<p><strong>11:00 a 14:00 h &#8211; Activitat de Vela lleugera<\/strong><\/p>\n<ul>\n<li style=\"list-style-type: none;\">\n<ul>\n<li>Vine a navegar la <strong>Trobada Open Tardor de vela lleugera<\/strong>, gaudeix de la competici\u00f3 m\u00e9s sana i divertida i<strong> participa al sorteig d&rsquo;una Ruta Guiada amb vela de creuer de 3 h per a 4 persones<\/strong> mentre contribueixes amb una bona causa. La jornada acabar\u00e0 amb un pica-pica durant el que celebrarem el sorteig.<\/li>\n<li><strong>Durada de l&rsquo;activitat:<\/strong> 3 h<\/li>\n<li><strong>Experi\u00e8ncia requerida:<\/strong> nivell mitj\u00e0 de vela lleugera.<\/li>\n<li><strong>Preu:<\/strong> 10 \u20ac\/persona que aniran destinats \u00edntegrament a la campanya.\u00a0<strong>Inclou:\u00a0<\/strong>donatiu, lloguer de l&#8217;embarcaci\u00f3, neopr\u00e8 i armilla salvavides, participaci\u00f3 a l&rsquo;activitat dirigida, sorteig i pica-pica final.<\/li>\n<li><a href=\"https:\/\/forms.office.com\/Pages\/ResponsePage.aspx?id=lqB1eUSjukqpLGJ9SVJpFIb5kQPhU09Hv1nt7Meg8qVUNVpMNVNPS002ODdDWlEzMTU0Wk1NWDEwSSQlQCN0PWcu\" target=\"_blank\" rel=\"noopener\"><strong>Fes la teva reserva!<\/strong><\/a><\/li>\n<\/ul>\n<\/li>\n<\/ul>\n<ul>\n<li style=\"list-style-type: none;\"><\/li>\n<\/ul>\n\n                                                \n                                            \n                                        \n                                    <\/div><!-- end card-body -->\n                                <\/div><!-- end collapse -->\n                            <\/div><!-- end card -->\n                                                                                <div class=\"card\">\n                                <div class=\"card-header\">\n                                    <h3>\n                                        <a href=\"#\" class=\"collapsed\" data-toggle=\"collapse\" data-target=\"#collapse-02\" aria-expanded=\"true\"><i class=\"ico-opener\">&nbsp;<\/i>Dissabte 16 de desembre<\/a>\n                                    <\/h3>\n                                <\/div><!-- end card-header -->\n                                <div id=\"collapse-02\" class=\"collapse\">\n                                                                    <div class=\"card-body\">\n\n                                        \n                                            \n                                                \n                                                    <p><strong>11:00 a 15:00 h &#8211; Activitat de creuer<\/strong><\/p>\n<ul>\n<li style=\"list-style-type: none;\">\n<ul>\n<li>Vine a navegar la <strong>tercera prova de la Ruta de l&rsquo;Anxova<\/strong>, gaudeix de la trobada social de creuer m\u00e9s solid\u00e0ria del Club i <strong>participa al sorteig d&rsquo;un fant\u00e0stic lot de Nadal gastron\u00f2mic<\/strong>. La jornada comen\u00e7ar\u00e0 a les 11 h a l&rsquo;Escola de Vela amb un esmorzar durant el que celebrarem el sorteig i finalitzar\u00e0 amb un dinar opcional al Restaurant Bol Roig.(Preu del dinar 23\u20ac\/p)<\/li>\n<li><strong>Durada de l&rsquo;activitat:<\/strong> 4 h<\/li>\n<li>L&rsquo;activitat \u00e9s oberta a totes les persones propiet\u00e0ries d&#8217;embarcacions de creuer.<\/li>\n<li><strong>Preu:<\/strong> 30 \u20ac\/embarcaci\u00f3 que aniran destinats \u00edntegrament a la campanya. <strong>Inclou:\u00a0<\/strong>donatiu, participaci\u00f3 a l&rsquo;activitat, sorteig i esmorzar. No inclou: dinar.<\/li>\n<li><a href=\"https:\/\/nauticescala.com\/activitats-costa-brava\/2023-ruta-de-lanxova\/\"><strong>Fes la teva reserva!<\/strong><\/a><\/li>\n<\/ul>\n<\/li>\n<\/ul>\n\n                                                \n                                            \n                                        \n                                    <\/div><!-- end card-body -->\n                                <\/div><!-- end collapse -->\n                            <\/div><!-- end card -->\n                                                                        <\/div><!-- end accordion -->\n                <\/div><!-- end accordion-block -->\n            \n<section class=\"article-section\"><div class=\"container\">\n\n<\/div><\/section>\t<div class=\"slideshow-item\">\n\t    <div class=\"slideshow-offset\">\n\t        <div class=\"slides\">\n\t        \t\t\t            <div class=\"slide\">\n\t\t                <figure class=\"image\">\n\t\t                    <img decoding=\"async\" src=\"https:\/\/nauticescala.com\/wp-content\/uploads\/2020\/04\/2013-cn-lescala-sup-2.jpg\" alt=\"\">\n\t\t                <\/figure><!-- end image -->\n\t\t            <\/div><!-- end slide -->\t        \t\t\n\t        \t\t\t            <div class=\"slide\">\n\t\t                <figure class=\"image\">\n\t\t                    <img decoding=\"async\" src=\"https:\/\/nauticescala.com\/wp-content\/uploads\/2020\/02\/2010-cn-lescala-sup-2.jpg\" alt=\"\">\n\t\t                <\/figure><!-- end image -->\n\t\t            <\/div><!-- end slide -->\t        \t\t\n\t        \t\t\t            <div class=\"slide\">\n\t\t                <figure class=\"image\">\n\t\t                    <img decoding=\"async\" src=\"https:\/\/nauticescala.com\/wp-content\/uploads\/2020\/02\/2017-cn-lescala-caiac-2.jpg\" alt=\"\">\n\t\t                <\/figure><!-- end image -->\n\t\t            <\/div><!-- end slide -->\t        \t\t\n\t        \t\t\t            <div class=\"slide\">\n\t\t                <figure class=\"image\">\n\t\t                    <img decoding=\"async\" src=\"https:\/\/nauticescala.com\/wp-content\/uploads\/2020\/02\/2017-cn-lescala-vela-2.jpg\" alt=\"\">\n\t\t                <\/figure><!-- end image -->\n\t\t            <\/div><!-- end slide -->\t        \t\t\n\t        \t\t\t            <div class=\"slide\">\n\t\t                <figure class=\"image\">\n\t\t                    <img decoding=\"async\" src=\"https:\/\/nauticescala.com\/wp-content\/uploads\/2020\/02\/2017-cn-lescala-vela-3.jpg\" alt=\"\">\n\t\t                <\/figure><!-- end image -->\n\t\t            <\/div><!-- end slide -->\t        \t\t\n\t        \t\t\t            <div class=\"slide\">\n\t\t                <figure class=\"image\">\n\t\t                    <img decoding=\"async\" src=\"https:\/\/nauticescala.com\/wp-content\/uploads\/2021\/03\/2013-caiac-lescala-1.jpg\" alt=\"\">\n\t\t                <\/figure><!-- end image -->\n\t\t            <\/div><!-- end slide -->\t        \t\t\n\t        \t\t\t            <div class=\"slide\">\n\t\t                <figure class=\"image\">\n\t\t                    <img decoding=\"async\" src=\"https:\/\/nauticescala.com\/wp-content\/uploads\/2020\/02\/2019-club-nautic-lescala-11.jpg\" alt=\"\">\n\t\t                <\/figure><!-- end image -->\n\t\t            <\/div><!-- end slide -->\t        \t\t\n\t        \t\t\t            <div class=\"slide\">\n\t\t                <figure class=\"image\">\n\t\t                    <img decoding=\"async\" src=\"https:\/\/nauticescala.com\/wp-content\/uploads\/2022\/12\/2020-nauticescala-vela-lleugera-abonats-2.jpg\" alt=\"\">\n\t\t                <\/figure><!-- end image -->\n\t\t            <\/div><!-- end slide -->\t        \t\t\n\t        \t\t\t            <div class=\"slide\">\n\t\t                <figure class=\"image\">\n\t\t                    <img decoding=\"async\" src=\"https:\/\/nauticescala.com\/wp-content\/uploads\/2023\/04\/2023-club-nautic-lescala-caiac-rem-6.jpg\" alt=\"\">\n\t\t                <\/figure><!-- end image -->\n\t\t            <\/div><!-- end slide -->\t        \t\t\n\t        \t\t\t            <div class=\"slide\">\n\t\t                <figure class=\"image\">\n\t\t                    <img decoding=\"async\" src=\"https:\/\/nauticescala.com\/wp-content\/uploads\/2023\/12\/2022-club-nautic-lescala-creuer-21.jpg\" alt=\"\">\n\t\t                <\/figure><!-- end image -->\n\t\t            <\/div><!-- end slide -->\t        \t\t\n\t        \t\t           \n\t        <\/div><!-- end slides -->\n\t    <\/div><!-- end slideshow-offset -->\n\t<\/div><!-- end slideshow-item -->\n","protected":false},"excerpt":{"rendered":"<p>Activitat b\u00e8nefica contra l&rsquo;Esclerosi Multiple<\/p>\n","protected":false},"featured_media":59038,"template":"","meta":{"_acf_changed":false,"_monsterinsights_skip_tracking":false,"_monsterinsights_sitenote_active":false,"_monsterinsights_sitenote_note":"","_monsterinsights_sitenote_category":0},"product_brand":[],"product_cat":[99],"product_tag":[],"activity_type":[],"level":[],"age":[],"modality":[],"payment_method":[],"class_list":{"0":"post-59034","1":"product","2":"type-product","3":"status-publish","4":"has-post-thumbnail","6":"product_cat-sense-categoria","8":"first","9":"instock","10":"shipping-taxable","11":"product-type-simple"},"acf":[],"yoast_head":"<!-- This site is optimized with the Yoast SEO Premium plugin v20.7 (Yoast SEO v27.4) - https:\/\/yoast.com\/product\/yoast-seo-premium-wordpress\/ -->\n<title>Navega per La Marat\u00f3 de TV3 &#8211; Club N\u00e0utic L\u2019Escala<\/title>\n<meta name=\"description\" content=\"El Club N\u00e0utic l\u2019Escala col\u00b7labora amb la Marat\u00f3 de TV3 i et convida a contribuir a millorar la salut sexual i reproductiva.\" \/>\n<meta name=\"robots\" content=\"index, follow, max-snippet:-1, max-image-preview:large, max-video-preview:-1\" \/>\n<link rel=\"canonical\" href=\"https:\/\/nauticescala.com\/activitats-costa-brava\/navega-per-la-marato\/\" \/>\n<meta property=\"og:locale\" content=\"fr_FR\" \/>\n<meta property=\"og:type\" content=\"article\" \/>\n<meta property=\"og:title\" content=\"Navega per La Marat\u00f3 de TV3\" \/>\n<meta property=\"og:description\" content=\"El Club N\u00e0utic l\u2019Escala col\u00b7labora amb la Marat\u00f3 de TV3 i et convida a contribuir a millorar la salut sexual i reproductiva.\" \/>\n<meta property=\"og:url\" content=\"https:\/\/nauticescala.com\/activitats-costa-brava\/navega-per-la-marato\/\" \/>\n<meta property=\"og:site_name\" content=\"Club N\u00e0utic L\u2019Escala\" \/>\n<meta property=\"article:modified_time\" content=\"2023-12-05T15:42:03+00:00\" \/>\n<meta property=\"og:image\" content=\"https:\/\/nauticescala.com\/wp-content\/uploads\/2023\/12\/2023-nauticescala-rem-3.jpg\" \/>\n\t<meta property=\"og:image:width\" content=\"1800\" \/>\n\t<meta property=\"og:image:height\" content=\"907\" \/>\n\t<meta property=\"og:image:type\" content=\"image\/jpeg\" \/>\n<meta name=\"twitter:card\" content=\"summary_large_image\" \/>\n<script type=\"application\/ld+json\" class=\"yoast-schema-graph\">{\"@context\":\"https:\\\/\\\/schema.org\",\"@graph\":[{\"@type\":\"WebPage\",\"@id\":\"https:\\\/\\\/nauticescala.com\\\/activitats-costa-brava\\\/navega-per-la-marato\\\/\",\"url\":\"https:\\\/\\\/nauticescala.com\\\/activitats-costa-brava\\\/navega-per-la-marato\\\/\",\"name\":\"Navega per La Marat\u00f3 de TV3 &#8211; Club N\u00e0utic L\u2019Escala\",\"isPartOf\":{\"@id\":\"https:\\\/\\\/nauticescala.com\\\/#website\"},\"primaryImageOfPage\":{\"@id\":\"https:\\\/\\\/nauticescala.com\\\/activitats-costa-brava\\\/navega-per-la-marato\\\/#primaryimage\"},\"image\":{\"@id\":\"https:\\\/\\\/nauticescala.com\\\/activitats-costa-brava\\\/navega-per-la-marato\\\/#primaryimage\"},\"thumbnailUrl\":\"https:\\\/\\\/nauticescala.com\\\/wp-content\\\/uploads\\\/2023\\\/12\\\/2023-nauticescala-rem-3.jpg\",\"datePublished\":\"2023-12-05T09:45:06+00:00\",\"dateModified\":\"2023-12-05T15:42:03+00:00\",\"description\":\"El Club N\u00e0utic l\u2019Escala col\u00b7labora amb la Marat\u00f3 de TV3 i et convida a contribuir a millorar la salut sexual i reproductiva.\",\"breadcrumb\":{\"@id\":\"https:\\\/\\\/nauticescala.com\\\/activitats-costa-brava\\\/navega-per-la-marato\\\/#breadcrumb\"},\"inLanguage\":\"fr-FR\",\"potentialAction\":[{\"@type\":\"ReadAction\",\"target\":[\"https:\\\/\\\/nauticescala.com\\\/activitats-costa-brava\\\/navega-per-la-marato\\\/\"]}]},{\"@type\":\"ImageObject\",\"inLanguage\":\"fr-FR\",\"@id\":\"https:\\\/\\\/nauticescala.com\\\/activitats-costa-brava\\\/navega-per-la-marato\\\/#primaryimage\",\"url\":\"https:\\\/\\\/nauticescala.com\\\/wp-content\\\/uploads\\\/2023\\\/12\\\/2023-nauticescala-rem-3.jpg\",\"contentUrl\":\"https:\\\/\\\/nauticescala.com\\\/wp-content\\\/uploads\\\/2023\\\/12\\\/2023-nauticescala-rem-3.jpg\",\"width\":1800,\"height\":907},{\"@type\":\"BreadcrumbList\",\"@id\":\"https:\\\/\\\/nauticescala.com\\\/activitats-costa-brava\\\/navega-per-la-marato\\\/#breadcrumb\",\"itemListElement\":[{\"@type\":\"ListItem\",\"position\":1,\"name\":\"Home\",\"item\":\"https:\\\/\\\/nauticescala.com\\\/fr\\\/\"},{\"@type\":\"ListItem\",\"position\":2,\"name\":\"Reservez votre activit\u00e9s sur la Costa Brava\",\"item\":\"https:\\\/\\\/nauticescala.com\\\/fr\\\/reservez-votre-activites-sur-la-costa-brava\\\/\"},{\"@type\":\"ListItem\",\"position\":3,\"name\":\"Navega per La Marat\u00f3 de TV3\"}]},{\"@type\":\"WebSite\",\"@id\":\"https:\\\/\\\/nauticescala.com\\\/#website\",\"url\":\"https:\\\/\\\/nauticescala.com\\\/\",\"name\":\"Club N\u00e0utic L\u2019Escala\",\"description\":\"Port esportiu a la Costa Brava\",\"potentialAction\":[{\"@type\":\"SearchAction\",\"target\":{\"@type\":\"EntryPoint\",\"urlTemplate\":\"https:\\\/\\\/nauticescala.com\\\/?s={search_term_string}\"},\"query-input\":{\"@type\":\"PropertyValueSpecification\",\"valueRequired\":true,\"valueName\":\"search_term_string\"}}],\"inLanguage\":\"fr-FR\"}]}<\/script>\n<!-- \/ Yoast SEO Premium plugin. -->","yoast_head_json":{"title":"Navega per La Marat\u00f3 de TV3 &#8211; Club N\u00e0utic L\u2019Escala","description":"El Club N\u00e0utic l\u2019Escala col\u00b7labora amb la Marat\u00f3 de TV3 i et convida a contribuir a millorar la salut sexual i reproductiva.","robots":{"index":"index","follow":"follow","max-snippet":"max-snippet:-1","max-image-preview":"max-image-preview:large","max-video-preview":"max-video-preview:-1"},"canonical":"https:\/\/nauticescala.com\/activitats-costa-brava\/navega-per-la-marato\/","og_locale":"fr_FR","og_type":"article","og_title":"Navega per La Marat\u00f3 de TV3","og_description":"El Club N\u00e0utic l\u2019Escala col\u00b7labora amb la Marat\u00f3 de TV3 i et convida a contribuir a millorar la salut sexual i reproductiva.","og_url":"https:\/\/nauticescala.com\/activitats-costa-brava\/navega-per-la-marato\/","og_site_name":"Club N\u00e0utic L\u2019Escala","article_modified_time":"2023-12-05T15:42:03+00:00","og_image":[{"width":1800,"height":907,"url":"https:\/\/nauticescala.com\/wp-content\/uploads\/2023\/12\/2023-nauticescala-rem-3.jpg","type":"image\/jpeg"}],"twitter_card":"summary_large_image","schema":{"@context":"https:\/\/schema.org","@graph":[{"@type":"WebPage","@id":"https:\/\/nauticescala.com\/activitats-costa-brava\/navega-per-la-marato\/","url":"https:\/\/nauticescala.com\/activitats-costa-brava\/navega-per-la-marato\/","name":"Navega per La Marat\u00f3 de TV3 &#8211; Club N\u00e0utic L\u2019Escala","isPartOf":{"@id":"https:\/\/nauticescala.com\/#website"},"primaryImageOfPage":{"@id":"https:\/\/nauticescala.com\/activitats-costa-brava\/navega-per-la-marato\/#primaryimage"},"image":{"@id":"https:\/\/nauticescala.com\/activitats-costa-brava\/navega-per-la-marato\/#primaryimage"},"thumbnailUrl":"https:\/\/nauticescala.com\/wp-content\/uploads\/2023\/12\/2023-nauticescala-rem-3.jpg","datePublished":"2023-12-05T09:45:06+00:00","dateModified":"2023-12-05T15:42:03+00:00","description":"El Club N\u00e0utic l\u2019Escala col\u00b7labora amb la Marat\u00f3 de TV3 i et convida a contribuir a millorar la salut sexual i reproductiva.","breadcrumb":{"@id":"https:\/\/nauticescala.com\/activitats-costa-brava\/navega-per-la-marato\/#breadcrumb"},"inLanguage":"fr-FR","potentialAction":[{"@type":"ReadAction","target":["https:\/\/nauticescala.com\/activitats-costa-brava\/navega-per-la-marato\/"]}]},{"@type":"ImageObject","inLanguage":"fr-FR","@id":"https:\/\/nauticescala.com\/activitats-costa-brava\/navega-per-la-marato\/#primaryimage","url":"https:\/\/nauticescala.com\/wp-content\/uploads\/2023\/12\/2023-nauticescala-rem-3.jpg","contentUrl":"https:\/\/nauticescala.com\/wp-content\/uploads\/2023\/12\/2023-nauticescala-rem-3.jpg","width":1800,"height":907},{"@type":"BreadcrumbList","@id":"https:\/\/nauticescala.com\/activitats-costa-brava\/navega-per-la-marato\/#breadcrumb","itemListElement":[{"@type":"ListItem","position":1,"name":"Home","item":"https:\/\/nauticescala.com\/fr\/"},{"@type":"ListItem","position":2,"name":"Reservez votre activit\u00e9s sur la Costa Brava","item":"https:\/\/nauticescala.com\/fr\/reservez-votre-activites-sur-la-costa-brava\/"},{"@type":"ListItem","position":3,"name":"Navega per La Marat\u00f3 de TV3"}]},{"@type":"WebSite","@id":"https:\/\/nauticescala.com\/#website","url":"https:\/\/nauticescala.com\/","name":"Club N\u00e0utic L\u2019Escala","description":"Port esportiu a la Costa Brava","potentialAction":[{"@type":"SearchAction","target":{"@type":"EntryPoint","urlTemplate":"https:\/\/nauticescala.com\/?s={search_term_string}"},"query-input":{"@type":"PropertyValueSpecification","valueRequired":true,"valueName":"search_term_string"}}],"inLanguage":"fr-FR"}]}},"_links":{"self":[{"href":"https:\/\/nauticescala.com\/fr\/wp-json\/wp\/v2\/product\/59034","targetHints":{"allow":["GET"]}}],"collection":[{"href":"https:\/\/nauticescala.com\/fr\/wp-json\/wp\/v2\/product"}],"about":[{"href":"https:\/\/nauticescala.com\/fr\/wp-json\/wp\/v2\/types\/product"}],"wp:featuredmedia":[{"embeddable":true,"href":"https:\/\/nauticescala.com\/fr\/wp-json\/wp\/v2\/media\/59038"}],"wp:attachment":[{"href":"https:\/\/nauticescala.com\/fr\/wp-json\/wp\/v2\/media?parent=59034"}],"wp:term":[{"taxonomy":"product_brand","embeddable":true,"href":"https:\/\/nauticescala.com\/fr\/wp-json\/wp\/v2\/product_brand?post=59034"},{"taxonomy":"product_cat","embeddable":true,"href":"https:\/\/nauticescala.com\/fr\/wp-json\/wp\/v2\/product_cat?post=59034"},{"taxonomy":"product_tag","embeddable":true,"href":"https:\/\/nauticescala.com\/fr\/wp-json\/wp\/v2\/product_tag?post=59034"},{"taxonomy":"activity_type","embeddable":true,"href":"https:\/\/nauticescala.com\/fr\/wp-json\/wp\/v2\/activity_type?post=59034"},{"taxonomy":"level","embeddable":true,"href":"https:\/\/nauticescala.com\/fr\/wp-json\/wp\/v2\/level?post=59034"},{"taxonomy":"age","embeddable":true,"href":"https:\/\/nauticescala.com\/fr\/wp-json\/wp\/v2\/age?post=59034"},{"taxonomy":"modality","embeddable":true,"href":"https:\/\/nauticescala.com\/fr\/wp-json\/wp\/v2\/modality?post=59034"},{"taxonomy":"payment_method","embeddable":true,"href":"https:\/\/nauticescala.com\/fr\/wp-json\/wp\/v2\/payment_method?post=59034"}],"curies":[{"name":"wp","href":"https:\/\/api.w.org\/{rel}","templated":true}]}}