 {"id":68486,"date":"2024-04-26T13:16:14","date_gmt":"2024-04-26T11:16:14","guid":{"rendered":"https:\/\/nauticescala.com\/?p=68486&#038;post_type=product&#038;preview_id=68486"},"modified":"2024-05-03T12:18:33","modified_gmt":"2024-05-03T10:18:33","slug":"sortida-de-naturalesa-avistament-docells","status":"publish","type":"product","link":"https:\/\/nauticescala.com\/fr\/reservez-votre-activites-costa-brava\/sortida-de-naturalesa-avistament-docells\/","title":{"rendered":"Sortida de naturalesa &#8211; Avistament d&rsquo;ocells"},"content":{"rendered":"\n                            <div class=\"accordion-block\">\n                    <div id=\"accordion\" class=\"accordion\">\n                                                                            <div class=\"card\">\n                                <div class=\"card-header\">\n                                    <h3>\n                                        <a href=\"#\" class=\"collapsed\" data-toggle=\"collapse\" data-target=\"#collapse-01\" aria-expanded=\"true\"><i class=\"ico-opener\">&nbsp;<\/i>Programa<\/a>\n                                    <\/h3>\n                                <\/div><!-- end card-header -->\n                                <div id=\"collapse-01\" class=\"collapse\">\n                                                                    <div class=\"card-body\">\n\n                                        \n                                            \n                                                \n                                                    <ul>\n<li style=\"list-style-type: none;\">\n<ul>\n<li>8:00 h: Trobada, inscripcions i briefing de la jornada.<\/li>\n<li>8:15 h: embarcament.<\/li>\n<li>11:00 h: arribada al port i esmorzar<\/li>\n<\/ul>\n<\/li>\n<\/ul>\n\n                                                \n                                            \n                                        \n                                    <\/div><!-- end card-body -->\n                                <\/div><!-- end collapse -->\n                            <\/div><!-- end card -->\n                                                                                <div class=\"card\">\n                                <div class=\"card-header\">\n                                    <h3>\n                                        <a href=\"#\" class=\"collapsed\" data-toggle=\"collapse\" data-target=\"#collapse-02\" aria-expanded=\"true\"><i class=\"ico-opener\">&nbsp;<\/i>Recomanacions<\/a>\n                                    <\/h3>\n                                <\/div><!-- end card-header -->\n                                <div id=\"collapse-02\" class=\"collapse\">\n                                                                    <div class=\"card-body\">\n\n                                        \n                                            \n                                                \n                                                    <p><strong>Equip fotogr\u00e0fic<\/strong><br \/>\nPer a fotografiar ocells marins des d\u2019una embarcaci\u00f3, l\u2019ideal \u00e9s una c\u00e0mera reflex o mirrorless amb un teleobjectiu del tipus 100-400 mm, 150-600 o similars, ja que no s\u00f3n massa grans i s\u00f3n manejables a m\u00e0 al\u00e7ada. Els voluminosos i pesants teleobjectius de 500 o 600 mm f:4 s\u00f3n dif\u00edcils d\u2019utilitzar en una embarcaci\u00f3 en moviment. No portis tr\u00edpode, tant per l\u2019espai disponible que haur\u00e0s de compartir amb altres persones, com perqu\u00e8 la barca no para quieta. Millor disparar a m\u00e0 al\u00e7ada a elevades velocitats d\u2019obturaci\u00f3 o, com a molt, amb un monopeu per recolzar el pes.<\/p>\n<p>Pensa a carregar la bateria de la c\u00e0mera la nit anterior, i porten una altra de recanvi, aix\u00ed com targetes de mem\u00f2ria, ja que amb ocells en vol \u00e9s f\u00e0cil fer moltes fotografies.<\/p>\n<p><strong>El temps<\/strong><br \/>\nLes sortides a mar obert depenen molt de la meteorologia, per la qual cosa haurem d\u2019estar atents a l\u2019estat del mar. Des del club n\u00e0utic us comunicaran la decisi\u00f3 definitiva dimecres o dijous, segons quina sigui la previsi\u00f3.<\/p>\n<p><strong>Roba adequada<\/strong><br \/>\n\u00c9s important no cal\u00e7ar botes, ja que poden fer malb\u00e9 la coberta de l\u2019embarcaci\u00f3. Millor unes sabatilles esportives. Porta gorra pel sol i crema protectora solar. Tamb\u00e9 alguna jaqueta per si fa fresca al mat\u00ed o vent. Si la previsi\u00f3 fos n\u00favol o plugim, duu un impermeable.<\/p>\n<p><strong>Mareig<\/strong><br \/>\nFotografiar des d\u2019una embarcaci\u00f3 en moviment pot produir mareig, sobretot si n\u2019ets propens. Encara que habitualment no et maregis, \u00e9s f\u00e0cil que s\u00ed que et passi mirant pel visor d\u2019una c\u00e0mera. Et recomanem haver menjat alguna cosa s\u00f2lida abans d\u2019embarcar (llet millor que no) i prendre algun medicament preventiu amb suficient temps d\u2019antelaci\u00f3 (almenys mitja hora).<\/p>\n\n                                                \n                                            \n                                        \n                                    <\/div><!-- end card-body -->\n                                <\/div><!-- end collapse -->\n                            <\/div><!-- end card -->\n                                                                        <\/div><!-- end accordion -->\n                <\/div><!-- end accordion-block -->\n            \n<section class=\"article-section\"><div class=\"container\">\n\n<\/div><\/section>\n            \n<section class=\"article-section\"><div class=\"container\">\n\n<\/div><\/section>\t<div class=\"container\">\n\n<div class=\"content-block\">\n \t \t\n \t \t   \n \t\t    <div class=\"partners-block\">\t    \t\n\t    \t\t    \t\t<h3>Col.laboradors:<\/h3>\n\t    \t  \n\t    \t   \n\t    \t\t\t        <ul class=\"partners-list\">\n\t\t        \t\t\t        \t\t\t\t\t            <li>\n\t\t\t                <a target=\"_blank\" href=\"#no-follow\">\n\t\t\t                \t\t\t\t                \t\t<img decoding=\"async\" src=\"https:\/\/nauticescala.com\/wp-content\/uploads\/2023\/04\/logo-medfoto-350x163.png\" alt=\"\">\n\t\t\t                \t\t\t\t                <\/a>\n\t\t\t            <\/li>\t\t        \t\t\n\t\t        \t\t\t        \t\t\t\t\t            <li>\n\t\t\t                <a target=\"_blank\" href=\"#no-follow\">\n\t\t\t                \t\t\t\t                \t\t<img decoding=\"async\" src=\"https:\/\/nauticescala.com\/wp-content\/uploads\/2021\/05\/logo-fundacio-alive-1.jpg\" alt=\"\">\n\t\t\t                \t\t\t\t                <\/a>\n\t\t\t            <\/li>\t\t        \t\t\n\t\t        \t\t\t        \t\t\t\t\t            <li>\n\t\t\t                <a target=\"_blank\" href=\"#no-follow\">\n\t\t\t                \t\t\t\t                \t\t<img decoding=\"async\" src=\"https:\/\/nauticescala.com\/wp-content\/uploads\/2024\/04\/logo-apnae.jpg\" alt=\"\">\n\t\t\t                \t\t\t\t                <\/a>\n\t\t\t            <\/li>\t\t        \t\t\n\t\t        \t\t\t            \n\t\t        <\/ul><!-- end partners-list -->\t    \t\t\n\t    \t\t    <\/div><!-- end partners-block --> \t   \t\n \t   \n<\/div><!-- end content-block -->\n\n\t<\/div>\n\n<section class=\"article-section\"><div class=\"container\">\n\n<\/div><\/section>\t<div class=\"container\">\n\n<div class=\"content-block\">\n \t \t\n \t \t   \n \t\t    <div class=\"partners-block\">\t    \t\n\t    \t\t    \t\t<h3>Amb el finan\u00e7ament de:<\/h3>\n\t    \t  \n\t    \t   \n\t    \t\t\t        <ul class=\"partners-list\">\n\t\t        \t\t\t        \t\t\t\t\t            <li>\n\t\t\t                <a target=\"_blank\" href=\"#no-follow\">\n\t\t\t                \t\t\t\t                \t\t<img decoding=\"async\" src=\"https:\/\/nauticescala.com\/wp-content\/uploads\/2024\/04\/unio-europea-fons-europeu-next-generation-1-350x74.png\" alt=\"\">\n\t\t\t                \t\t\t\t                <\/a>\n\t\t\t            <\/li>\t\t        \t\t\n\t\t        \t\t\t        \t\t\t\t\t            <li>\n\t\t\t                <a target=\"_blank\" href=\"#no-follow\">\n\t\t\t                \t\t\t\t                \t\t<img decoding=\"async\" src=\"https:\/\/nauticescala.com\/wp-content\/uploads\/2024\/05\/mitgobweb-350x101.png\" alt=\"\">\n\t\t\t                \t\t\t\t                <\/a>\n\t\t\t            <\/li>\t\t        \t\t\n\t\t        \t\t\t        \t\t\t\t\t            <li>\n\t\t\t                <a target=\"_blank\" href=\"#no-follow\">\n\t\t\t                \t\t\t\t                \t\t<img decoding=\"async\" src=\"https:\/\/nauticescala.com\/wp-content\/uploads\/2024\/04\/plan-de-recuperacion-transformacion-y-resiliencia-1-350x197.jpg\" alt=\"\">\n\t\t\t                \t\t\t\t                <\/a>\n\t\t\t            <\/li>\t\t        \t\t\n\t\t        \t\t\t        \t\t\t\t\t            <li>\n\t\t\t                <a target=\"_blank\" href=\"#no-follow\">\n\t\t\t                \t\t\t\t                \t\t<img decoding=\"async\" src=\"https:\/\/nauticescala.com\/wp-content\/uploads\/2024\/04\/next-generation-catalunya-1-350x210.jpg\" alt=\"\">\n\t\t\t                \t\t\t\t                <\/a>\n\t\t\t            <\/li>\t\t        \t\t\n\t\t        \t\t\t        \t\t\t\t\t            <li>\n\t\t\t                <a target=\"_blank\" href=\"#no-follow\">\n\t\t\t                \t\t\t\t                \t\t<img decoding=\"async\" src=\"https:\/\/nauticescala.com\/wp-content\/uploads\/2024\/04\/generalitat-de-catalunya-350x102.png\" alt=\"\">\n\t\t\t                \t\t\t\t                <\/a>\n\t\t\t            <\/li>\t\t        \t\t\n\t\t        \t\t\t        \t\t\t\t\t            <li>\n\t\t\t                <a target=\"_blank\" href=\"#no-follow\">\n\t\t\t                \t\t\t\t                \t\t<img decoding=\"async\" src=\"https:\/\/nauticescala.com\/wp-content\/uploads\/2024\/04\/turisme-escala.jpg\" alt=\"\">\n\t\t\t                \t\t\t\t                <\/a>\n\t\t\t            <\/li>\t\t        \t\t\n\t\t        \t\t\t            \n\t\t        <\/ul><!-- end partners-list -->\t    \t\t\n\t    \t\t    <\/div><!-- end partners-block --> \t   \t\n \t   \n<\/div><!-- end content-block -->\n\n\t<\/div>\n\n<section class=\"article-section\"><div class=\"container\">\n\n<\/div><\/section>\t<div class=\"slideshow-item\">\n\t    <div class=\"slideshow-offset\">\n\t        <div class=\"slides\">\n\t        \t\t\t            <div class=\"slide\">\n\t\t                <figure class=\"image\">\n\t\t                    <img decoding=\"async\" src=\"https:\/\/nauticescala.com\/wp-content\/uploads\/2024\/04\/2023-nauticescala-costa-brava-57.jpg\" alt=\"\">\n\t\t                <\/figure><!-- end image -->\n\t\t            <\/div><!-- end slide -->\t        \t\t\n\t        \t\t\t            <div class=\"slide\">\n\t\t                <figure class=\"image\">\n\t\t                    <img decoding=\"async\" src=\"https:\/\/nauticescala.com\/wp-content\/uploads\/2024\/04\/2023-nauticescala-costa-brava-56.jpg\" alt=\"\">\n\t\t                <\/figure><!-- end image -->\n\t\t            <\/div><!-- end slide -->\t        \t\t\n\t        \t\t\t            <div class=\"slide\">\n\t\t                <figure class=\"image\">\n\t\t                    <img decoding=\"async\" src=\"https:\/\/nauticescala.com\/wp-content\/uploads\/2024\/04\/2023-nauticescala-costa-brava-50.jpg\" alt=\"\">\n\t\t                <\/figure><!-- end image -->\n\t\t            <\/div><!-- end slide -->\t        \t\t\n\t        \t\t\t            <div class=\"slide\">\n\t\t                <figure class=\"image\">\n\t\t                    <img decoding=\"async\" src=\"https:\/\/nauticescala.com\/wp-content\/uploads\/2024\/04\/2023-nauticescala-costa-brava-47.jpg\" alt=\"\">\n\t\t                <\/figure><!-- end image -->\n\t\t            <\/div><!-- end slide -->\t        \t\t\n\t        \t\t\t            <div class=\"slide\">\n\t\t                <figure class=\"image\">\n\t\t                    <img decoding=\"async\" src=\"https:\/\/nauticescala.com\/wp-content\/uploads\/2024\/04\/2023-nauticescala-costa-brava-42.jpg\" alt=\"\">\n\t\t                <\/figure><!-- end image -->\n\t\t            <\/div><!-- end slide -->\t        \t\t\n\t        \t\t\t            <div class=\"slide\">\n\t\t                <figure class=\"image\">\n\t\t                    <img decoding=\"async\" src=\"https:\/\/nauticescala.com\/wp-content\/uploads\/2024\/04\/2023-nauticescala-costa-brava-33.jpg\" alt=\"\">\n\t\t                <\/figure><!-- end image -->\n\t\t            <\/div><!-- end slide -->\t        \t\t\n\t        \t\t\t            <div class=\"slide\">\n\t\t                <figure class=\"image\">\n\t\t                    <img decoding=\"async\" src=\"https:\/\/nauticescala.com\/wp-content\/uploads\/2024\/04\/2023-nauticescala-costa-brava-26.jpg\" alt=\"\">\n\t\t                <\/figure><!-- end image -->\n\t\t            <\/div><!-- end slide -->\t        \t\t\n\t        \t\t\t            <div class=\"slide\">\n\t\t                <figure class=\"image\">\n\t\t                    <img decoding=\"async\" src=\"https:\/\/nauticescala.com\/wp-content\/uploads\/2024\/04\/2023-nauticescala-sortides-naturalesa-7.jpg\" alt=\"\">\n\t\t                <\/figure><!-- end image -->\n\t\t            <\/div><!-- end slide -->\t        \t\t\n\t        \t\t           \n\t        <\/div><!-- end slides -->\n\t    <\/div><!-- end slideshow-offset -->\n\t<\/div><!-- end slideshow-item -->\n","protected":false},"excerpt":{"rendered":"<p>Tipus: medi ambient<br \/>Inscripcions fins el 16 de setembre<\/p>\n","protected":false},"featured_media":68556,"template":"","meta":{"_acf_changed":false,"_monsterinsights_skip_tracking":false,"_monsterinsights_sitenote_active":false,"_monsterinsights_sitenote_note":"","_monsterinsights_sitenote_category":0},"product_brand":[],"product_cat":[792],"product_tag":[],"activity_type":[],"level":[],"age":[],"modality":[],"payment_method":[],"class_list":{"0":"post-68486","1":"product","2":"type-product","3":"status-publish","4":"has-post-thumbnail","6":"product_cat-non-classifiee","8":"first","9":"instock","10":"shipping-taxable","11":"product-type-simple"},"acf":[],"yoast_head":"<!-- This site is optimized with the Yoast SEO Premium plugin v20.7 (Yoast SEO v27.3) - https:\/\/yoast.com\/product\/yoast-seo-premium-wordpress\/ -->\n<title>Sortida de naturalesa - Avistament d&#039;ocells &#8211; Club N\u00e0utic L\u2019Escala<\/title>\n<meta name=\"robots\" content=\"index, follow, max-snippet:-1, max-image-preview:large, max-video-preview:-1\" \/>\n<link rel=\"canonical\" href=\"https:\/\/nauticescala.com\/?p=68485&post_type=product&preview_id=68485\" \/>\n<meta property=\"og:locale\" content=\"fr_FR\" \/>\n<meta property=\"og:type\" content=\"article\" \/>\n<meta property=\"og:title\" content=\"Sortida de naturalesa - Avistament d&#039;ocells\" \/>\n<meta property=\"og:description\" content=\"Tipus: medi ambientInscripcions fins el 16 de setembre\" \/>\n<meta property=\"og:url\" content=\"https:\/\/nauticescala.com\/?p=68485&amp;post_type=product&amp;preview_id=68485\" \/>\n<meta property=\"og:site_name\" content=\"Club N\u00e0utic L\u2019Escala\" \/>\n<meta property=\"article:modified_time\" content=\"2024-05-03T10:18:33+00:00\" \/>\n<meta property=\"og:image\" content=\"https:\/\/nauticescala.com\/wp-content\/uploads\/2024\/04\/2023-nauticescala-costa-brava-39.jpg\" \/>\n\t<meta property=\"og:image:width\" content=\"1800\" \/>\n\t<meta property=\"og:image:height\" content=\"907\" \/>\n\t<meta property=\"og:image:type\" content=\"image\/jpeg\" \/>\n<meta name=\"twitter:card\" content=\"summary_large_image\" \/>\n<meta name=\"twitter:label1\" content=\"Dur\u00e9e de lecture estim\u00e9e\" \/>\n\t<meta name=\"twitter:data1\" content=\"3 minutes\" \/>\n<script type=\"application\/ld+json\" class=\"yoast-schema-graph\">{\"@context\":\"https:\\\/\\\/schema.org\",\"@graph\":[{\"@type\":\"WebPage\",\"@id\":\"https:\\\/\\\/nauticescala.com\\\/?p=68485&post_type=product&preview_id=68485\",\"url\":\"https:\\\/\\\/nauticescala.com\\\/?p=68485&post_type=product&preview_id=68485\",\"name\":\"Sortida de naturalesa - Avistament d'ocells &#8211; Club N\u00e0utic L\u2019Escala\",\"isPartOf\":{\"@id\":\"https:\\\/\\\/nauticescala.com\\\/#website\"},\"primaryImageOfPage\":{\"@id\":\"https:\\\/\\\/nauticescala.com\\\/?p=68485&post_type=product&preview_id=68485#primaryimage\"},\"image\":{\"@id\":\"https:\\\/\\\/nauticescala.com\\\/?p=68485&post_type=product&preview_id=68485#primaryimage\"},\"thumbnailUrl\":\"https:\\\/\\\/nauticescala.com\\\/wp-content\\\/uploads\\\/2024\\\/04\\\/2023-nauticescala-costa-brava-39.jpg\",\"datePublished\":\"2024-04-26T11:16:14+00:00\",\"dateModified\":\"2024-05-03T10:18:33+00:00\",\"breadcrumb\":{\"@id\":\"https:\\\/\\\/nauticescala.com\\\/?p=68485&post_type=product&preview_id=68485#breadcrumb\"},\"inLanguage\":\"fr-FR\",\"potentialAction\":[{\"@type\":\"ReadAction\",\"target\":[\"https:\\\/\\\/nauticescala.com\\\/?p=68485&post_type=product&preview_id=68485\"]}]},{\"@type\":\"ImageObject\",\"inLanguage\":\"fr-FR\",\"@id\":\"https:\\\/\\\/nauticescala.com\\\/?p=68485&post_type=product&preview_id=68485#primaryimage\",\"url\":\"https:\\\/\\\/nauticescala.com\\\/wp-content\\\/uploads\\\/2024\\\/04\\\/2023-nauticescala-costa-brava-39.jpg\",\"contentUrl\":\"https:\\\/\\\/nauticescala.com\\\/wp-content\\\/uploads\\\/2024\\\/04\\\/2023-nauticescala-costa-brava-39.jpg\",\"width\":1800,\"height\":907},{\"@type\":\"BreadcrumbList\",\"@id\":\"https:\\\/\\\/nauticescala.com\\\/?p=68485&post_type=product&preview_id=68485#breadcrumb\",\"itemListElement\":[{\"@type\":\"ListItem\",\"position\":1,\"name\":\"Home\",\"item\":\"https:\\\/\\\/nauticescala.com\\\/fr\\\/\"},{\"@type\":\"ListItem\",\"position\":2,\"name\":\"Reservez votre activit\u00e9s sur la Costa Brava\",\"item\":\"https:\\\/\\\/nauticescala.com\\\/fr\\\/reservez-votre-activites-sur-la-costa-brava\\\/\"},{\"@type\":\"ListItem\",\"position\":3,\"name\":\"Sortida de naturalesa &#8211; Avistament d&#8217;ocells\"}]},{\"@type\":\"WebSite\",\"@id\":\"https:\\\/\\\/nauticescala.com\\\/#website\",\"url\":\"https:\\\/\\\/nauticescala.com\\\/\",\"name\":\"Club N\u00e0utic L\u2019Escala\",\"description\":\"Port esportiu a la Costa Brava\",\"potentialAction\":[{\"@type\":\"SearchAction\",\"target\":{\"@type\":\"EntryPoint\",\"urlTemplate\":\"https:\\\/\\\/nauticescala.com\\\/?s={search_term_string}\"},\"query-input\":{\"@type\":\"PropertyValueSpecification\",\"valueRequired\":true,\"valueName\":\"search_term_string\"}}],\"inLanguage\":\"fr-FR\"}]}<\/script>\n<!-- \/ Yoast SEO Premium plugin. -->","yoast_head_json":{"title":"Sortida de naturalesa - Avistament d'ocells &#8211; Club N\u00e0utic L\u2019Escala","robots":{"index":"index","follow":"follow","max-snippet":"max-snippet:-1","max-image-preview":"max-image-preview:large","max-video-preview":"max-video-preview:-1"},"canonical":"https:\/\/nauticescala.com\/?p=68485&post_type=product&preview_id=68485","og_locale":"fr_FR","og_type":"article","og_title":"Sortida de naturalesa - Avistament d'ocells","og_description":"Tipus: medi ambientInscripcions fins el 16 de setembre","og_url":"https:\/\/nauticescala.com\/?p=68485&post_type=product&preview_id=68485","og_site_name":"Club N\u00e0utic L\u2019Escala","article_modified_time":"2024-05-03T10:18:33+00:00","og_image":[{"width":1800,"height":907,"url":"https:\/\/nauticescala.com\/wp-content\/uploads\/2024\/04\/2023-nauticescala-costa-brava-39.jpg","type":"image\/jpeg"}],"twitter_card":"summary_large_image","twitter_misc":{"Dur\u00e9e de lecture estim\u00e9e":"3 minutes"},"schema":{"@context":"https:\/\/schema.org","@graph":[{"@type":"WebPage","@id":"https:\/\/nauticescala.com\/?p=68485&post_type=product&preview_id=68485","url":"https:\/\/nauticescala.com\/?p=68485&post_type=product&preview_id=68485","name":"Sortida de naturalesa - Avistament d'ocells &#8211; Club N\u00e0utic L\u2019Escala","isPartOf":{"@id":"https:\/\/nauticescala.com\/#website"},"primaryImageOfPage":{"@id":"https:\/\/nauticescala.com\/?p=68485&post_type=product&preview_id=68485#primaryimage"},"image":{"@id":"https:\/\/nauticescala.com\/?p=68485&post_type=product&preview_id=68485#primaryimage"},"thumbnailUrl":"https:\/\/nauticescala.com\/wp-content\/uploads\/2024\/04\/2023-nauticescala-costa-brava-39.jpg","datePublished":"2024-04-26T11:16:14+00:00","dateModified":"2024-05-03T10:18:33+00:00","breadcrumb":{"@id":"https:\/\/nauticescala.com\/?p=68485&post_type=product&preview_id=68485#breadcrumb"},"inLanguage":"fr-FR","potentialAction":[{"@type":"ReadAction","target":["https:\/\/nauticescala.com\/?p=68485&post_type=product&preview_id=68485"]}]},{"@type":"ImageObject","inLanguage":"fr-FR","@id":"https:\/\/nauticescala.com\/?p=68485&post_type=product&preview_id=68485#primaryimage","url":"https:\/\/nauticescala.com\/wp-content\/uploads\/2024\/04\/2023-nauticescala-costa-brava-39.jpg","contentUrl":"https:\/\/nauticescala.com\/wp-content\/uploads\/2024\/04\/2023-nauticescala-costa-brava-39.jpg","width":1800,"height":907},{"@type":"BreadcrumbList","@id":"https:\/\/nauticescala.com\/?p=68485&post_type=product&preview_id=68485#breadcrumb","itemListElement":[{"@type":"ListItem","position":1,"name":"Home","item":"https:\/\/nauticescala.com\/fr\/"},{"@type":"ListItem","position":2,"name":"Reservez votre activit\u00e9s sur la Costa Brava","item":"https:\/\/nauticescala.com\/fr\/reservez-votre-activites-sur-la-costa-brava\/"},{"@type":"ListItem","position":3,"name":"Sortida de naturalesa &#8211; Avistament d&#8217;ocells"}]},{"@type":"WebSite","@id":"https:\/\/nauticescala.com\/#website","url":"https:\/\/nauticescala.com\/","name":"Club N\u00e0utic L\u2019Escala","description":"Port esportiu a la Costa Brava","potentialAction":[{"@type":"SearchAction","target":{"@type":"EntryPoint","urlTemplate":"https:\/\/nauticescala.com\/?s={search_term_string}"},"query-input":{"@type":"PropertyValueSpecification","valueRequired":true,"valueName":"search_term_string"}}],"inLanguage":"fr-FR"}]}},"_links":{"self":[{"href":"https:\/\/nauticescala.com\/fr\/wp-json\/wp\/v2\/product\/68486","targetHints":{"allow":["GET"]}}],"collection":[{"href":"https:\/\/nauticescala.com\/fr\/wp-json\/wp\/v2\/product"}],"about":[{"href":"https:\/\/nauticescala.com\/fr\/wp-json\/wp\/v2\/types\/product"}],"wp:featuredmedia":[{"embeddable":true,"href":"https:\/\/nauticescala.com\/fr\/wp-json\/wp\/v2\/media\/68556"}],"wp:attachment":[{"href":"https:\/\/nauticescala.com\/fr\/wp-json\/wp\/v2\/media?parent=68486"}],"wp:term":[{"taxonomy":"product_brand","embeddable":true,"href":"https:\/\/nauticescala.com\/fr\/wp-json\/wp\/v2\/product_brand?post=68486"},{"taxonomy":"product_cat","embeddable":true,"href":"https:\/\/nauticescala.com\/fr\/wp-json\/wp\/v2\/product_cat?post=68486"},{"taxonomy":"product_tag","embeddable":true,"href":"https:\/\/nauticescala.com\/fr\/wp-json\/wp\/v2\/product_tag?post=68486"},{"taxonomy":"activity_type","embeddable":true,"href":"https:\/\/nauticescala.com\/fr\/wp-json\/wp\/v2\/activity_type?post=68486"},{"taxonomy":"level","embeddable":true,"href":"https:\/\/nauticescala.com\/fr\/wp-json\/wp\/v2\/level?post=68486"},{"taxonomy":"age","embeddable":true,"href":"https:\/\/nauticescala.com\/fr\/wp-json\/wp\/v2\/age?post=68486"},{"taxonomy":"modality","embeddable":true,"href":"https:\/\/nauticescala.com\/fr\/wp-json\/wp\/v2\/modality?post=68486"},{"taxonomy":"payment_method","embeddable":true,"href":"https:\/\/nauticescala.com\/fr\/wp-json\/wp\/v2\/payment_method?post=68486"}],"curies":[{"name":"wp","href":"https:\/\/api.w.org\/{rel}","templated":true}]}}