 {"id":75677,"date":"2026-03-15T13:34:58","date_gmt":"2026-03-15T12:34:58","guid":{"rendered":"https:\/\/nauticescala.com\/?p=75677&#038;post_type=product&#038;preview_id=75677"},"modified":"2026-03-25T16:49:56","modified_gmt":"2026-03-25T15:49:56","slug":"cycle-conferences-2026","status":"publish","type":"product","link":"https:\/\/nauticescala.com\/fr\/reservez-votre-activites-costa-brava\/cycle-conferences-2026\/","title":{"rendered":"Cycle de Conf\u00e9rences 2026"},"content":{"rendered":"\n                            <div class=\"accordion-block\">\n                    <div id=\"accordion\" class=\"accordion\">\n                                                                            <div class=\"card\">\n                                <div class=\"card-header\">\n                                    <h3>\n                                        <a href=\"#\" class=\"collapsed\" data-toggle=\"collapse\" data-target=\"#collapse-01\" aria-expanded=\"true\"><i class=\"ico-opener\">&nbsp;<\/i>10 avril \u2013 Centenaire du Sardinal \u201cSa Rata\u201d \u2013 Toujours en navigation<\/a>\n                                    <\/h3>\n                                <\/div><!-- end card-header -->\n                                <div id=\"collapse-01\" class=\"collapse\">\n                                                                    <div class=\"card-body\">\n\n                                        \n                                            \n                                                \n                                                    <p>Avec l\u2019armateur du bateau \u201c<strong>Sa Rata<\/strong>\u201d, <strong>Emili Armengol<\/strong>, pour d\u00e9couvrir l\u2019histoire de cette embarcation \u00e0 voile latine toujours rest\u00e9e en activit\u00e9. Avec la collaboration du Mus\u00e9e de l\u2019Anchois et de la Mairie de l\u2019Escala.<\/p>\n<ul>\n<li style=\"list-style-type: none;\">\n<ul>\n<li><strong>Lieu :<\/strong> Alfol\u00ed de la Sal, l\u2019Escala<\/li>\n<li><strong>Heure :<\/strong> 19h<\/li>\n<\/ul>\n<\/li>\n<\/ul>\n\n                                                \n                                            \n                                        \n                                    <\/div><!-- end card-body -->\n                                <\/div><!-- end collapse -->\n                            <\/div><!-- end card -->\n                                                                                <div class=\"card\">\n                                <div class=\"card-header\">\n                                    <h3>\n                                        <a href=\"#\" class=\"collapsed\" data-toggle=\"collapse\" data-target=\"#collapse-02\" aria-expanded=\"true\"><i class=\"ico-opener\">&nbsp;<\/i>17 avril \u2013 Entretien du gr\u00e9ement sur voilier de croisi\u00e8re<\/a>\n                                    <\/h3>\n                                <\/div><!-- end card-header -->\n                                <div id=\"collapse-02\" class=\"collapse\">\n                                                                    <div class=\"card-body\">\n\n                                        \n                                            \n                                                \n                                                    <p>Avec <strong>Sailing Yacht<\/strong>, <strong>Toti Gelabert\u00f3<\/strong>, pour conna\u00eetre l\u2019entretien essentiel du gr\u00e9ement et bien pr\u00e9parer le voilier pour la saison.<\/p>\n<ul>\n<li style=\"list-style-type: none;\">\n<ul>\n<li><strong>Lieu:<\/strong> Restaurant Bol Roig du Club N\u00e0utic l\u2019Escala<\/li>\n<li><strong>Heure:<\/strong> 19h<\/li>\n<\/ul>\n<\/li>\n<\/ul>\n\n                                                \n                                            \n                                        \n                                    <\/div><!-- end card-body -->\n                                <\/div><!-- end collapse -->\n                            <\/div><!-- end card -->\n                                                                                <div class=\"card\">\n                                <div class=\"card-header\">\n                                    <h3>\n                                        <a href=\"#\" class=\"collapsed\" data-toggle=\"collapse\" data-target=\"#collapse-03\" aria-expanded=\"true\"><i class=\"ico-opener\">&nbsp;<\/i>22 mai \u2013 S\u00e9curit\u00e9 en mer et protocoles d\u2019intervention<\/a>\n                                    <\/h3>\n                                <\/div><!-- end card-header -->\n                                <div id=\"collapse-03\" class=\"collapse\">\n                                                                    <div class=\"card-body\">\n\n                                        \n                                            \n                                                \n                                                    <p>Introduction par <strong>Isaac Royo<\/strong> (<strong>Croix-Rouge<\/strong>), sur les services et proc\u00e9dures en situation d\u2019urgence : sauvetage, incendie \u00e0 bord, voie d\u2019eau et premiers secours.<\/p>\n<ul>\n<li style=\"list-style-type: none;\">\n<ul>\n<li><strong>Lieu:<\/strong> Restaurant Bol Roig du Club N\u00e0utic l\u2019Escala<\/li>\n<li><strong>Heure:<\/strong> 19h<\/li>\n<\/ul>\n<\/li>\n<\/ul>\n\n                                                \n                                            \n                                        \n                                    <\/div><!-- end card-body -->\n                                <\/div><!-- end collapse -->\n                            <\/div><!-- end card -->\n                                                                                <div class=\"card\">\n                                <div class=\"card-header\">\n                                    <h3>\n                                        <a href=\"#\" class=\"collapsed\" data-toggle=\"collapse\" data-target=\"#collapse-04\" aria-expanded=\"true\"><i class=\"ico-opener\">&nbsp;<\/i>19 juin \u2013 Pr\u00e9sentation du livre \u201cL\u00e9gendes de la mer de la Costa Brava\u201d<\/a>\n                                    <\/h3>\n                                <\/div><!-- end card-header -->\n                                <div id=\"collapse-04\" class=\"collapse\">\n                                                                    <div class=\"card-body\">\n\n                                        \n                                            \n                                                \n                                                    <p>Un voyage litt\u00e9raire \u00e0 travers la tradition maritime de la Costa Brava, avec l\u2019auteur catalan <strong>Miquel Mart\u00edn i Serra<\/strong>.<\/p>\n<ul>\n<li style=\"list-style-type: none;\">\n<ul>\n<li><strong>Lieu:<\/strong> Restaurant Bol Roig du Club N\u00e0utic l\u2019Escala<\/li>\n<li><strong>Heure:<\/strong> 19h<\/li>\n<\/ul>\n<\/li>\n<\/ul>\n\n                                                \n                                            \n                                        \n                                    <\/div><!-- end card-body -->\n                                <\/div><!-- end collapse -->\n                            <\/div><!-- end card -->\n                                                                                <div class=\"card\">\n                                <div class=\"card-header\">\n                                    <h3>\n                                        <a href=\"#\" class=\"collapsed\" data-toggle=\"collapse\" data-target=\"#collapse-05\" aria-expanded=\"true\"><i class=\"ico-opener\">&nbsp;<\/i>10 juillet \u2013 \u00c9volution des esp\u00e8ces marines et impact du changement climatique<\/a>\n                                    <\/h3>\n                                <\/div><!-- end card-header -->\n                                <div id=\"collapse-05\" class=\"collapse\">\n                                                                    <div class=\"card-body\">\n\n                                        \n                                            \n                                                \n                                                    <p>Conf\u00e9rence de vulgarisation sur l\u2019impact du changement climatique sur la faune marine, anim\u00e9e par <strong>Irene \u00c1lvarez de Quevedo<\/strong>, du <strong>Centre Technologique BETA<\/strong> (<strong>UVic-UCC<\/strong>)\u00a0et biologiste marine sp\u00e9cialis\u00e9e dans la conservation des tortues marines et la recherche sur les nidifications \u00e9mergentes du littoral catalan.<\/p>\n<ul>\n<li style=\"list-style-type: none;\">\n<ul>\n<li><strong>Lieu:<\/strong> Restaurant Bol Roig du Club N\u00e0utic l\u2019Escala<\/li>\n<li><strong>Heure:<\/strong> 19h<\/li>\n<\/ul>\n<\/li>\n<\/ul>\n\n                                                \n                                            \n                                        \n                                    <\/div><!-- end card-body -->\n                                <\/div><!-- end collapse -->\n                            <\/div><!-- end card -->\n                                                                                <div class=\"card\">\n                                <div class=\"card-header\">\n                                    <h3>\n                                        <a href=\"#\" class=\"collapsed\" data-toggle=\"collapse\" data-target=\"#collapse-06\" aria-expanded=\"true\"><i class=\"ico-opener\">&nbsp;<\/i>9 octobre \u2013 Projection du documentaire \u201cEl Triunfante\u201d<\/a>\n                                    <\/h3>\n                                <\/div><!-- end card-header -->\n                                <div id=\"collapse-06\" class=\"collapse\">\n                                                                    <div class=\"card-body\">\n\n                                        \n                                            \n                                                \n                                                    <p>Film :<em><strong> El Triunfante<\/strong><\/em>, une d\u00e9couverte du site arch\u00e9ologique sous-marin de l\u2019embarcation immerg\u00e9e dans la Mer d\u2019Emp\u00faries, pr\u00e9sent\u00e9e dans le documentaire r\u00e9alis\u00e9 par Mart\u00edn Gonz\u00e1lez (Inbluefilms).<\/p>\n<ul>\n<li style=\"list-style-type: none;\">\n<ul>\n<li><strong>Lieu:<\/strong> Restaurant Bol Roig du Club N\u00e0utic l\u2019Escala<\/li>\n<li><strong>Heure:<\/strong> 19h<\/li>\n<\/ul>\n<\/li>\n<\/ul>\n\n                                                \n                                            \n                                        \n                                    <\/div><!-- end card-body -->\n                                <\/div><!-- end collapse -->\n                            <\/div><!-- end card -->\n                                                                        <\/div><!-- end accordion -->\n                <\/div><!-- end accordion-block -->\n            \n<section class=\"article-section\"><div class=\"container\">\n\n<\/div><\/section>\n            \n<section class=\"article-section\"><div class=\"container\">\n\n<\/div><\/section>\t<div class=\"slideshow-item\">\n\t    <div class=\"slideshow-offset\">\n\t        <div class=\"slides\">\n\t        \t\t\t            <div class=\"slide\">\n\t\t                <figure class=\"image\">\n\t\t                    <img decoding=\"async\" src=\"https:\/\/nauticescala.com\/wp-content\/uploads\/2019\/12\/maria-geli-pilar-planaguma-arxiu-imatges-ptcbg-compressed.jpg\" alt=\"\">\n\t\t                <\/figure><!-- end image -->\n\t\t            <\/div><!-- end slide -->\t        \t\t\n\t        \t\t\t            <div class=\"slide\">\n\t\t                <figure class=\"image\">\n\t\t                    <img decoding=\"async\" src=\"https:\/\/nauticescala.com\/wp-content\/uploads\/2020\/07\/2020-club-nautic-lescala-1.jpg\" alt=\"\">\n\t\t                <\/figure><!-- end image -->\n\t\t            <\/div><!-- end slide -->\t        \t\t\n\t        \t\t\t            <div class=\"slide\">\n\t\t                <figure class=\"image\">\n\t\t                    <img decoding=\"async\" src=\"https:\/\/nauticescala.com\/wp-content\/uploads\/2021\/06\/2021-club-nautic-lescala-ruta-de-la-tramuntana-regates-27.jpg\" alt=\"\">\n\t\t                <\/figure><!-- end image -->\n\t\t            <\/div><!-- end slide -->\t        \t\t\n\t        \t\t\t            <div class=\"slide\">\n\t\t                <figure class=\"image\">\n\t\t                    <img decoding=\"async\" src=\"https:\/\/nauticescala.com\/wp-content\/uploads\/2021\/06\/2021-club-nautic-lescala-ruta-de-la-tramuntana-regates-25.jpg\" alt=\"\">\n\t\t                <\/figure><!-- end image -->\n\t\t            <\/div><!-- end slide -->\t        \t\t\n\t        \t\t           \n\t        <\/div><!-- end slides -->\n\t    <\/div><!-- end slideshow-offset -->\n\t<\/div><!-- end slideshow-item -->\n","protected":false},"excerpt":{"rendered":"<p>Activit\u00e9 environnementale<br \/>Type: social<\/p>\n","protected":false},"featured_media":98018,"template":"","meta":{"_acf_changed":true,"_monsterinsights_skip_tracking":false,"_monsterinsights_sitenote_active":false,"_monsterinsights_sitenote_note":"","_monsterinsights_sitenote_category":0},"product_brand":[],"product_cat":[792],"product_tag":[],"activity_type":[],"level":[],"age":[],"modality":[],"payment_method":[],"class_list":{"0":"post-75677","1":"product","2":"type-product","3":"status-publish","4":"has-post-thumbnail","6":"product_cat-non-classifiee","8":"first","9":"instock","10":"shipping-taxable","11":"product-type-simple"},"acf":[],"yoast_head":"<!-- This site is optimized with the Yoast SEO Premium plugin v20.7 (Yoast SEO v27.3) - https:\/\/yoast.com\/product\/yoast-seo-premium-wordpress\/ -->\n<title>Cycle de Conf\u00e9rences 2026 &#8211; Club N\u00e0utic L\u2019Escala<\/title>\n<meta name=\"description\" content=\"D\u00e9couvrez le Cycle de Conf\u00e9rences 2026 du Club N\u00e0utic l\u2019Escala : des rencontres ouvertes pour explorer la mer, la nature et la culture m\u00e9diterran\u00e9enne, d\u2019avril \u00e0 octobre.\" \/>\n<meta name=\"robots\" content=\"index, follow, max-snippet:-1, max-image-preview:large, max-video-preview:-1\" \/>\n<link rel=\"canonical\" href=\"https:\/\/nauticescala.com\/fr\/activitats-costa-brava\/cycle-conferences-2026\/\" \/>\n<meta property=\"og:locale\" content=\"fr_FR\" \/>\n<meta property=\"og:type\" content=\"article\" \/>\n<meta property=\"og:title\" content=\"Cycle de Conf\u00e9rences 2026\" \/>\n<meta property=\"og:description\" content=\"D\u00e9couvrez le Cycle de Conf\u00e9rences 2026 du Club N\u00e0utic l\u2019Escala : des rencontres ouvertes pour explorer la mer, la nature et la culture m\u00e9diterran\u00e9enne, d\u2019avril \u00e0 octobre.\" \/>\n<meta property=\"og:url\" content=\"https:\/\/nauticescala.com\/fr\/activitats-costa-brava\/cycle-conferences-2026\/\" \/>\n<meta property=\"og:site_name\" content=\"Club N\u00e0utic L\u2019Escala\" \/>\n<meta property=\"article:modified_time\" content=\"2026-03-25T15:49:56+00:00\" \/>\n<meta property=\"og:image\" content=\"https:\/\/nauticescala.com\/wp-content\/uploads\/2024\/12\/2025-nauticescala-conferencies-10.jpg\" \/>\n\t<meta property=\"og:image:width\" content=\"1800\" \/>\n\t<meta property=\"og:image:height\" content=\"907\" \/>\n\t<meta property=\"og:image:type\" content=\"image\/jpeg\" \/>\n<meta name=\"twitter:card\" content=\"summary_large_image\" \/>\n<meta name=\"twitter:label1\" content=\"Dur\u00e9e de lecture estim\u00e9e\" \/>\n\t<meta name=\"twitter:data1\" content=\"3 minutes\" \/>\n<script type=\"application\/ld+json\" class=\"yoast-schema-graph\">{\"@context\":\"https:\\\/\\\/schema.org\",\"@graph\":[{\"@type\":\"WebPage\",\"@id\":\"https:\\\/\\\/nauticescala.com\\\/fr\\\/activitats-costa-brava\\\/cycle-conferences-2026\\\/\",\"url\":\"https:\\\/\\\/nauticescala.com\\\/fr\\\/activitats-costa-brava\\\/cycle-conferences-2026\\\/\",\"name\":\"Cycle de Conf\u00e9rences 2026 &#8211; Club N\u00e0utic L\u2019Escala\",\"isPartOf\":{\"@id\":\"https:\\\/\\\/nauticescala.com\\\/#website\"},\"primaryImageOfPage\":{\"@id\":\"https:\\\/\\\/nauticescala.com\\\/fr\\\/activitats-costa-brava\\\/cycle-conferences-2026\\\/#primaryimage\"},\"image\":{\"@id\":\"https:\\\/\\\/nauticescala.com\\\/fr\\\/activitats-costa-brava\\\/cycle-conferences-2026\\\/#primaryimage\"},\"thumbnailUrl\":\"https:\\\/\\\/nauticescala.com\\\/wp-content\\\/uploads\\\/2024\\\/12\\\/2025-nauticescala-conferencies-10.jpg\",\"datePublished\":\"2026-03-15T12:34:58+00:00\",\"dateModified\":\"2026-03-25T15:49:56+00:00\",\"description\":\"D\u00e9couvrez le Cycle de Conf\u00e9rences 2026 du Club N\u00e0utic l\u2019Escala : des rencontres ouvertes pour explorer la mer, la nature et la culture m\u00e9diterran\u00e9enne, d\u2019avril \u00e0 octobre.\",\"breadcrumb\":{\"@id\":\"https:\\\/\\\/nauticescala.com\\\/fr\\\/activitats-costa-brava\\\/cycle-conferences-2026\\\/#breadcrumb\"},\"inLanguage\":\"fr-FR\",\"potentialAction\":[{\"@type\":\"ReadAction\",\"target\":[\"https:\\\/\\\/nauticescala.com\\\/fr\\\/activitats-costa-brava\\\/cycle-conferences-2026\\\/\"]}]},{\"@type\":\"ImageObject\",\"inLanguage\":\"fr-FR\",\"@id\":\"https:\\\/\\\/nauticescala.com\\\/fr\\\/activitats-costa-brava\\\/cycle-conferences-2026\\\/#primaryimage\",\"url\":\"https:\\\/\\\/nauticescala.com\\\/wp-content\\\/uploads\\\/2024\\\/12\\\/2025-nauticescala-conferencies-10.jpg\",\"contentUrl\":\"https:\\\/\\\/nauticescala.com\\\/wp-content\\\/uploads\\\/2024\\\/12\\\/2025-nauticescala-conferencies-10.jpg\",\"width\":1800,\"height\":907},{\"@type\":\"BreadcrumbList\",\"@id\":\"https:\\\/\\\/nauticescala.com\\\/fr\\\/activitats-costa-brava\\\/cycle-conferences-2026\\\/#breadcrumb\",\"itemListElement\":[{\"@type\":\"ListItem\",\"position\":1,\"name\":\"Home\",\"item\":\"https:\\\/\\\/nauticescala.com\\\/fr\\\/\"},{\"@type\":\"ListItem\",\"position\":2,\"name\":\"Reservez votre activit\u00e9s sur la Costa Brava\",\"item\":\"https:\\\/\\\/nauticescala.com\\\/fr\\\/reservez-votre-activites-sur-la-costa-brava\\\/\"},{\"@type\":\"ListItem\",\"position\":3,\"name\":\"Cycle de Conf\u00e9rences 2026\"}]},{\"@type\":\"WebSite\",\"@id\":\"https:\\\/\\\/nauticescala.com\\\/#website\",\"url\":\"https:\\\/\\\/nauticescala.com\\\/\",\"name\":\"Club N\u00e0utic L\u2019Escala\",\"description\":\"Port esportiu a la Costa Brava\",\"potentialAction\":[{\"@type\":\"SearchAction\",\"target\":{\"@type\":\"EntryPoint\",\"urlTemplate\":\"https:\\\/\\\/nauticescala.com\\\/?s={search_term_string}\"},\"query-input\":{\"@type\":\"PropertyValueSpecification\",\"valueRequired\":true,\"valueName\":\"search_term_string\"}}],\"inLanguage\":\"fr-FR\"}]}<\/script>\n<!-- \/ Yoast SEO Premium plugin. -->","yoast_head_json":{"title":"Cycle de Conf\u00e9rences 2026 &#8211; Club N\u00e0utic L\u2019Escala","description":"D\u00e9couvrez le Cycle de Conf\u00e9rences 2026 du Club N\u00e0utic l\u2019Escala : des rencontres ouvertes pour explorer la mer, la nature et la culture m\u00e9diterran\u00e9enne, d\u2019avril \u00e0 octobre.","robots":{"index":"index","follow":"follow","max-snippet":"max-snippet:-1","max-image-preview":"max-image-preview:large","max-video-preview":"max-video-preview:-1"},"canonical":"https:\/\/nauticescala.com\/fr\/activitats-costa-brava\/cycle-conferences-2026\/","og_locale":"fr_FR","og_type":"article","og_title":"Cycle de Conf\u00e9rences 2026","og_description":"D\u00e9couvrez le Cycle de Conf\u00e9rences 2026 du Club N\u00e0utic l\u2019Escala : des rencontres ouvertes pour explorer la mer, la nature et la culture m\u00e9diterran\u00e9enne, d\u2019avril \u00e0 octobre.","og_url":"https:\/\/nauticescala.com\/fr\/activitats-costa-brava\/cycle-conferences-2026\/","og_site_name":"Club N\u00e0utic L\u2019Escala","article_modified_time":"2026-03-25T15:49:56+00:00","og_image":[{"width":1800,"height":907,"url":"https:\/\/nauticescala.com\/wp-content\/uploads\/2024\/12\/2025-nauticescala-conferencies-10.jpg","type":"image\/jpeg"}],"twitter_card":"summary_large_image","twitter_misc":{"Dur\u00e9e de lecture estim\u00e9e":"3 minutes"},"schema":{"@context":"https:\/\/schema.org","@graph":[{"@type":"WebPage","@id":"https:\/\/nauticescala.com\/fr\/activitats-costa-brava\/cycle-conferences-2026\/","url":"https:\/\/nauticescala.com\/fr\/activitats-costa-brava\/cycle-conferences-2026\/","name":"Cycle de Conf\u00e9rences 2026 &#8211; Club N\u00e0utic L\u2019Escala","isPartOf":{"@id":"https:\/\/nauticescala.com\/#website"},"primaryImageOfPage":{"@id":"https:\/\/nauticescala.com\/fr\/activitats-costa-brava\/cycle-conferences-2026\/#primaryimage"},"image":{"@id":"https:\/\/nauticescala.com\/fr\/activitats-costa-brava\/cycle-conferences-2026\/#primaryimage"},"thumbnailUrl":"https:\/\/nauticescala.com\/wp-content\/uploads\/2024\/12\/2025-nauticescala-conferencies-10.jpg","datePublished":"2026-03-15T12:34:58+00:00","dateModified":"2026-03-25T15:49:56+00:00","description":"D\u00e9couvrez le Cycle de Conf\u00e9rences 2026 du Club N\u00e0utic l\u2019Escala : des rencontres ouvertes pour explorer la mer, la nature et la culture m\u00e9diterran\u00e9enne, d\u2019avril \u00e0 octobre.","breadcrumb":{"@id":"https:\/\/nauticescala.com\/fr\/activitats-costa-brava\/cycle-conferences-2026\/#breadcrumb"},"inLanguage":"fr-FR","potentialAction":[{"@type":"ReadAction","target":["https:\/\/nauticescala.com\/fr\/activitats-costa-brava\/cycle-conferences-2026\/"]}]},{"@type":"ImageObject","inLanguage":"fr-FR","@id":"https:\/\/nauticescala.com\/fr\/activitats-costa-brava\/cycle-conferences-2026\/#primaryimage","url":"https:\/\/nauticescala.com\/wp-content\/uploads\/2024\/12\/2025-nauticescala-conferencies-10.jpg","contentUrl":"https:\/\/nauticescala.com\/wp-content\/uploads\/2024\/12\/2025-nauticescala-conferencies-10.jpg","width":1800,"height":907},{"@type":"BreadcrumbList","@id":"https:\/\/nauticescala.com\/fr\/activitats-costa-brava\/cycle-conferences-2026\/#breadcrumb","itemListElement":[{"@type":"ListItem","position":1,"name":"Home","item":"https:\/\/nauticescala.com\/fr\/"},{"@type":"ListItem","position":2,"name":"Reservez votre activit\u00e9s sur la Costa Brava","item":"https:\/\/nauticescala.com\/fr\/reservez-votre-activites-sur-la-costa-brava\/"},{"@type":"ListItem","position":3,"name":"Cycle de Conf\u00e9rences 2026"}]},{"@type":"WebSite","@id":"https:\/\/nauticescala.com\/#website","url":"https:\/\/nauticescala.com\/","name":"Club N\u00e0utic L\u2019Escala","description":"Port esportiu a la Costa Brava","potentialAction":[{"@type":"SearchAction","target":{"@type":"EntryPoint","urlTemplate":"https:\/\/nauticescala.com\/?s={search_term_string}"},"query-input":{"@type":"PropertyValueSpecification","valueRequired":true,"valueName":"search_term_string"}}],"inLanguage":"fr-FR"}]}},"_links":{"self":[{"href":"https:\/\/nauticescala.com\/fr\/wp-json\/wp\/v2\/product\/75677","targetHints":{"allow":["GET"]}}],"collection":[{"href":"https:\/\/nauticescala.com\/fr\/wp-json\/wp\/v2\/product"}],"about":[{"href":"https:\/\/nauticescala.com\/fr\/wp-json\/wp\/v2\/types\/product"}],"wp:featuredmedia":[{"embeddable":true,"href":"https:\/\/nauticescala.com\/fr\/wp-json\/wp\/v2\/media\/98018"}],"wp:attachment":[{"href":"https:\/\/nauticescala.com\/fr\/wp-json\/wp\/v2\/media?parent=75677"}],"wp:term":[{"taxonomy":"product_brand","embeddable":true,"href":"https:\/\/nauticescala.com\/fr\/wp-json\/wp\/v2\/product_brand?post=75677"},{"taxonomy":"product_cat","embeddable":true,"href":"https:\/\/nauticescala.com\/fr\/wp-json\/wp\/v2\/product_cat?post=75677"},{"taxonomy":"product_tag","embeddable":true,"href":"https:\/\/nauticescala.com\/fr\/wp-json\/wp\/v2\/product_tag?post=75677"},{"taxonomy":"activity_type","embeddable":true,"href":"https:\/\/nauticescala.com\/fr\/wp-json\/wp\/v2\/activity_type?post=75677"},{"taxonomy":"level","embeddable":true,"href":"https:\/\/nauticescala.com\/fr\/wp-json\/wp\/v2\/level?post=75677"},{"taxonomy":"age","embeddable":true,"href":"https:\/\/nauticescala.com\/fr\/wp-json\/wp\/v2\/age?post=75677"},{"taxonomy":"modality","embeddable":true,"href":"https:\/\/nauticescala.com\/fr\/wp-json\/wp\/v2\/modality?post=75677"},{"taxonomy":"payment_method","embeddable":true,"href":"https:\/\/nauticescala.com\/fr\/wp-json\/wp\/v2\/payment_method?post=75677"}],"curies":[{"name":"wp","href":"https:\/\/api.w.org\/{rel}","templated":true}]}}