 {"id":96280,"date":"2026-01-31T13:23:18","date_gmt":"2026-01-31T12:23:18","guid":{"rendered":"https:\/\/nauticescala.com\/?p=96280&#038;post_type=product&#038;preview_id=96280"},"modified":"2026-04-01T16:00:30","modified_gmt":"2026-04-01T14:00:30","slug":"concours-de-paella","status":"publish","type":"product","link":"https:\/\/nauticescala.com\/fr\/reservez-votre-activites-costa-brava\/concours-de-paella\/","title":{"rendered":"Concours de paella 2026"},"content":{"rendered":"\t<div class=\"container\">\n\n<div class=\"content-block\">\n \t \t\n \t \t   \n \t   \n<\/div><!-- end content-block -->\n\n\t<\/div>\n\n<section class=\"article-section\"><div class=\"container\">\n\n<\/div><\/section>\n                            <div class=\"accordion-block\">\n                    <div id=\"accordion\" class=\"accordion\">\n                                                                            <div class=\"card\">\n                                <div class=\"card-header\">\n                                    <h3>\n                                        <a href=\"#\" class=\"collapsed\" data-toggle=\"collapse\" data-target=\"#collapse-01\" aria-expanded=\"true\"><i class=\"ico-opener\">&nbsp;<\/i>Programme<\/a>\n                                    <\/h3>\n                                <\/div><!-- end card-header -->\n                                <div id=\"collapse-01\" class=\"collapse\">\n                                                                    <div class=\"card-body\">\n\n                                        \n                                            \n                                                \n                                                    <ul>\n<li>9:00 h. Apertura y confirmaci\u00f3n de inscripciones.<\/li>\n<li>9:15 h. Asignaci\u00f3n del n\u00famero de espacio para cada grupo, asignaci\u00f3n de la hora para llevar la paella al jurado y realizar la cata, y entrega del material.<\/li>\n<li>A partir de las 13:30 h. Entrega de la paella al jurado para su valoraci\u00f3n, siguiendo el orden establecido.<\/li>\n<li>Durante la comida, publicaci\u00f3n del veredicto del jurado y entrega de premios.<\/li>\n<\/ul>\n\n                                                \n                                            \n                                        \n                                    <\/div><!-- end card-body -->\n                                <\/div><!-- end collapse -->\n                            <\/div><!-- end card -->\n                                                                                <div class=\"card\">\n                                <div class=\"card-header\">\n                                    <h3>\n                                        <a href=\"#\" class=\"collapsed\" data-toggle=\"collapse\" data-target=\"#collapse-02\" aria-expanded=\"true\"><i class=\"ico-opener\">&nbsp;<\/i>Comment participer? <\/a>\n                                    <\/h3>\n                                <\/div><!-- end card-header -->\n                                <div id=\"collapse-02\" class=\"collapse\">\n                                                                    <div class=\"card-body\">\n\n                                        \n                                            \n                                                \n                                                    <ul>\n<li>Socios o usuarios del Club organizados en grupos, con al menos una persona mayor de edad por grupo.<\/li>\n<li>Cada grupo estar\u00e1 limitado a un m\u00e1ximo de 15 personas; en caso de ser m\u00e1s, deber\u00e1 consultarse con la organizaci\u00f3n.<\/li>\n<li>Se establece un l\u00edmite de 240 personas para esta edici\u00f3n, asignadas por orden de inscripci\u00f3n.<\/li>\n<li>La persona que realiza la inscripci\u00f3n, y que ser\u00e1 el jefe de grupo, debe ser socio o usuario del Club. Podr\u00e1 invitar a personas externas al Club.<\/li>\n<li>En el momento de la inscripci\u00f3n deber\u00e1 indicarse el n\u00famero de personas y el nombre del grupo.<\/li>\n<\/ul>\n\n                                                \n                                            \n                                        \n                                    <\/div><!-- end card-body -->\n                                <\/div><!-- end collapse -->\n                            <\/div><!-- end card -->\n                                                                                <div class=\"card\">\n                                <div class=\"card-header\">\n                                    <h3>\n                                        <a href=\"#\" class=\"collapsed\" data-toggle=\"collapse\" data-target=\"#collapse-03\" aria-expanded=\"true\"><i class=\"ico-opener\">&nbsp;<\/i>Prix<\/a>\n                                    <\/h3>\n                                <\/div><!-- end card-header -->\n                                <div id=\"collapse-03\" class=\"collapse\">\n                                                                    <div class=\"card-body\">\n\n                                        \n                                            \n                                                \n                                                    <p>Se otorgar\u00e1n premios al 1.\u00ba, 2.\u00ba y 3.\u00ba mejor arroz, as\u00ed como un premio a la mejor presentaci\u00f3n.<br \/>\nLa decoraci\u00f3n deber\u00e1 ser natural, comestible y utilizada en la elaboraci\u00f3n del arroz.<\/p>\n\n                                                \n                                            \n                                        \n                                    <\/div><!-- end card-body -->\n                                <\/div><!-- end collapse -->\n                            <\/div><!-- end card -->\n                                                                                <div class=\"card\">\n                                <div class=\"card-header\">\n                                    <h3>\n                                        <a href=\"#\" class=\"collapsed\" data-toggle=\"collapse\" data-target=\"#collapse-04\" aria-expanded=\"true\"><i class=\"ico-opener\">&nbsp;<\/i>Informations et r\u00e8gles du concours<\/a>\n                                    <\/h3>\n                                <\/div><!-- end card-header -->\n                                <div id=\"collapse-04\" class=\"collapse\">\n                                                                    <div class=\"card-body\">\n\n                                        \n                                            \n                                                \n                                                    <p>Las inscripciones se realizar\u00e1n a trav\u00e9s de esta p\u00e1gina web.<\/p>\n<div>\n<p>Se cerrar\u00e1n al agotarse las plazas o como m\u00e1ximo el 2 de mayo de 2026.<br \/>\nPrecio por grupo:<\/p>\n<ul>\n<li>Hasta 5 personas: 20 \u20ac<\/li>\n<li>Hasta 10 personas: 40 \u20ac<\/li>\n<li>Hasta 15 personas: 60 \u20ac<\/li>\n<li>M\u00e1s de 15 personas: consultar<\/li>\n<\/ul>\n<p>No se aceptar\u00e1 ninguna inscripci\u00f3n sin el correspondiente pago.<\/p>\n<ul>\n<li>Los participantes deber\u00e1n respetar las normas de higiene y seguridad alimentaria.<\/li>\n<li>La organizaci\u00f3n se reserva el derecho de excluir a personas o grupos que no cumplan estos requisitos.<\/li>\n<li>La organizaci\u00f3n podr\u00e1 modificar las bases si fuera necesario.<\/li>\n<li>La participaci\u00f3n implica la aceptaci\u00f3n de estas bases y de las decisiones del jurado y de la organizaci\u00f3n.<\/li>\n<li>La organizaci\u00f3n se reserva el derecho de cancelar o aplazar el concurso.<\/li>\n<\/ul>\n<p>La organizaci\u00f3n proporcionar\u00e1 mesas y sillas suficientes para que todos los participantes y sus invitados puedan comer juntos.<\/p>\n<div>\n<p>Adem\u00e1s, facilitar\u00e1 a cada grupo:<\/p>\n<ul>\n<li>Plato, cubiertos, servilleta y vaso de un solo uso y de material reciclable<\/li>\n<li>Agua (1 por cada 4 personas)<\/li>\n<li>1 raci\u00f3n de coca de Sant Joan de postre por persona<\/li>\n<\/ul>\n<p>El resto de elementos deber\u00e1n ser aportados por cada grupo (bebida, sal, aceite, etc.).<\/p>\n<p>Una vez el jurado haya valorado el arroz de un grupo, este podr\u00e1 dirigirse al espacio de comida y empezar a comer sin esperar al resto (el arroz no espera).<\/p>\n<\/div>\n<\/div>\n\n                                                \n                                            \n                                        \n                                    <\/div><!-- end card-body -->\n                                <\/div><!-- end collapse -->\n                            <\/div><!-- end card -->\n                                                                        <\/div><!-- end accordion -->\n                <\/div><!-- end accordion-block -->\n            \n<section class=\"article-section\"><div class=\"container\">\n\n<\/div><\/section>\t<div class=\"container\">\n\n<div class=\"content-block\">\n \t \t\n \t \t   \n \t\t    <div class=\"partners-block\">\t    \t\n\t    \t\t    \t\t<h3>Avec la collaboration de:<\/h3>\n\t    \t  \n\t    \t   \n\t    \t\t\t        <ul class=\"partners-list\">\n\t\t        \t\t\t        \t\t\t\t\t            <li>\n\t\t\t                <a target=\"_blank\" href=\"#no-follow\">\n\t\t\t                \t\t\t\t                \t\t<img decoding=\"async\" src=\"https:\/\/nauticescala.com\/wp-content\/uploads\/2025\/01\/ajuntament-escala-1.webp\" alt=\"\">\n\t\t\t                \t\t\t\t                <\/a>\n\t\t\t            <\/li>\t\t        \t\t\n\t\t        \t\t\t        \t\t\t\t\t            <li>\n\t\t\t                <a target=\"_blank\" href=\"#no-follow\">\n\t\t\t                \t\t\t\t                <\/a>\n\t\t\t            <\/li>\t\t        \t\t\n\t\t        \t\t\t            \n\t\t        <\/ul><!-- end partners-list -->\t    \t\t\n\t    \t\t    <\/div><!-- end partners-block --> \t   \t\n \t   \n<\/div><!-- end content-block -->\n\n\t<\/div>\n\n<section class=\"article-section\"><div class=\"container\">\n\n<\/div><\/section>\n<p><\/p>\n","protected":false},"excerpt":{"rendered":"","protected":false},"featured_media":96320,"template":"","meta":{"_acf_changed":true,"_monsterinsights_skip_tracking":false,"_monsterinsights_sitenote_active":false,"_monsterinsights_sitenote_note":"","_monsterinsights_sitenote_category":0},"product_brand":[],"product_cat":[1081],"product_tag":[],"activity_type":[],"level":[],"age":[],"modality":[],"payment_method":[],"class_list":{"0":"post-96280","1":"product","2":"type-product","3":"status-publish","4":"has-post-thumbnail","6":"product_cat-uncategorized-ca-fr","8":"first","9":"instock","10":"shipping-taxable","11":"product-type-simple"},"acf":[],"yoast_head":"<!-- This site is optimized with the Yoast SEO Premium plugin v20.7 (Yoast SEO v27.4) - https:\/\/yoast.com\/product\/yoast-seo-premium-wordpress\/ -->\n<title>Concours de paella 2026 &#8211; Club N\u00e0utic L\u2019Escala<\/title>\n<meta name=\"description\" content=\"Venez profiter du premier concours de riz du Club N\u00e0utic L&#039;Escala. Une activit\u00e9 sociale du Club pour apprendre, partager et rencontrer.\" \/>\n<meta name=\"robots\" content=\"index, follow, max-snippet:-1, max-image-preview:large, max-video-preview:-1\" \/>\n<link rel=\"canonical\" href=\"https:\/\/nauticescala.com\/fr\/compra-actividades-costa-brava\/concours-de-paella\/\" \/>\n<meta property=\"og:locale\" content=\"fr_FR\" \/>\n<meta property=\"og:type\" content=\"article\" \/>\n<meta property=\"og:title\" content=\"Concours de paella 2026\" \/>\n<meta property=\"og:description\" content=\"Venez profiter du premier concours de riz du Club N\u00e0utic L&#039;Escala. Une activit\u00e9 sociale du Club pour apprendre, partager et rencontrer.\" \/>\n<meta property=\"og:url\" content=\"https:\/\/nauticescala.com\/fr\/compra-actividades-costa-brava\/concours-de-paella\/\" \/>\n<meta property=\"og:site_name\" content=\"Club N\u00e0utic L\u2019Escala\" \/>\n<meta property=\"article:modified_time\" content=\"2026-04-01T14:00:30+00:00\" \/>\n<meta property=\"og:image\" content=\"https:\/\/nauticescala.com\/wp-content\/uploads\/2026\/01\/2025-nauticescala-concurs-arros-12.jpg\" \/>\n\t<meta property=\"og:image:width\" content=\"1800\" \/>\n\t<meta property=\"og:image:height\" content=\"907\" \/>\n\t<meta property=\"og:image:type\" content=\"image\/jpeg\" \/>\n<meta name=\"twitter:card\" content=\"summary_large_image\" \/>\n<meta name=\"twitter:label1\" content=\"Dur\u00e9e de lecture estim\u00e9e\" \/>\n\t<meta name=\"twitter:data1\" content=\"4 minutes\" \/>\n<script type=\"application\/ld+json\" class=\"yoast-schema-graph\">{\"@context\":\"https:\\\/\\\/schema.org\",\"@graph\":[{\"@type\":\"WebPage\",\"@id\":\"https:\\\/\\\/nauticescala.com\\\/fr\\\/compra-actividades-costa-brava\\\/concours-de-paella\\\/\",\"url\":\"https:\\\/\\\/nauticescala.com\\\/fr\\\/compra-actividades-costa-brava\\\/concours-de-paella\\\/\",\"name\":\"Concours de paella 2026 &#8211; Club N\u00e0utic L\u2019Escala\",\"isPartOf\":{\"@id\":\"https:\\\/\\\/nauticescala.com\\\/#website\"},\"primaryImageOfPage\":{\"@id\":\"https:\\\/\\\/nauticescala.com\\\/fr\\\/compra-actividades-costa-brava\\\/concours-de-paella\\\/#primaryimage\"},\"image\":{\"@id\":\"https:\\\/\\\/nauticescala.com\\\/fr\\\/compra-actividades-costa-brava\\\/concours-de-paella\\\/#primaryimage\"},\"thumbnailUrl\":\"https:\\\/\\\/nauticescala.com\\\/wp-content\\\/uploads\\\/2026\\\/01\\\/2025-nauticescala-concurs-arros-12.jpg\",\"datePublished\":\"2026-01-31T12:23:18+00:00\",\"dateModified\":\"2026-04-01T14:00:30+00:00\",\"description\":\"Venez profiter du premier concours de riz du Club N\u00e0utic L'Escala. Une activit\u00e9 sociale du Club pour apprendre, partager et rencontrer.\",\"breadcrumb\":{\"@id\":\"https:\\\/\\\/nauticescala.com\\\/fr\\\/compra-actividades-costa-brava\\\/concours-de-paella\\\/#breadcrumb\"},\"inLanguage\":\"fr-FR\",\"potentialAction\":[{\"@type\":\"ReadAction\",\"target\":[\"https:\\\/\\\/nauticescala.com\\\/fr\\\/compra-actividades-costa-brava\\\/concours-de-paella\\\/\"]}]},{\"@type\":\"ImageObject\",\"inLanguage\":\"fr-FR\",\"@id\":\"https:\\\/\\\/nauticescala.com\\\/fr\\\/compra-actividades-costa-brava\\\/concours-de-paella\\\/#primaryimage\",\"url\":\"https:\\\/\\\/nauticescala.com\\\/wp-content\\\/uploads\\\/2026\\\/01\\\/2025-nauticescala-concurs-arros-12.jpg\",\"contentUrl\":\"https:\\\/\\\/nauticescala.com\\\/wp-content\\\/uploads\\\/2026\\\/01\\\/2025-nauticescala-concurs-arros-12.jpg\",\"width\":1800,\"height\":907},{\"@type\":\"BreadcrumbList\",\"@id\":\"https:\\\/\\\/nauticescala.com\\\/fr\\\/compra-actividades-costa-brava\\\/concours-de-paella\\\/#breadcrumb\",\"itemListElement\":[{\"@type\":\"ListItem\",\"position\":1,\"name\":\"Home\",\"item\":\"https:\\\/\\\/nauticescala.com\\\/fr\\\/\"},{\"@type\":\"ListItem\",\"position\":2,\"name\":\"Reservez votre activit\u00e9s sur la Costa Brava\",\"item\":\"https:\\\/\\\/nauticescala.com\\\/fr\\\/reservez-votre-activites-sur-la-costa-brava\\\/\"},{\"@type\":\"ListItem\",\"position\":3,\"name\":\"Concours de paella 2026\"}]},{\"@type\":\"WebSite\",\"@id\":\"https:\\\/\\\/nauticescala.com\\\/#website\",\"url\":\"https:\\\/\\\/nauticescala.com\\\/\",\"name\":\"Club N\u00e0utic L\u2019Escala\",\"description\":\"Port esportiu a la Costa Brava\",\"potentialAction\":[{\"@type\":\"SearchAction\",\"target\":{\"@type\":\"EntryPoint\",\"urlTemplate\":\"https:\\\/\\\/nauticescala.com\\\/?s={search_term_string}\"},\"query-input\":{\"@type\":\"PropertyValueSpecification\",\"valueRequired\":true,\"valueName\":\"search_term_string\"}}],\"inLanguage\":\"fr-FR\"}]}<\/script>\n<!-- \/ Yoast SEO Premium plugin. -->","yoast_head_json":{"title":"Concours de paella 2026 &#8211; Club N\u00e0utic L\u2019Escala","description":"Venez profiter du premier concours de riz du Club N\u00e0utic L'Escala. Une activit\u00e9 sociale du Club pour apprendre, partager et rencontrer.","robots":{"index":"index","follow":"follow","max-snippet":"max-snippet:-1","max-image-preview":"max-image-preview:large","max-video-preview":"max-video-preview:-1"},"canonical":"https:\/\/nauticescala.com\/fr\/compra-actividades-costa-brava\/concours-de-paella\/","og_locale":"fr_FR","og_type":"article","og_title":"Concours de paella 2026","og_description":"Venez profiter du premier concours de riz du Club N\u00e0utic L'Escala. Une activit\u00e9 sociale du Club pour apprendre, partager et rencontrer.","og_url":"https:\/\/nauticescala.com\/fr\/compra-actividades-costa-brava\/concours-de-paella\/","og_site_name":"Club N\u00e0utic L\u2019Escala","article_modified_time":"2026-04-01T14:00:30+00:00","og_image":[{"width":1800,"height":907,"url":"https:\/\/nauticescala.com\/wp-content\/uploads\/2026\/01\/2025-nauticescala-concurs-arros-12.jpg","type":"image\/jpeg"}],"twitter_card":"summary_large_image","twitter_misc":{"Dur\u00e9e de lecture estim\u00e9e":"4 minutes"},"schema":{"@context":"https:\/\/schema.org","@graph":[{"@type":"WebPage","@id":"https:\/\/nauticescala.com\/fr\/compra-actividades-costa-brava\/concours-de-paella\/","url":"https:\/\/nauticescala.com\/fr\/compra-actividades-costa-brava\/concours-de-paella\/","name":"Concours de paella 2026 &#8211; Club N\u00e0utic L\u2019Escala","isPartOf":{"@id":"https:\/\/nauticescala.com\/#website"},"primaryImageOfPage":{"@id":"https:\/\/nauticescala.com\/fr\/compra-actividades-costa-brava\/concours-de-paella\/#primaryimage"},"image":{"@id":"https:\/\/nauticescala.com\/fr\/compra-actividades-costa-brava\/concours-de-paella\/#primaryimage"},"thumbnailUrl":"https:\/\/nauticescala.com\/wp-content\/uploads\/2026\/01\/2025-nauticescala-concurs-arros-12.jpg","datePublished":"2026-01-31T12:23:18+00:00","dateModified":"2026-04-01T14:00:30+00:00","description":"Venez profiter du premier concours de riz du Club N\u00e0utic L'Escala. Une activit\u00e9 sociale du Club pour apprendre, partager et rencontrer.","breadcrumb":{"@id":"https:\/\/nauticescala.com\/fr\/compra-actividades-costa-brava\/concours-de-paella\/#breadcrumb"},"inLanguage":"fr-FR","potentialAction":[{"@type":"ReadAction","target":["https:\/\/nauticescala.com\/fr\/compra-actividades-costa-brava\/concours-de-paella\/"]}]},{"@type":"ImageObject","inLanguage":"fr-FR","@id":"https:\/\/nauticescala.com\/fr\/compra-actividades-costa-brava\/concours-de-paella\/#primaryimage","url":"https:\/\/nauticescala.com\/wp-content\/uploads\/2026\/01\/2025-nauticescala-concurs-arros-12.jpg","contentUrl":"https:\/\/nauticescala.com\/wp-content\/uploads\/2026\/01\/2025-nauticescala-concurs-arros-12.jpg","width":1800,"height":907},{"@type":"BreadcrumbList","@id":"https:\/\/nauticescala.com\/fr\/compra-actividades-costa-brava\/concours-de-paella\/#breadcrumb","itemListElement":[{"@type":"ListItem","position":1,"name":"Home","item":"https:\/\/nauticescala.com\/fr\/"},{"@type":"ListItem","position":2,"name":"Reservez votre activit\u00e9s sur la Costa Brava","item":"https:\/\/nauticescala.com\/fr\/reservez-votre-activites-sur-la-costa-brava\/"},{"@type":"ListItem","position":3,"name":"Concours de paella 2026"}]},{"@type":"WebSite","@id":"https:\/\/nauticescala.com\/#website","url":"https:\/\/nauticescala.com\/","name":"Club N\u00e0utic L\u2019Escala","description":"Port esportiu a la Costa Brava","potentialAction":[{"@type":"SearchAction","target":{"@type":"EntryPoint","urlTemplate":"https:\/\/nauticescala.com\/?s={search_term_string}"},"query-input":{"@type":"PropertyValueSpecification","valueRequired":true,"valueName":"search_term_string"}}],"inLanguage":"fr-FR"}]}},"_links":{"self":[{"href":"https:\/\/nauticescala.com\/fr\/wp-json\/wp\/v2\/product\/96280","targetHints":{"allow":["GET"]}}],"collection":[{"href":"https:\/\/nauticescala.com\/fr\/wp-json\/wp\/v2\/product"}],"about":[{"href":"https:\/\/nauticescala.com\/fr\/wp-json\/wp\/v2\/types\/product"}],"wp:featuredmedia":[{"embeddable":true,"href":"https:\/\/nauticescala.com\/fr\/wp-json\/wp\/v2\/media\/96320"}],"wp:attachment":[{"href":"https:\/\/nauticescala.com\/fr\/wp-json\/wp\/v2\/media?parent=96280"}],"wp:term":[{"taxonomy":"product_brand","embeddable":true,"href":"https:\/\/nauticescala.com\/fr\/wp-json\/wp\/v2\/product_brand?post=96280"},{"taxonomy":"product_cat","embeddable":true,"href":"https:\/\/nauticescala.com\/fr\/wp-json\/wp\/v2\/product_cat?post=96280"},{"taxonomy":"product_tag","embeddable":true,"href":"https:\/\/nauticescala.com\/fr\/wp-json\/wp\/v2\/product_tag?post=96280"},{"taxonomy":"activity_type","embeddable":true,"href":"https:\/\/nauticescala.com\/fr\/wp-json\/wp\/v2\/activity_type?post=96280"},{"taxonomy":"level","embeddable":true,"href":"https:\/\/nauticescala.com\/fr\/wp-json\/wp\/v2\/level?post=96280"},{"taxonomy":"age","embeddable":true,"href":"https:\/\/nauticescala.com\/fr\/wp-json\/wp\/v2\/age?post=96280"},{"taxonomy":"modality","embeddable":true,"href":"https:\/\/nauticescala.com\/fr\/wp-json\/wp\/v2\/modality?post=96280"},{"taxonomy":"payment_method","embeddable":true,"href":"https:\/\/nauticescala.com\/fr\/wp-json\/wp\/v2\/payment_method?post=96280"}],"curies":[{"name":"wp","href":"https:\/\/api.w.org\/{rel}","templated":true}]}}