 {"id":97843,"date":"2026-03-10T18:10:30","date_gmt":"2026-03-10T17:10:30","guid":{"rendered":"https:\/\/nauticescala.com\/activitats-costa-brava\/sessio-guiada-vela-creuer-10\/"},"modified":"2026-03-15T22:10:28","modified_gmt":"2026-03-15T21:10:28","slug":"sessio-guiada-vela-creuer-10","status":"publish","type":"product","link":"https:\/\/nauticescala.com\/fr\/reservez-votre-activites-costa-brava\/sessio-guiada-vela-creuer-10\/","title":{"rendered":"Sessi\u00f3 Guiada Vela Creuer"},"content":{"rendered":"\n                            <div class=\"accordion-block\">\n                    <div id=\"accordion\" class=\"accordion\">\n                                                                            <div class=\"card\">\n                                <div class=\"card-header\">\n                                    <h3>\n                                        <a href=\"#\" class=\"collapsed\" data-toggle=\"collapse\" data-target=\"#collapse-01\" aria-expanded=\"true\"><i class=\"ico-opener\">&nbsp;<\/i>L&rsquo;activitat inclou<\/a>\n                                    <\/h3>\n                                <\/div><!-- end card-header -->\n                                <div id=\"collapse-01\" class=\"collapse\">\n                                                                    <div class=\"card-body\">\n\n                                        \n                                            \n                                                                                                    \n                                                                                                                                                                    \n                                                                                                                                                                                                                                                                <ul class=\"unordered-list two-cols-text\">\n                                                                                                                                                                                                                                    <li>Embarcaci\u00f3<\/li>\n                                                                                                                                                                                                                                                                                                                <li>Guia<\/li>\n                                                                                                                                                                                                                                                                                                                <li>Armilla salvavides<\/li>\n                                                                                                                                                                                                                                                                                                                <li>Roba d&rsquo;aigua (si s&rsquo;escau)<\/li>\n                                                                                                                                                                                                                                                                                                                <li>Asseguran\u00e7a<\/li>\n                                                                                                                                                                                                                                                                                                                <li>Acc\u00e9s als vestuaris i guixetes de l\u2019\u00c0rea Esportiva del Club<\/li>\n                                                                                                                                                                                                                        <\/ul><!-- end unordered-list -->\n                                                                                                                                                                                                                                                 \n                                                    \n                                                \n                                            \n                                        \n                                    <\/div><!-- end card-body -->\n                                <\/div><!-- end collapse -->\n                            <\/div><!-- end card -->\n                                                                                <div class=\"card\">\n                                <div class=\"card-header\">\n                                    <h3>\n                                        <a href=\"#\" class=\"collapsed\" data-toggle=\"collapse\" data-target=\"#collapse-02\" aria-expanded=\"true\"><i class=\"ico-opener\">&nbsp;<\/i>Qu\u00e8 cal portar?<\/a>\n                                    <\/h3>\n                                <\/div><!-- end card-header -->\n                                <div id=\"collapse-02\" class=\"collapse\">\n                                                                    <div class=\"card-body\">\n\n                                        \n                                            \n                                                                                                    \n                                                                                                                                                                    \n                                                                                                                                                                                                                                                                <ul class=\"unordered-list two-cols-text\">\n                                                                                                                                                                                                                                    <li>Gorra<\/li>\n                                                                                                                                                                                                                                                                                                                <li>Cal\u00e7at i roba c\u00f2moda<\/li>\n                                                                                                                                                                                                                                                                                                                <li>Aigua<\/li>\n                                                                                                                                                                                                                                                                                                                <li>Crema solar<\/li>\n                                                                                                                                                                                                                                                                                                                <li>Paravent (si s&rsquo;escau)<\/li>\n                                                                                                                                                                                                                        <\/ul><!-- end unordered-list -->\n                                                                                                                                                                                                                                                 \n                                                    \n                                                \n                                            \n                                        \n                                    <\/div><!-- end card-body -->\n                                <\/div><!-- end collapse -->\n                            <\/div><!-- end card -->\n                                                                                <div class=\"card\">\n                                <div class=\"card-header\">\n                                    <h3>\n                                        <a href=\"#\" class=\"collapsed\" data-toggle=\"collapse\" data-target=\"#collapse-03\" aria-expanded=\"true\"><i class=\"ico-opener\">&nbsp;<\/i>Descomptes<\/a>\n                                    <\/h3>\n                                <\/div><!-- end card-header -->\n                                <div id=\"collapse-03\" class=\"collapse\">\n                                                                    <div class=\"card-body\">\n\n                                        \n                                            \n                                                \n                                                    <ul>\n<li style=\"list-style-type: none\">\n<ul>\n<li>15% descompte per a socis del Club<\/li>\n<li>100% descompte per <a href=\"\/activitats-costa-brava\/abonament-a-flota-plus\/\">abonats a Flota Plus<\/a><\/li>\n<li>10% descompte per a usuaris del Forfait Anual<\/li>\n<li>5% descompte per usuaris del Forfait de Temporada<\/li>\n<li>1 \u00fas gratu\u00eft per cada 5 contractats<\/li>\n<li>2 \u00fas gratu\u00eft per cada 10 contractats<\/li>\n<\/ul>\n<\/li>\n<\/ul>\n\n                                                \n                                            \n                                        \n                                    <\/div><!-- end card-body -->\n                                <\/div><!-- end collapse -->\n                            <\/div><!-- end card -->\n                                                                        <\/div><!-- end accordion -->\n                <\/div><!-- end accordion-block -->\n            \n<section class=\"article-section\"><div class=\"container\">\n\n<\/div><\/section>\n<div class=\"wp-block-columns is-layout-flex wp-container-core-columns-is-layout-9d6595d7 wp-block-columns-is-layout-flex\">\n<div class=\"wp-block-column is-layout-flow wp-block-column-is-layout-flow\" style=\"flex-basis:100%\">\n<div class=\"wp-block-group\"><div class=\"wp-block-group__inner-container is-layout-constrained wp-block-group-is-layout-constrained\">\t<div class=\"slideshow-item\">\n\t    <div class=\"slideshow-offset\">\n\t        <div class=\"slides\">\n\t        \t\t\t            <div class=\"slide\">\n\t\t                <figure class=\"image\">\n\t\t                    <img decoding=\"async\" src=\"https:\/\/nauticescala.com\/wp-content\/uploads\/2020\/02\/2018-cn-lescala-creuer.jpg\" alt=\"\">\n\t\t                <\/figure><!-- end image -->\n\t\t            <\/div><!-- end slide -->\t        \t\t\n\t        \t\t\t            <div class=\"slide\">\n\t\t                <figure class=\"image\">\n\t\t                    <img decoding=\"async\" src=\"https:\/\/nauticescala.com\/wp-content\/uploads\/2020\/02\/2019-cn-lescala-creuer-activitats-3.jpg\" alt=\"\">\n\t\t                <\/figure><!-- end image -->\n\t\t            <\/div><!-- end slide -->\t        \t\t\n\t        \t\t\t            <div class=\"slide\">\n\t\t                <figure class=\"image\">\n\t\t                    <img decoding=\"async\" src=\"https:\/\/nauticescala.com\/wp-content\/uploads\/2025\/12\/2024-cn-lescala-creuer-10.jpg\" alt=\"\">\n\t\t                <\/figure><!-- end image -->\n\t\t            <\/div><!-- end slide -->\t        \t\t\n\t        \t\t\t            <div class=\"slide\">\n\t\t                <figure class=\"image\">\n\t\t                    <img decoding=\"async\" src=\"https:\/\/nauticescala.com\/wp-content\/uploads\/2025\/12\/2024-cn-lescala-creuer-18.jpg\" alt=\"\">\n\t\t                <\/figure><!-- end image -->\n\t\t            <\/div><!-- end slide -->\t        \t\t\n\t        \t\t\t            <div class=\"slide\">\n\t\t                <figure class=\"image\">\n\t\t                    <img decoding=\"async\" src=\"https:\/\/nauticescala.com\/wp-content\/uploads\/2025\/12\/2024-nauticescala-creuer-68.jpg\" alt=\"\">\n\t\t                <\/figure><!-- end image -->\n\t\t            <\/div><!-- end slide -->\t        \t\t\n\t        \t\t\t            <div class=\"slide\">\n\t\t                <figure class=\"image\">\n\t\t                    <img decoding=\"async\" src=\"https:\/\/nauticescala.com\/wp-content\/uploads\/2025\/12\/2025-nauticescala-creuer-50.jpg\" alt=\"\">\n\t\t                <\/figure><!-- end image -->\n\t\t            <\/div><!-- end slide -->\t        \t\t\n\t        \t\t           \n\t        <\/div><!-- end slides -->\n\t    <\/div><!-- end slideshow-offset -->\n\t<\/div><!-- end slideshow-item -->\n<\/div><\/div>\n<\/div>\n<\/div>\n","protected":false},"excerpt":{"rendered":"<p>Horari: 11h a 14h.<br \/> <br \/>\nNavegacio Costera<\/p>\n","protected":false},"featured_media":97838,"template":"","meta":{"_acf_changed":true,"_monsterinsights_skip_tracking":false,"_monsterinsights_sitenote_active":false,"_monsterinsights_sitenote_note":"","_monsterinsights_sitenote_category":0},"product_brand":[],"product_cat":[],"product_tag":[],"activity_type":[337],"level":[341],"age":[392],"modality":[425],"payment_method":[],"class_list":{"0":"post-97843","1":"product","2":"type-product","3":"status-publish","4":"has-post-thumbnail","6":"activity_type-ruta-guiada","7":"level-basic","8":"age-adult","9":"modality-creuer","11":"first","12":"instock","13":"sale","14":"virtual","15":"purchasable","16":"product-type-simple"},"acf":[],"yoast_head":"<!-- This site is optimized with the Yoast SEO Premium plugin v20.7 (Yoast SEO v27.3) - https:\/\/yoast.com\/product\/yoast-seo-premium-wordpress\/ -->\n<title>Sessi\u00f3 Guiada Vela Creuer &#8211; Club N\u00e0utic L\u2019Escala<\/title>\n<meta name=\"description\" content=\"Excursions a vela amb fam\u00edlia descobrir l&#039;Escala i la Costa Brava des del mar. Aprendr\u00e0s a navegar i els secrets de l&#039;Escala. Nivell B\u00e0sic\" \/>\n<meta name=\"robots\" content=\"index, follow, max-snippet:-1, max-image-preview:large, max-video-preview:-1\" \/>\n<link rel=\"canonical\" href=\"https:\/\/nauticescala.com\/activitats-costa-brava\/sessio-guiada-vela-creuer-10\/\" \/>\n<meta property=\"og:locale\" content=\"fr_FR\" \/>\n<meta property=\"og:type\" content=\"article\" \/>\n<meta property=\"og:title\" content=\"Sessi\u00f3 Guiada Vela Creuer\" \/>\n<meta property=\"og:description\" content=\"Excursions a vela amb fam\u00edlia descobrir l&#039;Escala i la Costa Brava des del mar. Aprendr\u00e0s a navegar i els secrets de l&#039;Escala. Nivell B\u00e0sic\" \/>\n<meta property=\"og:url\" content=\"https:\/\/nauticescala.com\/activitats-costa-brava\/sessio-guiada-vela-creuer-10\/\" \/>\n<meta property=\"og:site_name\" content=\"Club N\u00e0utic L\u2019Escala\" \/>\n<meta property=\"article:modified_time\" content=\"2026-03-15T21:10:28+00:00\" \/>\n<meta property=\"og:image\" content=\"https:\/\/nauticescala.com\/wp-content\/uploads\/2020\/02\/30a192dc-98f5-4a73-8c79-9117ef600b41.jpeg\" \/>\n\t<meta property=\"og:image:width\" content=\"1024\" \/>\n\t<meta property=\"og:image:height\" content=\"515\" \/>\n\t<meta property=\"og:image:type\" content=\"image\/jpeg\" \/>\n<meta name=\"twitter:card\" content=\"summary_large_image\" \/>\n<meta name=\"twitter:label1\" content=\"Dur\u00e9e de lecture estim\u00e9e\" \/>\n\t<meta name=\"twitter:data1\" content=\"3 minutes\" \/>\n<script type=\"application\/ld+json\" class=\"yoast-schema-graph\">{\"@context\":\"https:\\\/\\\/schema.org\",\"@graph\":[{\"@type\":\"WebPage\",\"@id\":\"https:\\\/\\\/nauticescala.com\\\/activitats-costa-brava\\\/sessio-guiada-vela-creuer-10\\\/\",\"url\":\"https:\\\/\\\/nauticescala.com\\\/activitats-costa-brava\\\/sessio-guiada-vela-creuer-10\\\/\",\"name\":\"Sessi\u00f3 Guiada Vela Creuer &#8211; Club N\u00e0utic L\u2019Escala\",\"isPartOf\":{\"@id\":\"https:\\\/\\\/nauticescala.com\\\/#website\"},\"primaryImageOfPage\":{\"@id\":\"https:\\\/\\\/nauticescala.com\\\/activitats-costa-brava\\\/sessio-guiada-vela-creuer-10\\\/#primaryimage\"},\"image\":{\"@id\":\"https:\\\/\\\/nauticescala.com\\\/activitats-costa-brava\\\/sessio-guiada-vela-creuer-10\\\/#primaryimage\"},\"thumbnailUrl\":\"https:\\\/\\\/nauticescala.com\\\/wp-content\\\/uploads\\\/2020\\\/02\\\/30a192dc-98f5-4a73-8c79-9117ef600b41.jpeg\",\"datePublished\":\"2026-03-10T17:10:30+00:00\",\"dateModified\":\"2026-03-15T21:10:28+00:00\",\"description\":\"Excursions a vela amb fam\u00edlia descobrir l'Escala i la Costa Brava des del mar. Aprendr\u00e0s a navegar i els secrets de l'Escala. Nivell B\u00e0sic\",\"breadcrumb\":{\"@id\":\"https:\\\/\\\/nauticescala.com\\\/activitats-costa-brava\\\/sessio-guiada-vela-creuer-10\\\/#breadcrumb\"},\"inLanguage\":\"fr-FR\",\"potentialAction\":[{\"@type\":\"ReadAction\",\"target\":[\"https:\\\/\\\/nauticescala.com\\\/activitats-costa-brava\\\/sessio-guiada-vela-creuer-10\\\/\"]}]},{\"@type\":\"ImageObject\",\"inLanguage\":\"fr-FR\",\"@id\":\"https:\\\/\\\/nauticescala.com\\\/activitats-costa-brava\\\/sessio-guiada-vela-creuer-10\\\/#primaryimage\",\"url\":\"https:\\\/\\\/nauticescala.com\\\/wp-content\\\/uploads\\\/2020\\\/02\\\/30a192dc-98f5-4a73-8c79-9117ef600b41.jpeg\",\"contentUrl\":\"https:\\\/\\\/nauticescala.com\\\/wp-content\\\/uploads\\\/2020\\\/02\\\/30a192dc-98f5-4a73-8c79-9117ef600b41.jpeg\",\"width\":1024,\"height\":515},{\"@type\":\"BreadcrumbList\",\"@id\":\"https:\\\/\\\/nauticescala.com\\\/activitats-costa-brava\\\/sessio-guiada-vela-creuer-10\\\/#breadcrumb\",\"itemListElement\":[{\"@type\":\"ListItem\",\"position\":1,\"name\":\"Home\",\"item\":\"https:\\\/\\\/nauticescala.com\\\/fr\\\/\"},{\"@type\":\"ListItem\",\"position\":2,\"name\":\"Reservez votre activit\u00e9s sur la Costa Brava\",\"item\":\"https:\\\/\\\/nauticescala.com\\\/fr\\\/reservez-votre-activites-sur-la-costa-brava\\\/\"},{\"@type\":\"ListItem\",\"position\":3,\"name\":\"Sessi\u00f3 Guiada Vela Creuer\"}]},{\"@type\":\"WebSite\",\"@id\":\"https:\\\/\\\/nauticescala.com\\\/#website\",\"url\":\"https:\\\/\\\/nauticescala.com\\\/\",\"name\":\"Club N\u00e0utic L\u2019Escala\",\"description\":\"Port esportiu a la Costa Brava\",\"potentialAction\":[{\"@type\":\"SearchAction\",\"target\":{\"@type\":\"EntryPoint\",\"urlTemplate\":\"https:\\\/\\\/nauticescala.com\\\/?s={search_term_string}\"},\"query-input\":{\"@type\":\"PropertyValueSpecification\",\"valueRequired\":true,\"valueName\":\"search_term_string\"}}],\"inLanguage\":\"fr-FR\"}]}<\/script>\n<!-- \/ Yoast SEO Premium plugin. -->","yoast_head_json":{"title":"Sessi\u00f3 Guiada Vela Creuer &#8211; Club N\u00e0utic L\u2019Escala","description":"Excursions a vela amb fam\u00edlia descobrir l'Escala i la Costa Brava des del mar. Aprendr\u00e0s a navegar i els secrets de l'Escala. Nivell B\u00e0sic","robots":{"index":"index","follow":"follow","max-snippet":"max-snippet:-1","max-image-preview":"max-image-preview:large","max-video-preview":"max-video-preview:-1"},"canonical":"https:\/\/nauticescala.com\/activitats-costa-brava\/sessio-guiada-vela-creuer-10\/","og_locale":"fr_FR","og_type":"article","og_title":"Sessi\u00f3 Guiada Vela Creuer","og_description":"Excursions a vela amb fam\u00edlia descobrir l'Escala i la Costa Brava des del mar. Aprendr\u00e0s a navegar i els secrets de l'Escala. Nivell B\u00e0sic","og_url":"https:\/\/nauticescala.com\/activitats-costa-brava\/sessio-guiada-vela-creuer-10\/","og_site_name":"Club N\u00e0utic L\u2019Escala","article_modified_time":"2026-03-15T21:10:28+00:00","og_image":[{"width":1024,"height":515,"url":"https:\/\/nauticescala.com\/wp-content\/uploads\/2020\/02\/30a192dc-98f5-4a73-8c79-9117ef600b41.jpeg","type":"image\/jpeg"}],"twitter_card":"summary_large_image","twitter_misc":{"Dur\u00e9e de lecture estim\u00e9e":"3 minutes"},"schema":{"@context":"https:\/\/schema.org","@graph":[{"@type":"WebPage","@id":"https:\/\/nauticescala.com\/activitats-costa-brava\/sessio-guiada-vela-creuer-10\/","url":"https:\/\/nauticescala.com\/activitats-costa-brava\/sessio-guiada-vela-creuer-10\/","name":"Sessi\u00f3 Guiada Vela Creuer &#8211; Club N\u00e0utic L\u2019Escala","isPartOf":{"@id":"https:\/\/nauticescala.com\/#website"},"primaryImageOfPage":{"@id":"https:\/\/nauticescala.com\/activitats-costa-brava\/sessio-guiada-vela-creuer-10\/#primaryimage"},"image":{"@id":"https:\/\/nauticescala.com\/activitats-costa-brava\/sessio-guiada-vela-creuer-10\/#primaryimage"},"thumbnailUrl":"https:\/\/nauticescala.com\/wp-content\/uploads\/2020\/02\/30a192dc-98f5-4a73-8c79-9117ef600b41.jpeg","datePublished":"2026-03-10T17:10:30+00:00","dateModified":"2026-03-15T21:10:28+00:00","description":"Excursions a vela amb fam\u00edlia descobrir l'Escala i la Costa Brava des del mar. Aprendr\u00e0s a navegar i els secrets de l'Escala. Nivell B\u00e0sic","breadcrumb":{"@id":"https:\/\/nauticescala.com\/activitats-costa-brava\/sessio-guiada-vela-creuer-10\/#breadcrumb"},"inLanguage":"fr-FR","potentialAction":[{"@type":"ReadAction","target":["https:\/\/nauticescala.com\/activitats-costa-brava\/sessio-guiada-vela-creuer-10\/"]}]},{"@type":"ImageObject","inLanguage":"fr-FR","@id":"https:\/\/nauticescala.com\/activitats-costa-brava\/sessio-guiada-vela-creuer-10\/#primaryimage","url":"https:\/\/nauticescala.com\/wp-content\/uploads\/2020\/02\/30a192dc-98f5-4a73-8c79-9117ef600b41.jpeg","contentUrl":"https:\/\/nauticescala.com\/wp-content\/uploads\/2020\/02\/30a192dc-98f5-4a73-8c79-9117ef600b41.jpeg","width":1024,"height":515},{"@type":"BreadcrumbList","@id":"https:\/\/nauticescala.com\/activitats-costa-brava\/sessio-guiada-vela-creuer-10\/#breadcrumb","itemListElement":[{"@type":"ListItem","position":1,"name":"Home","item":"https:\/\/nauticescala.com\/fr\/"},{"@type":"ListItem","position":2,"name":"Reservez votre activit\u00e9s sur la Costa Brava","item":"https:\/\/nauticescala.com\/fr\/reservez-votre-activites-sur-la-costa-brava\/"},{"@type":"ListItem","position":3,"name":"Sessi\u00f3 Guiada Vela Creuer"}]},{"@type":"WebSite","@id":"https:\/\/nauticescala.com\/#website","url":"https:\/\/nauticescala.com\/","name":"Club N\u00e0utic L\u2019Escala","description":"Port esportiu a la Costa Brava","potentialAction":[{"@type":"SearchAction","target":{"@type":"EntryPoint","urlTemplate":"https:\/\/nauticescala.com\/?s={search_term_string}"},"query-input":{"@type":"PropertyValueSpecification","valueRequired":true,"valueName":"search_term_string"}}],"inLanguage":"fr-FR"}]}},"_links":{"self":[{"href":"https:\/\/nauticescala.com\/fr\/wp-json\/wp\/v2\/product\/97843","targetHints":{"allow":["GET"]}}],"collection":[{"href":"https:\/\/nauticescala.com\/fr\/wp-json\/wp\/v2\/product"}],"about":[{"href":"https:\/\/nauticescala.com\/fr\/wp-json\/wp\/v2\/types\/product"}],"wp:featuredmedia":[{"embeddable":true,"href":"https:\/\/nauticescala.com\/fr\/wp-json\/wp\/v2\/media\/97838"}],"wp:attachment":[{"href":"https:\/\/nauticescala.com\/fr\/wp-json\/wp\/v2\/media?parent=97843"}],"wp:term":[{"taxonomy":"product_brand","embeddable":true,"href":"https:\/\/nauticescala.com\/fr\/wp-json\/wp\/v2\/product_brand?post=97843"},{"taxonomy":"product_cat","embeddable":true,"href":"https:\/\/nauticescala.com\/fr\/wp-json\/wp\/v2\/product_cat?post=97843"},{"taxonomy":"product_tag","embeddable":true,"href":"https:\/\/nauticescala.com\/fr\/wp-json\/wp\/v2\/product_tag?post=97843"},{"taxonomy":"activity_type","embeddable":true,"href":"https:\/\/nauticescala.com\/fr\/wp-json\/wp\/v2\/activity_type?post=97843"},{"taxonomy":"level","embeddable":true,"href":"https:\/\/nauticescala.com\/fr\/wp-json\/wp\/v2\/level?post=97843"},{"taxonomy":"age","embeddable":true,"href":"https:\/\/nauticescala.com\/fr\/wp-json\/wp\/v2\/age?post=97843"},{"taxonomy":"modality","embeddable":true,"href":"https:\/\/nauticescala.com\/fr\/wp-json\/wp\/v2\/modality?post=97843"},{"taxonomy":"payment_method","embeddable":true,"href":"https:\/\/nauticescala.com\/fr\/wp-json\/wp\/v2\/payment_method?post=97843"}],"curies":[{"name":"wp","href":"https:\/\/api.w.org\/{rel}","templated":true}]}}